{"id":1134,"date":"2018-10-09T16:34:20","date_gmt":"2018-10-09T14:34:20","guid":{"rendered":"https:\/\/www.guidaimpianti.eu\/azienda\/"},"modified":"2025-04-18T12:59:23","modified_gmt":"2025-04-18T10:59:23","slug":"azienda","status":"publish","type":"page","link":"https:\/\/guidaimpianti.com\/de\/azienda\/","title":{"rendered":"Unternehmen"},"content":{"rendered":"<p>[vc_row full_width=&#8220;stretch_row_content&#8220; content_placement=&#8220;middle&#8220; bg_type=&#8220;image&#8220; css=&#8220;.vc_custom_1744973954986{background-image: url(http:\/\/guidaimpianti.com\/wp-content\/uploads\/2018\/12\/Foto-Sfondo-Azienda.jpg?id=1365) !important;background-position: center !important;background-repeat: no-repeat !important;background-size: cover !important;}&#8220;][vc_column]<div class=\"ult-spacer spacer-69ea2e2f6d1a8\" data-id=\"69ea2e2f6d1a8\" data-height=\"280\" data-height-mobile=\"145\" data-height-tab=\"\" data-height-tab-portrait=\"\" data-height-mobile-landscape=\"145\" style=\"clear:both;display:block;\"><\/div><div id=\"ultimate-heading-74069ea2e2f6d2a5\" class=\"uvc-heading ult-adjust-bottom-margin ultimate-heading-74069ea2e2f6d2a5 uvc-1123 \" data-hspacer=\"no_spacer\"  data-halign=\"center\" style=\"text-align:center\"><div class=\"uvc-heading-spacer no_spacer\" style=\"top\"><\/div><div class=\"uvc-main-heading ult-responsive\"  data-ultimate-target='.uvc-heading.ultimate-heading-74069ea2e2f6d2a5 h2'  data-responsive-json-new='{\"font-size\":\"desktop:30px;\",\"line-height\":\"\"}' ><h2 style=\"font-family:&#039;Lato&#039;;font-weight:700;color:#ffffff;\">UNTERNEHMEN<\/h2><\/div><\/div><div class=\"ult-spacer spacer-69ea2e2f6d35c\" data-id=\"69ea2e2f6d35c\" data-height=\"155\" data-height-mobile=\"105\" data-height-tab=\"\" data-height-tab-portrait=\"\" data-height-mobile-landscape=\"105\" style=\"clear:both;display:block;\"><\/div>[\/vc_column][\/vc_row][vc_row full_width=&#8220;stretch_row_content&#8220; css=&#8220;.vc_custom_1539781240512{margin-top: -20px !important;background-position: center !important;background-repeat: no-repeat !important;background-size: cover !important;}&#8220;][vc_column width=&#8220;1\/6&#8243;][\/vc_column][vc_column width=&#8220;2\/3&#8243;]<div class=\"ult-spacer spacer-69ea2e2f6d3a8\" data-id=\"69ea2e2f6d3a8\" data-height=\"40\" data-height-mobile=\"0\" data-height-tab=\"\" data-height-tab-portrait=\"\" data-height-mobile-landscape=\"0\" style=\"clear:both;display:block;\"><\/div><div id=\"ultimate-heading-706069ea2e2f6d421\" class=\"uvc-heading ult-adjust-bottom-margin ultimate-heading-706069ea2e2f6d421 uvc-9529 testo-giustificato\" data-hspacer=\"no_spacer\"  data-halign=\"center\" style=\"text-align:center\"><div class=\"uvc-heading-spacer no_spacer\" style=\"top\"><\/div><div class=\"uvc-sub-heading ult-responsive\"  data-ultimate-target='.uvc-heading.ultimate-heading-706069ea2e2f6d421 .uvc-sub-heading '  data-responsive-json-new='{\"font-size\":\"desktop:18px;\",\"line-height\":\"\"}'  style=\"font-family:&#039;Lato&#039;;font-weight:300;color:#000000;\">Guida Impianti SpA ist seit \u00fcber 50 Jahren Spezialist f\u00fcr die <strong>Herstellung komplexer Anlagen zur Veredelung von Stahl- und Leichtmetallb\u00e4ndern<\/strong> (Coilverarbeitung).<\/p>\n<p>Ein italienisches Unternehmen, das zum Investmentfonds APE SGR geh\u00f6rt, verf\u00fcgt \u00fcber zwei Produktionsst\u00e4tten im Mail\u00e4nder Hinterland und eine vertikale interne Organisation (Engineering, Bau und interne Verarbeitung, Installation und Inbetriebnahme), um einen komplett schl\u00fcsselfertigen Service anzubieten.<\/p>\n<p><strong>Der installierte Fuhrpark besteht aus mehr als 700 Linien<\/strong> und Einzelmaschinen der wichtigsten Akteure der Stahlindustrie weltweit, mit typischen Anwendungen in Stahlwerken, Servicezentren, Anlagen, Rohren und Profilen.<\/p>\n<p>Wir k\u00f6nnen die Produkte in L\u00e4ngs- und Querteilanlagen, den dazugeh\u00f6rigen Verpackungsanlagen, Coil-Profilanlagen, Einzelmaschinen in verschiedenen Stahlprozessen (Beizen, Walzwerke, Rohrwerke) synthetisieren.<\/div><\/div><div class=\"ult-spacer spacer-69ea2e2f6d4b4\" data-id=\"69ea2e2f6d4b4\" data-height=\"20\" data-height-mobile=\"20\" data-height-tab=\"20\" data-height-tab-portrait=\"\" data-height-mobile-landscape=\"\" style=\"clear:both;display:block;\"><\/div><div class=\" ubtn-ctn-center \"><a class=\"ubtn-link ult-adjust-bottom-margin ubtn-center ubtn-normal \" href=\"http:\/\/guidaimpianti.com\/wp-content\/uploads\/2018\/10\/GUIDA-IMPIANTI-ted_rus.pdf\" target=\"_blank\" rel=\"noopener\" ><button type=\"button\" id=\"ubtn-3442\"  class=\"ubtn ult-adjust-bottom-margin ult-responsive ubtn-normal ubtn-no-hover-bg  none  ubtn-sep-icon ubtn-sep-icon-bottom-push  ubtn-center   tooltip-69ea2e2f6d53f\"  data-hover=\"\" data-border-color=\"\" data-bg=\"#198c50\" data-hover-bg=\"\" data-border-hover=\"\" data-shadow-hover=\"\" data-shadow-click=\"none\" data-shadow=\"\" data-shd-shadow=\"\"  data-ultimate-target='#ubtn-3442'  data-responsive-json-new='{\"font-size\":\"desktop:18px;\",\"line-height\":\"\"}'  style=\"font-family:&#039;Lato&#039;;font-weight:700;border:none;background: #198c50;color: #ffffff;\"><span class=\"ubtn-data ubtn-icon\"><i class=\"Defaults-newspaper-o\" style=\"font-size:30px;color:;\"><\/i><\/span><span class=\"ubtn-hover\" style=\"background-color:\"><\/span><span class=\"ubtn-data ubtn-text \" >PDF herunterladen<\/span><\/button><\/a><\/div><div class=\"ult-spacer spacer-69ea2e2f6d62f\" data-id=\"69ea2e2f6d62f\" data-height=\"40\" data-height-mobile=\"40\" data-height-tab=\"40\" data-height-tab-portrait=\"\" data-height-mobile-landscape=\"\" style=\"clear:both;display:block;\"><\/div>[vc_row_inner][vc_column_inner width=&#8220;1\/2&#8243;][vc_single_image img_size=&#8220;full&#8220; alignment=&#8220;center&#8220; onclick=&#8220;custom_link&#8220; image=&#8220;id^1477|url^http:\/\/guidaimpianti.com\/wp-content\/uploads\/2018\/12\/165A4790.jpg|caption^null|alt^null|title^165A4790|description^null&#8220; link=&#8220;http:\/\/guidaimpianti.com\/wp-content\/uploads\/2018\/12\/165A4790.jpg&#8220;][\/vc_column_inner][vc_column_inner width=&#8220;1\/2&#8243;][vc_single_image img_size=&#8220;full&#8220; alignment=&#8220;center&#8220; onclick=&#8220;custom_link&#8220; image=&#8220;id^1312|url^http:\/\/guidaimpianti.com\/wp-content\/uploads\/2018\/11\/165A4718.jpg|caption^null|alt^null|title^165A4718|description^null&#8220; link=&#8220;http:\/\/guidaimpianti.com\/wp-content\/uploads\/2018\/11\/165A4718.jpg&#8220;][\/vc_column_inner][\/vc_row_inner]<div class=\"ult-spacer spacer-69ea2e2f6d670\" data-id=\"69ea2e2f6d670\" data-height=\"40\" data-height-mobile=\"0\" data-height-tab=\"\" data-height-tab-portrait=\"\" data-height-mobile-landscape=\"0\" style=\"clear:both;display:block;\"><\/div>[\/vc_column][vc_column width=&#8220;1\/6&#8243;][\/vc_column][\/vc_row]<\/p>\n","protected":false},"excerpt":{"rendered":"<p>[vc_row full_width=&#8220;stretch_row_content&#8220; content_placement=&#8220;middle&#8220; bg_type=&#8220;image&#8220; css=&#8220;.vc_custom_1744973954986{background-image: url(http:\/\/guidaimpianti.com\/wp-content\/uploads\/2018\/12\/Foto-Sfondo-Azienda.jpg?id=1365) !important;background-position: center !important;background-repeat: no-repeat !important;background-size: cover !important;}&#8220;][vc_column][\/vc_column][\/vc_row][vc_row full_width=&#8220;stretch_row_content&#8220; css=&#8220;.vc_custom_1539781240512{margin-top: -20px !important;background-position: center !important;background-repeat: no-repeat !important;background-size: cover !important;}&#8220;][vc_column width=&#8220;1\/6&#8243;][\/vc_column][vc_column width=&#8220;2\/3&#8243;][vc_row_inner][vc_column_inner width=&#8220;1\/2&#8243;][vc_single_image img_size=&#8220;full&#8220; alignment=&#8220;center&#8220; onclick=&#8220;custom_link&#8220; image=&#8220;id^1477|url^http:\/\/guidaimpianti.com\/wp-content\/uploads\/2018\/12\/165A4790.jpg|caption^null|alt^null|title^165A4790|description^null&#8220; link=&#8220;http:\/\/guidaimpianti.com\/wp-content\/uploads\/2018\/12\/165A4790.jpg&#8220;][\/vc_column_inner][vc_column_inner width=&#8220;1\/2&#8243;][vc_single_image img_size=&#8220;full&#8220; alignment=&#8220;center&#8220; onclick=&#8220;custom_link&#8220; image=&#8220;id^1312|url^http:\/\/guidaimpianti.com\/wp-content\/uploads\/2018\/11\/165A4718.jpg|caption^null|alt^null|title^165A4718|description^null&#8220; link=&#8220;http:\/\/guidaimpianti.com\/wp-content\/uploads\/2018\/11\/165A4718.jpg&#8220;][\/vc_column_inner][\/vc_row_inner][\/vc_column][vc_column width=&#8220;1\/6&#8243;][\/vc_column][\/vc_row]<\/p>\n","protected":false},"author":3,"featured_media":0,"parent":0,"menu_order":10,"comment_status":"closed","ping_status":"closed","template":"","meta":{"footnotes":""},"class_list":["post-1134","page","type-page","status-publish","hentry"],"yoast_head":"<!-- This site is optimized with the Yoast SEO plugin v27.4 - https:\/\/yoast.com\/product\/yoast-seo-wordpress\/ -->\n<title>Unternehmen | Guida Engeneering<\/title>\n<meta name=\"robots\" content=\"index, follow, max-snippet:-1, max-image-preview:large, max-video-preview:-1\" \/>\n<link rel=\"canonical\" href=\"https:\/\/guidaimpianti.com\/de\/azienda\/\" \/>\n<meta property=\"og:locale\" content=\"de_DE\" \/>\n<meta property=\"og:type\" content=\"article\" \/>\n<meta property=\"og:title\" content=\"Unternehmen | Guida Engeneering\" \/>\n<meta property=\"og:description\" content=\"[vc_row full_width=&#8220;stretch_row_content&#8220; content_placement=&#8220;middle&#8220; bg_type=&#8220;image&#8220; css=&#8220;.vc_custom_1744973954986{background-image: url(http:\/\/guidaimpianti.com\/wp-content\/uploads\/2018\/12\/Foto-Sfondo-Azienda.jpg?id=1365) !important;background-position: center !important;background-repeat: no-repeat !important;background-size: cover !important;}&#8220;][vc_column][\/vc_column][\/vc_row][vc_row full_width=&#8220;stretch_row_content&#8220; css=&#8220;.vc_custom_1539781240512{margin-top: -20px !important;background-position: center !important;background-repeat: no-repeat !important;background-size: cover !important;}&#8220;][vc_column width=&#8220;1\/6&#8243;][\/vc_column][vc_column width=&#8220;2\/3&#8243;][vc_row_inner][vc_column_inner width=&#8220;1\/2&#8243;][vc_single_image img_size=&#8220;full&#8220; alignment=&#8220;center&#8220; onclick=&#8220;custom_link&#8220; image=&#8220;id^1477|url^http:\/\/guidaimpianti.com\/wp-content\/uploads\/2018\/12\/165A4790.jpg|caption^null|alt^null|title^165A4790|description^null&#8220; link=&#8220;http:\/\/guidaimpianti.com\/wp-content\/uploads\/2018\/12\/165A4790.jpg&#8220;][\/vc_column_inner][vc_column_inner width=&#8220;1\/2&#8243;][vc_single_image img_size=&#8220;full&#8220; alignment=&#8220;center&#8220; onclick=&#8220;custom_link&#8220; image=&#8220;id^1312|url^http:\/\/guidaimpianti.com\/wp-content\/uploads\/2018\/11\/165A4718.jpg|caption^null|alt^null|title^165A4718|description^null&#8220; link=&#8220;http:\/\/guidaimpianti.com\/wp-content\/uploads\/2018\/11\/165A4718.jpg&#8220;][\/vc_column_inner][\/vc_row_inner][\/vc_column][vc_column width=&#8220;1\/6&#8243;][\/vc_column][\/vc_row]\" \/>\n<meta property=\"og:url\" content=\"https:\/\/guidaimpianti.com\/de\/azienda\/\" \/>\n<meta property=\"og:site_name\" content=\"Guida Engeneering\" \/>\n<meta property=\"article:modified_time\" content=\"2025-04-18T10:59:23+00:00\" \/>\n<meta name=\"twitter:card\" content=\"summary_large_image\" \/>\n<meta name=\"twitter:label1\" content=\"Gesch\u00e4tzte Lesezeit\" \/>\n\t<meta name=\"twitter:data1\" content=\"3\u00a0Minuten\" \/>\n<script type=\"application\/ld+json\" class=\"yoast-schema-graph\">{\"@context\":\"https:\\\/\\\/schema.org\",\"@graph\":[{\"@type\":\"WebPage\",\"@id\":\"https:\\\/\\\/guidaimpianti.com\\\/de\\\/azienda\\\/\",\"url\":\"https:\\\/\\\/guidaimpianti.com\\\/de\\\/azienda\\\/\",\"name\":\"Unternehmen | Guida Engeneering\",\"isPartOf\":{\"@id\":\"https:\\\/\\\/guidaimpianti.com\\\/#website\"},\"datePublished\":\"2018-10-09T14:34:20+00:00\",\"dateModified\":\"2025-04-18T10:59:23+00:00\",\"breadcrumb\":{\"@id\":\"https:\\\/\\\/guidaimpianti.com\\\/de\\\/azienda\\\/#breadcrumb\"},\"inLanguage\":\"de\",\"potentialAction\":[{\"@type\":\"ReadAction\",\"target\":[\"https:\\\/\\\/guidaimpianti.com\\\/de\\\/azienda\\\/\"]}]},{\"@type\":\"BreadcrumbList\",\"@id\":\"https:\\\/\\\/guidaimpianti.com\\\/de\\\/azienda\\\/#breadcrumb\",\"itemListElement\":[{\"@type\":\"ListItem\",\"position\":1,\"name\":\"Home\",\"item\":\"https:\\\/\\\/guidaimpianti.com\\\/de\\\/\"},{\"@type\":\"ListItem\",\"position\":2,\"name\":\"Unternehmen\"}]},{\"@type\":\"WebSite\",\"@id\":\"https:\\\/\\\/guidaimpianti.com\\\/#website\",\"url\":\"https:\\\/\\\/guidaimpianti.com\\\/\",\"name\":\"Guida Engeneering\",\"description\":\"\",\"potentialAction\":[{\"@type\":\"SearchAction\",\"target\":{\"@type\":\"EntryPoint\",\"urlTemplate\":\"https:\\\/\\\/guidaimpianti.com\\\/?s={search_term_string}\"},\"query-input\":{\"@type\":\"PropertyValueSpecification\",\"valueRequired\":true,\"valueName\":\"search_term_string\"}}],\"inLanguage\":\"de\"}]}<\/script>\n<!-- \/ Yoast SEO plugin. -->","yoast_head_json":{"title":"Unternehmen | Guida Engeneering","robots":{"index":"index","follow":"follow","max-snippet":"max-snippet:-1","max-image-preview":"max-image-preview:large","max-video-preview":"max-video-preview:-1"},"canonical":"https:\/\/guidaimpianti.com\/de\/azienda\/","og_locale":"de_DE","og_type":"article","og_title":"Unternehmen | Guida Engeneering","og_description":"[vc_row full_width=&#8220;stretch_row_content&#8220; content_placement=&#8220;middle&#8220; bg_type=&#8220;image&#8220; css=&#8220;.vc_custom_1744973954986{background-image: url(http:\/\/guidaimpianti.com\/wp-content\/uploads\/2018\/12\/Foto-Sfondo-Azienda.jpg?id=1365) !important;background-position: center !important;background-repeat: no-repeat !important;background-size: cover !important;}&#8220;][vc_column][\/vc_column][\/vc_row][vc_row full_width=&#8220;stretch_row_content&#8220; css=&#8220;.vc_custom_1539781240512{margin-top: -20px !important;background-position: center !important;background-repeat: no-repeat !important;background-size: cover !important;}&#8220;][vc_column width=&#8220;1\/6&#8243;][\/vc_column][vc_column width=&#8220;2\/3&#8243;][vc_row_inner][vc_column_inner width=&#8220;1\/2&#8243;][vc_single_image img_size=&#8220;full&#8220; alignment=&#8220;center&#8220; onclick=&#8220;custom_link&#8220; image=&#8220;id^1477|url^http:\/\/guidaimpianti.com\/wp-content\/uploads\/2018\/12\/165A4790.jpg|caption^null|alt^null|title^165A4790|description^null&#8220; link=&#8220;http:\/\/guidaimpianti.com\/wp-content\/uploads\/2018\/12\/165A4790.jpg&#8220;][\/vc_column_inner][vc_column_inner width=&#8220;1\/2&#8243;][vc_single_image img_size=&#8220;full&#8220; alignment=&#8220;center&#8220; onclick=&#8220;custom_link&#8220; image=&#8220;id^1312|url^http:\/\/guidaimpianti.com\/wp-content\/uploads\/2018\/11\/165A4718.jpg|caption^null|alt^null|title^165A4718|description^null&#8220; link=&#8220;http:\/\/guidaimpianti.com\/wp-content\/uploads\/2018\/11\/165A4718.jpg&#8220;][\/vc_column_inner][\/vc_row_inner][\/vc_column][vc_column width=&#8220;1\/6&#8243;][\/vc_column][\/vc_row]","og_url":"https:\/\/guidaimpianti.com\/de\/azienda\/","og_site_name":"Guida Engeneering","article_modified_time":"2025-04-18T10:59:23+00:00","twitter_card":"summary_large_image","twitter_misc":{"Gesch\u00e4tzte Lesezeit":"3\u00a0Minuten"},"schema":{"@context":"https:\/\/schema.org","@graph":[{"@type":"WebPage","@id":"https:\/\/guidaimpianti.com\/de\/azienda\/","url":"https:\/\/guidaimpianti.com\/de\/azienda\/","name":"Unternehmen | Guida Engeneering","isPartOf":{"@id":"https:\/\/guidaimpianti.com\/#website"},"datePublished":"2018-10-09T14:34:20+00:00","dateModified":"2025-04-18T10:59:23+00:00","breadcrumb":{"@id":"https:\/\/guidaimpianti.com\/de\/azienda\/#breadcrumb"},"inLanguage":"de","potentialAction":[{"@type":"ReadAction","target":["https:\/\/guidaimpianti.com\/de\/azienda\/"]}]},{"@type":"BreadcrumbList","@id":"https:\/\/guidaimpianti.com\/de\/azienda\/#breadcrumb","itemListElement":[{"@type":"ListItem","position":1,"name":"Home","item":"https:\/\/guidaimpianti.com\/de\/"},{"@type":"ListItem","position":2,"name":"Unternehmen"}]},{"@type":"WebSite","@id":"https:\/\/guidaimpianti.com\/#website","url":"https:\/\/guidaimpianti.com\/","name":"Guida Engeneering","description":"","potentialAction":[{"@type":"SearchAction","target":{"@type":"EntryPoint","urlTemplate":"https:\/\/guidaimpianti.com\/?s={search_term_string}"},"query-input":{"@type":"PropertyValueSpecification","valueRequired":true,"valueName":"search_term_string"}}],"inLanguage":"de"}]}},"_links":{"self":[{"href":"https:\/\/guidaimpianti.com\/de\/wp-json\/wp\/v2\/pages\/1134","targetHints":{"allow":["GET"]}}],"collection":[{"href":"https:\/\/guidaimpianti.com\/de\/wp-json\/wp\/v2\/pages"}],"about":[{"href":"https:\/\/guidaimpianti.com\/de\/wp-json\/wp\/v2\/types\/page"}],"author":[{"embeddable":true,"href":"https:\/\/guidaimpianti.com\/de\/wp-json\/wp\/v2\/users\/3"}],"replies":[{"embeddable":true,"href":"https:\/\/guidaimpianti.com\/de\/wp-json\/wp\/v2\/comments?post=1134"}],"version-history":[{"count":10,"href":"https:\/\/guidaimpianti.com\/de\/wp-json\/wp\/v2\/pages\/1134\/revisions"}],"predecessor-version":[{"id":1675,"href":"https:\/\/guidaimpianti.com\/de\/wp-json\/wp\/v2\/pages\/1134\/revisions\/1675"}],"wp:attachment":[{"href":"https:\/\/guidaimpianti.com\/de\/wp-json\/wp\/v2\/media?parent=1134"}],"curies":[{"name":"wp","href":"https:\/\/api.w.org\/{rel}","templated":true}]}}