{"id":1136,"date":"2017-07-31T15:07:42","date_gmt":"2017-07-31T13:07:42","guid":{"rendered":"https:\/\/www.guidaimpianti.eu\/slitter\/"},"modified":"2018-12-05T10:49:46","modified_gmt":"2018-12-05T09:49:46","slug":"slitter","status":"publish","type":"page","link":"https:\/\/guidaimpianti.com\/de\/slitter\/","title":{"rendered":"L\u00e4ngsteilanlage"},"content":{"rendered":"<p>[vc_row full_width=&#8220;stretch_row_content&#8220; css=&#8220;.vc_custom_1539855753789{background-image: url(http:\/\/guidaimpianti.com\/wp-content\/uploads\/2018\/10\/prodotti_Slitter-linea-completa-4-mm_VERDExPAGINA.jpg?id=529) !important;background-position: center !important;background-repeat: no-repeat !important;background-size: cover !important;}&#8220;][vc_column]<div class=\"ult-spacer spacer-69ea16ad38d57\" data-id=\"69ea16ad38d57\" data-height=\"280\" data-height-mobile=\"145\" data-height-tab=\"\" data-height-tab-portrait=\"\" data-height-mobile-landscape=\"145\" style=\"clear:both;display:block;\"><\/div><div id=\"ultimate-heading-119469ea16ad38e0a\" class=\"uvc-heading ult-adjust-bottom-margin ultimate-heading-119469ea16ad38e0a uvc-8347 \" data-hspacer=\"no_spacer\"  data-halign=\"center\" style=\"text-align:center\"><div class=\"uvc-heading-spacer no_spacer\" style=\"top\"><\/div><div class=\"uvc-main-heading ult-responsive\"  data-ultimate-target='.uvc-heading.ultimate-heading-119469ea16ad38e0a h2'  data-responsive-json-new='{\"font-size\":\"desktop:30px;\",\"line-height\":\"\"}' ><h2 style=\"font-family:&#039;Lato&#039;;font-weight:700;color:#ffffff;\">L\u00c4NGSTEILANLAGE<\/h2><\/div><\/div><div class=\"ult-spacer spacer-69ea16ad38e98\" data-id=\"69ea16ad38e98\" data-height=\"155\" data-height-mobile=\"105\" data-height-tab=\"\" data-height-tab-portrait=\"\" data-height-mobile-landscape=\"105\" style=\"clear:both;display:block;\"><\/div>[\/vc_column][\/vc_row][vc_row full_width=&#8220;stretch_row_content&#8220; content_placement=&#8220;middle&#8220; css=&#8220;.vc_custom_1539782288603{margin-top: -20px !important;background-position: center !important;background-repeat: no-repeat !important;background-size: cover !important;}&#8220;][vc_column width=&#8220;1\/6&#8243;][\/vc_column][vc_column width=&#8220;2\/3&#8243;]<div class=\"ult-spacer spacer-69ea16ad38ede\" data-id=\"69ea16ad38ede\" data-height=\"40\" data-height-mobile=\"0\" data-height-tab=\"\" data-height-tab-portrait=\"\" data-height-mobile-landscape=\"0\" style=\"clear:both;display:block;\"><\/div><div id=\"ultimate-heading-189669ea16ad38f66\" class=\"uvc-heading ult-adjust-bottom-margin ultimate-heading-189669ea16ad38f66 uvc-6612 testo-giustificato\" data-hspacer=\"no_spacer\"  data-halign=\"center\" style=\"text-align:center\"><div class=\"uvc-heading-spacer no_spacer\" style=\"top\"><\/div><div class=\"uvc-sub-heading ult-responsive\"  data-ultimate-target='.uvc-heading.ultimate-heading-189669ea16ad38f66 .uvc-sub-heading '  data-responsive-json-new='{\"font-size\":\"desktop:18px;\",\"line-height\":\"\"}'  style=\"font-family:&#039;Lato&#039;;font-weight:300;\"><strong>Anlagen zur Herstellung von Unterspulen aus Coils verschiedener Metallsorten mit zusammenfassendem Abwickeln, L\u00e4ngsschneiden und kontinuierlichem Aufwickeln.<\/strong><\/p>\n<p><span style=\"color: #008b43;\"><em><strong>Materialien:<\/strong> <\/em><\/span>alle Arten von Stahl, warmgewalzt, kaltgewalzt, verzinkt, gebeizt, ge\u00f6lt.<\/p>\n<p><span style=\"color: #008b43;\"><em><strong>Spezielle Anwendungen:<\/strong><\/em><\/span> hochfeste und dicke St\u00e4hle f\u00fcr Bauanwendungen, geh\u00e4rtete St\u00e4hle, rostfreie Spiegelst\u00e4hle, Aluminium, Leichtmetalle, etc.<\/p>\n<p><span style=\"color: #008b43;\"><strong><em>Blechdicken von 0,1 bis 18 mm:<\/em><\/strong><\/span> Die gr\u00f6\u00dfte Bandbreite an Dicken, die von jeder einzelnen Linie verarbeitet wird k\u00f6nnen, um Flexibilit\u00e4t und \u00fcberlegene Kapazit\u00e4t zu gew\u00e4hrleisten, um dem Endkunden in seinem eigenen Markt zu bieten.<\/p>\n<p><span style=\"color: #008b43;\"><strong><em>Mehr als 50<\/em>:<\/strong> <\/span>die Anzahl der Untercoils, die von jedem einzelnen Coil dank der Erfahrung und des Designs spezifischer Komponenten f\u00fcr die Feinsteuerung des Schneidzyklus, die Handhabung von d\u00fcnnen B\u00e4ndern und die Qualit\u00e4t der Umspulung hergestellt werden k\u00f6nnen.<\/p>\n<p><span style=\"color: #008b43;\"><strong><em>Mehr als 500.000<\/em> Tonnen\/Jahr:<\/strong><\/span> Einhaltung der h\u00f6chsten geforderten Produktivit\u00e4tskapazit\u00e4t mit Hunderttausenden von Tonnen pro Jahr, die f\u00fcr jede einzelne Anlage verarbeitbar sind, dank des unterschiedlichen Automatisierungsgrades, der zur Verf\u00fcgung steht, um Ausfallzeiten zu vermeiden und den Personalaufwand f\u00fcr den Betrieb zu minimieren.<\/p>\n<p><em><strong><span style=\"color: #008b43;\">Integration verschiedener komplement\u00e4rer Systeme wie:<\/span><\/strong><\/em> automatische Systeme zum Entfernen oder Binden der Rollen, Systeme zum Messen der Dicke, Breite der B\u00e4nder, Oberfl\u00e4chenqualit\u00e4t, \u00d6lsysteme, Roboter zum Wechseln der kreisf\u00f6rmigen Scherenmesser, etc.<\/div><\/div><div class=\"ult-spacer spacer-69ea16ad38fda\" data-id=\"69ea16ad38fda\" data-height=\"20\" data-height-mobile=\"20\" data-height-tab=\"20\" data-height-tab-portrait=\"\" data-height-mobile-landscape=\"\" style=\"clear:both;display:block;\"><\/div>[vc_row_inner][vc_column_inner width=&#8220;1\/2&#8243;][vc_single_image img_size=&#8220;full&#8220; alignment=&#8220;center&#8220; onclick=&#8220;custom_link&#8220; image=&#8220;id^1487|url^http:\/\/guidaimpianti.com\/wp-content\/uploads\/2018\/12\/165A4821.jpg|caption^null|alt^null|title^165A4821|description^null&#8220; link=&#8220;http:\/\/guidaimpianti.com\/wp-content\/uploads\/2018\/12\/165A4821.jpg&#8220;][\/vc_column_inner][vc_column_inner width=&#8220;1\/2&#8243;][vc_single_image img_size=&#8220;full&#8220; alignment=&#8220;center&#8220; onclick=&#8220;custom_link&#8220; image=&#8220;id^1440|url^http:\/\/guidaimpianti.com\/wp-content\/uploads\/2018\/12\/SLITTER-4.jpg|caption^null|alt^null|title^SLITTER-4|description^null&#8220; link=&#8220;http:\/\/guidaimpianti.com\/wp-content\/uploads\/2018\/12\/SLITTER-4.jpg&#8220;][\/vc_column_inner][\/vc_row_inner][vc_row_inner][vc_column_inner width=&#8220;1\/2&#8243;][vc_single_image img_size=&#8220;full&#8220; alignment=&#8220;center&#8220; onclick=&#8220;custom_link&#8220; image=&#8220;id^733|url^http:\/\/guidaimpianti.com\/wp-content\/uploads\/2018\/10\/Slitter-linea-completa-4-mm-1.jpg|caption^null|alt^null|title^Slitter&#8212;linea-completa-4-mm|description^null&#8220; link=&#8220;http:\/\/guidaimpianti.com\/wp-content\/uploads\/2018\/10\/Slitter-linea-completa-4-mm-1.jpg&#8220;][\/vc_column_inner][vc_column_inner width=&#8220;1\/2&#8243;][vc_single_image img_size=&#8220;full&#8220; alignment=&#8220;center&#8220; onclick=&#8220;custom_link&#8220; image=&#8220;id^1497|url^http:\/\/guidaimpianti.com\/wp-content\/uploads\/2018\/12\/165A4864.jpg|caption^null|alt^null|title^165A4864|description^null&#8220; link=&#8220;http:\/\/guidaimpianti.com\/wp-content\/uploads\/2018\/12\/165A4864.jpg&#8220;][\/vc_column_inner][\/vc_row_inner]<div class=\"ult-spacer spacer-69ea16ad39014\" data-id=\"69ea16ad39014\" data-height=\"40\" data-height-mobile=\"0\" data-height-tab=\"\" data-height-tab-portrait=\"\" data-height-mobile-landscape=\"0\" style=\"clear:both;display:block;\"><\/div>[\/vc_column][vc_column width=&#8220;1\/6&#8243;][\/vc_column][\/vc_row]<\/p>\n","protected":false},"excerpt":{"rendered":"<p>[vc_row full_width=&#8220;stretch_row_content&#8220; css=&#8220;.vc_custom_1539855753789{background-image: url(http:\/\/guidaimpianti.com\/wp-content\/uploads\/2018\/10\/prodotti_Slitter-linea-completa-4-mm_VERDExPAGINA.jpg?id=529) !important;background-position: center !important;background-repeat: no-repeat !important;background-size: cover !important;}&#8220;][vc_column][\/vc_column][\/vc_row][vc_row full_width=&#8220;stretch_row_content&#8220; content_placement=&#8220;middle&#8220; css=&#8220;.vc_custom_1539782288603{margin-top: -20px !important;background-position: center !important;background-repeat: no-repeat !important;background-size: cover !important;}&#8220;][vc_column width=&#8220;1\/6&#8243;][\/vc_column][vc_column width=&#8220;2\/3&#8243;][vc_row_inner][vc_column_inner width=&#8220;1\/2&#8243;][vc_single_image img_size=&#8220;full&#8220; alignment=&#8220;center&#8220; onclick=&#8220;custom_link&#8220; image=&#8220;id^1487|url^http:\/\/guidaimpianti.com\/wp-content\/uploads\/2018\/12\/165A4821.jpg|caption^null|alt^null|title^165A4821|description^null&#8220; link=&#8220;http:\/\/guidaimpianti.com\/wp-content\/uploads\/2018\/12\/165A4821.jpg&#8220;][\/vc_column_inner][vc_column_inner width=&#8220;1\/2&#8243;][vc_single_image img_size=&#8220;full&#8220; alignment=&#8220;center&#8220; onclick=&#8220;custom_link&#8220; image=&#8220;id^1440|url^http:\/\/guidaimpianti.com\/wp-content\/uploads\/2018\/12\/SLITTER-4.jpg|caption^null|alt^null|title^SLITTER-4|description^null&#8220; link=&#8220;http:\/\/guidaimpianti.com\/wp-content\/uploads\/2018\/12\/SLITTER-4.jpg&#8220;][\/vc_column_inner][\/vc_row_inner][vc_row_inner][vc_column_inner width=&#8220;1\/2&#8243;][vc_single_image img_size=&#8220;full&#8220; alignment=&#8220;center&#8220; onclick=&#8220;custom_link&#8220; image=&#8220;id^733|url^http:\/\/guidaimpianti.com\/wp-content\/uploads\/2018\/10\/Slitter-linea-completa-4-mm-1.jpg|caption^null|alt^null|title^Slitter&#8212;linea-completa-4-mm|description^null&#8220; link=&#8220;http:\/\/guidaimpianti.com\/wp-content\/uploads\/2018\/10\/Slitter-linea-completa-4-mm-1.jpg&#8220;][\/vc_column_inner][vc_column_inner width=&#8220;1\/2&#8243;][vc_single_image img_size=&#8220;full&#8220; alignment=&#8220;center&#8220; onclick=&#8220;custom_link&#8220; image=&#8220;id^1497|url^http:\/\/guidaimpianti.com\/wp-content\/uploads\/2018\/12\/165A4864.jpg|caption^null|alt^null|title^165A4864|description^null&#8220; link=&#8220;http:\/\/guidaimpianti.com\/wp-content\/uploads\/2018\/12\/165A4864.jpg&#8220;][\/vc_column_inner][\/vc_row_inner][\/vc_column][vc_column width=&#8220;1\/6&#8243;][\/vc_column][\/vc_row]<\/p>\n","protected":false},"author":3,"featured_media":0,"parent":0,"menu_order":20,"comment_status":"closed","ping_status":"closed","template":"","meta":{"footnotes":""},"class_list":["post-1136","page","type-page","status-publish","hentry"],"yoast_head":"<!-- This site is optimized with the Yoast SEO plugin v27.4 - https:\/\/yoast.com\/product\/yoast-seo-wordpress\/ -->\n<title>L\u00e4ngsteilanlage | Guida Engeneering<\/title>\n<meta name=\"robots\" content=\"index, follow, max-snippet:-1, max-image-preview:large, max-video-preview:-1\" \/>\n<link rel=\"canonical\" href=\"https:\/\/guidaimpianti.com\/de\/slitter\/\" \/>\n<meta property=\"og:locale\" content=\"de_DE\" \/>\n<meta property=\"og:type\" content=\"article\" \/>\n<meta property=\"og:title\" content=\"L\u00e4ngsteilanlage | Guida Engeneering\" \/>\n<meta property=\"og:description\" content=\"[vc_row full_width=&#8220;stretch_row_content&#8220; css=&#8220;.vc_custom_1539855753789{background-image: url(http:\/\/guidaimpianti.com\/wp-content\/uploads\/2018\/10\/prodotti_Slitter-linea-completa-4-mm_VERDExPAGINA.jpg?id=529) !important;background-position: center !important;background-repeat: no-repeat !important;background-size: cover !important;}&#8220;][vc_column][\/vc_column][\/vc_row][vc_row full_width=&#8220;stretch_row_content&#8220; content_placement=&#8220;middle&#8220; css=&#8220;.vc_custom_1539782288603{margin-top: -20px !important;background-position: center !important;background-repeat: no-repeat !important;background-size: cover !important;}&#8220;][vc_column width=&#8220;1\/6&#8243;][\/vc_column][vc_column width=&#8220;2\/3&#8243;][vc_row_inner][vc_column_inner width=&#8220;1\/2&#8243;][vc_single_image img_size=&#8220;full&#8220; alignment=&#8220;center&#8220; onclick=&#8220;custom_link&#8220; image=&#8220;id^1487|url^http:\/\/guidaimpianti.com\/wp-content\/uploads\/2018\/12\/165A4821.jpg|caption^null|alt^null|title^165A4821|description^null&#8220; link=&#8220;http:\/\/guidaimpianti.com\/wp-content\/uploads\/2018\/12\/165A4821.jpg&#8220;][\/vc_column_inner][vc_column_inner width=&#8220;1\/2&#8243;][vc_single_image img_size=&#8220;full&#8220; alignment=&#8220;center&#8220; onclick=&#8220;custom_link&#8220; image=&#8220;id^1440|url^http:\/\/guidaimpianti.com\/wp-content\/uploads\/2018\/12\/SLITTER-4.jpg|caption^null|alt^null|title^SLITTER-4|description^null&#8220; link=&#8220;http:\/\/guidaimpianti.com\/wp-content\/uploads\/2018\/12\/SLITTER-4.jpg&#8220;][\/vc_column_inner][\/vc_row_inner][vc_row_inner][vc_column_inner width=&#8220;1\/2&#8243;][vc_single_image img_size=&#8220;full&#8220; alignment=&#8220;center&#8220; onclick=&#8220;custom_link&#8220; image=&#8220;id^733|url^http:\/\/guidaimpianti.com\/wp-content\/uploads\/2018\/10\/Slitter-linea-completa-4-mm-1.jpg|caption^null|alt^null|title^Slitter&#8212;linea-completa-4-mm|description^null&#8220; link=&#8220;http:\/\/guidaimpianti.com\/wp-content\/uploads\/2018\/10\/Slitter-linea-completa-4-mm-1.jpg&#8220;][\/vc_column_inner][vc_column_inner width=&#8220;1\/2&#8243;][vc_single_image img_size=&#8220;full&#8220; alignment=&#8220;center&#8220; onclick=&#8220;custom_link&#8220; image=&#8220;id^1497|url^http:\/\/guidaimpianti.com\/wp-content\/uploads\/2018\/12\/165A4864.jpg|caption^null|alt^null|title^165A4864|description^null&#8220; link=&#8220;http:\/\/guidaimpianti.com\/wp-content\/uploads\/2018\/12\/165A4864.jpg&#8220;][\/vc_column_inner][\/vc_row_inner][\/vc_column][vc_column width=&#8220;1\/6&#8243;][\/vc_column][\/vc_row]\" \/>\n<meta property=\"og:url\" content=\"https:\/\/guidaimpianti.com\/de\/slitter\/\" \/>\n<meta property=\"og:site_name\" content=\"Guida Engeneering\" \/>\n<meta property=\"article:modified_time\" content=\"2018-12-05T09:49:46+00:00\" \/>\n<meta name=\"twitter:card\" content=\"summary_large_image\" \/>\n<meta name=\"twitter:label1\" content=\"Gesch\u00e4tzte Lesezeit\" \/>\n\t<meta name=\"twitter:data1\" content=\"3\u00a0Minuten\" \/>\n<script type=\"application\/ld+json\" class=\"yoast-schema-graph\">{\"@context\":\"https:\\\/\\\/schema.org\",\"@graph\":[{\"@type\":\"WebPage\",\"@id\":\"https:\\\/\\\/guidaimpianti.com\\\/de\\\/slitter\\\/\",\"url\":\"https:\\\/\\\/guidaimpianti.com\\\/de\\\/slitter\\\/\",\"name\":\"L\u00e4ngsteilanlage | Guida Engeneering\",\"isPartOf\":{\"@id\":\"https:\\\/\\\/guidaimpianti.com\\\/#website\"},\"datePublished\":\"2017-07-31T13:07:42+00:00\",\"dateModified\":\"2018-12-05T09:49:46+00:00\",\"breadcrumb\":{\"@id\":\"https:\\\/\\\/guidaimpianti.com\\\/de\\\/slitter\\\/#breadcrumb\"},\"inLanguage\":\"de\",\"potentialAction\":[{\"@type\":\"ReadAction\",\"target\":[\"https:\\\/\\\/guidaimpianti.com\\\/de\\\/slitter\\\/\"]}]},{\"@type\":\"BreadcrumbList\",\"@id\":\"https:\\\/\\\/guidaimpianti.com\\\/de\\\/slitter\\\/#breadcrumb\",\"itemListElement\":[{\"@type\":\"ListItem\",\"position\":1,\"name\":\"Home\",\"item\":\"https:\\\/\\\/guidaimpianti.com\\\/de\\\/\"},{\"@type\":\"ListItem\",\"position\":2,\"name\":\"L\u00e4ngsteilanlage\"}]},{\"@type\":\"WebSite\",\"@id\":\"https:\\\/\\\/guidaimpianti.com\\\/#website\",\"url\":\"https:\\\/\\\/guidaimpianti.com\\\/\",\"name\":\"Guida Engeneering\",\"description\":\"\",\"potentialAction\":[{\"@type\":\"SearchAction\",\"target\":{\"@type\":\"EntryPoint\",\"urlTemplate\":\"https:\\\/\\\/guidaimpianti.com\\\/?s={search_term_string}\"},\"query-input\":{\"@type\":\"PropertyValueSpecification\",\"valueRequired\":true,\"valueName\":\"search_term_string\"}}],\"inLanguage\":\"de\"}]}<\/script>\n<!-- \/ Yoast SEO plugin. -->","yoast_head_json":{"title":"L\u00e4ngsteilanlage | Guida Engeneering","robots":{"index":"index","follow":"follow","max-snippet":"max-snippet:-1","max-image-preview":"max-image-preview:large","max-video-preview":"max-video-preview:-1"},"canonical":"https:\/\/guidaimpianti.com\/de\/slitter\/","og_locale":"de_DE","og_type":"article","og_title":"L\u00e4ngsteilanlage | Guida Engeneering","og_description":"[vc_row full_width=&#8220;stretch_row_content&#8220; css=&#8220;.vc_custom_1539855753789{background-image: url(http:\/\/guidaimpianti.com\/wp-content\/uploads\/2018\/10\/prodotti_Slitter-linea-completa-4-mm_VERDExPAGINA.jpg?id=529) !important;background-position: center !important;background-repeat: no-repeat !important;background-size: cover !important;}&#8220;][vc_column][\/vc_column][\/vc_row][vc_row full_width=&#8220;stretch_row_content&#8220; content_placement=&#8220;middle&#8220; css=&#8220;.vc_custom_1539782288603{margin-top: -20px !important;background-position: center !important;background-repeat: no-repeat !important;background-size: cover !important;}&#8220;][vc_column width=&#8220;1\/6&#8243;][\/vc_column][vc_column width=&#8220;2\/3&#8243;][vc_row_inner][vc_column_inner width=&#8220;1\/2&#8243;][vc_single_image img_size=&#8220;full&#8220; alignment=&#8220;center&#8220; onclick=&#8220;custom_link&#8220; image=&#8220;id^1487|url^http:\/\/guidaimpianti.com\/wp-content\/uploads\/2018\/12\/165A4821.jpg|caption^null|alt^null|title^165A4821|description^null&#8220; link=&#8220;http:\/\/guidaimpianti.com\/wp-content\/uploads\/2018\/12\/165A4821.jpg&#8220;][\/vc_column_inner][vc_column_inner width=&#8220;1\/2&#8243;][vc_single_image img_size=&#8220;full&#8220; alignment=&#8220;center&#8220; onclick=&#8220;custom_link&#8220; image=&#8220;id^1440|url^http:\/\/guidaimpianti.com\/wp-content\/uploads\/2018\/12\/SLITTER-4.jpg|caption^null|alt^null|title^SLITTER-4|description^null&#8220; link=&#8220;http:\/\/guidaimpianti.com\/wp-content\/uploads\/2018\/12\/SLITTER-4.jpg&#8220;][\/vc_column_inner][\/vc_row_inner][vc_row_inner][vc_column_inner width=&#8220;1\/2&#8243;][vc_single_image img_size=&#8220;full&#8220; alignment=&#8220;center&#8220; onclick=&#8220;custom_link&#8220; image=&#8220;id^733|url^http:\/\/guidaimpianti.com\/wp-content\/uploads\/2018\/10\/Slitter-linea-completa-4-mm-1.jpg|caption^null|alt^null|title^Slitter&#8212;linea-completa-4-mm|description^null&#8220; link=&#8220;http:\/\/guidaimpianti.com\/wp-content\/uploads\/2018\/10\/Slitter-linea-completa-4-mm-1.jpg&#8220;][\/vc_column_inner][vc_column_inner width=&#8220;1\/2&#8243;][vc_single_image img_size=&#8220;full&#8220; alignment=&#8220;center&#8220; onclick=&#8220;custom_link&#8220; image=&#8220;id^1497|url^http:\/\/guidaimpianti.com\/wp-content\/uploads\/2018\/12\/165A4864.jpg|caption^null|alt^null|title^165A4864|description^null&#8220; link=&#8220;http:\/\/guidaimpianti.com\/wp-content\/uploads\/2018\/12\/165A4864.jpg&#8220;][\/vc_column_inner][\/vc_row_inner][\/vc_column][vc_column width=&#8220;1\/6&#8243;][\/vc_column][\/vc_row]","og_url":"https:\/\/guidaimpianti.com\/de\/slitter\/","og_site_name":"Guida Engeneering","article_modified_time":"2018-12-05T09:49:46+00:00","twitter_card":"summary_large_image","twitter_misc":{"Gesch\u00e4tzte Lesezeit":"3\u00a0Minuten"},"schema":{"@context":"https:\/\/schema.org","@graph":[{"@type":"WebPage","@id":"https:\/\/guidaimpianti.com\/de\/slitter\/","url":"https:\/\/guidaimpianti.com\/de\/slitter\/","name":"L\u00e4ngsteilanlage | Guida Engeneering","isPartOf":{"@id":"https:\/\/guidaimpianti.com\/#website"},"datePublished":"2017-07-31T13:07:42+00:00","dateModified":"2018-12-05T09:49:46+00:00","breadcrumb":{"@id":"https:\/\/guidaimpianti.com\/de\/slitter\/#breadcrumb"},"inLanguage":"de","potentialAction":[{"@type":"ReadAction","target":["https:\/\/guidaimpianti.com\/de\/slitter\/"]}]},{"@type":"BreadcrumbList","@id":"https:\/\/guidaimpianti.com\/de\/slitter\/#breadcrumb","itemListElement":[{"@type":"ListItem","position":1,"name":"Home","item":"https:\/\/guidaimpianti.com\/de\/"},{"@type":"ListItem","position":2,"name":"L\u00e4ngsteilanlage"}]},{"@type":"WebSite","@id":"https:\/\/guidaimpianti.com\/#website","url":"https:\/\/guidaimpianti.com\/","name":"Guida Engeneering","description":"","potentialAction":[{"@type":"SearchAction","target":{"@type":"EntryPoint","urlTemplate":"https:\/\/guidaimpianti.com\/?s={search_term_string}"},"query-input":{"@type":"PropertyValueSpecification","valueRequired":true,"valueName":"search_term_string"}}],"inLanguage":"de"}]}},"_links":{"self":[{"href":"https:\/\/guidaimpianti.com\/de\/wp-json\/wp\/v2\/pages\/1136","targetHints":{"allow":["GET"]}}],"collection":[{"href":"https:\/\/guidaimpianti.com\/de\/wp-json\/wp\/v2\/pages"}],"about":[{"href":"https:\/\/guidaimpianti.com\/de\/wp-json\/wp\/v2\/types\/page"}],"author":[{"embeddable":true,"href":"https:\/\/guidaimpianti.com\/de\/wp-json\/wp\/v2\/users\/3"}],"replies":[{"embeddable":true,"href":"https:\/\/guidaimpianti.com\/de\/wp-json\/wp\/v2\/comments?post=1136"}],"version-history":[{"count":8,"href":"https:\/\/guidaimpianti.com\/de\/wp-json\/wp\/v2\/pages\/1136\/revisions"}],"predecessor-version":[{"id":1527,"href":"https:\/\/guidaimpianti.com\/de\/wp-json\/wp\/v2\/pages\/1136\/revisions\/1527"}],"wp:attachment":[{"href":"https:\/\/guidaimpianti.com\/de\/wp-json\/wp\/v2\/media?parent=1136"}],"curies":[{"name":"wp","href":"https:\/\/api.w.org\/{rel}","templated":true}]}}