{"id":1138,"date":"2018-10-09T16:32:09","date_gmt":"2018-10-09T14:32:09","guid":{"rendered":"https:\/\/www.guidaimpianti.eu\/ctl\/"},"modified":"2018-12-05T10:52:38","modified_gmt":"2018-12-05T09:52:38","slug":"ctl","status":"publish","type":"page","link":"https:\/\/guidaimpianti.com\/de\/ctl\/","title":{"rendered":"Querteilanlage"},"content":{"rendered":"<p>[vc_row full_width=&#8220;stretch_row_content&#8220; css=&#8220;.vc_custom_1543998884512{background-image: url(http:\/\/guidaimpianti.com\/wp-content\/uploads\/2018\/12\/Foto-Sfondo-CTL.jpg?id=1375) !important;background-position: center !important;background-repeat: no-repeat !important;background-size: cover !important;}&#8220;][vc_column]<div class=\"ult-spacer spacer-69e4dbac8effb\" data-id=\"69e4dbac8effb\" data-height=\"280\" data-height-mobile=\"145\" data-height-tab=\"\" data-height-tab-portrait=\"\" data-height-mobile-landscape=\"145\" style=\"clear:both;display:block;\"><\/div><div id=\"ultimate-heading-215669e4dbac8f0a6\" class=\"uvc-heading ult-adjust-bottom-margin ultimate-heading-215669e4dbac8f0a6 uvc-5502 \" data-hspacer=\"no_spacer\"  data-halign=\"center\" style=\"text-align:center\"><div class=\"uvc-heading-spacer no_spacer\" style=\"top\"><\/div><div class=\"uvc-main-heading ult-responsive\"  data-ultimate-target='.uvc-heading.ultimate-heading-215669e4dbac8f0a6 h2'  data-responsive-json-new='{\"font-size\":\"desktop:30px;\",\"line-height\":\"\"}' ><h2 style=\"font-family:&#039;Lato&#039;;font-weight:700;color:#ffffff;\">QUERTEILANLAGE<\/h2><\/div><\/div><div class=\"ult-spacer spacer-69e4dbac8f125\" data-id=\"69e4dbac8f125\" data-height=\"155\" data-height-mobile=\"105\" data-height-tab=\"\" data-height-tab-portrait=\"\" data-height-mobile-landscape=\"105\" style=\"clear:both;display:block;\"><\/div>[\/vc_column][\/vc_row][vc_row full_width=&#8220;stretch_row_content&#8220; content_placement=&#8220;middle&#8220; css=&#8220;.vc_custom_1539782301515{margin-top: -20px !important;background-position: center !important;background-repeat: no-repeat !important;background-size: cover !important;}&#8220;][vc_column width=&#8220;1\/6&#8243;][\/vc_column][vc_column width=&#8220;2\/3&#8243;]<div class=\"ult-spacer spacer-69e4dbac8f167\" data-id=\"69e4dbac8f167\" data-height=\"40\" data-height-mobile=\"0\" data-height-tab=\"\" data-height-tab-portrait=\"\" data-height-mobile-landscape=\"0\" style=\"clear:both;display:block;\"><\/div><div id=\"ultimate-heading-527569e4dbac8f1bd\" class=\"uvc-heading ult-adjust-bottom-margin ultimate-heading-527569e4dbac8f1bd uvc-3102 testo-giustificato\" data-hspacer=\"no_spacer\"  data-halign=\"center\" style=\"text-align:center\"><div class=\"uvc-heading-spacer no_spacer\" style=\"top\"><\/div><div class=\"uvc-sub-heading ult-responsive\"  data-ultimate-target='.uvc-heading.ultimate-heading-527569e4dbac8f1bd .uvc-sub-heading '  data-responsive-json-new='{\"font-size\":\"desktop:18px;\",\"line-height\":\"\"}'  style=\"font-family:&#039;Lato&#039;;font-weight:300;\"><strong>Anlagen zur Herstellung von Blechen aus Coils in verschiedenen Metallsorten mit Abwickeln, Nivellieren, Querteilen in der L\u00e4nge und Stapeln von kontinuierlich produzierten Blechen.<\/strong><\/p>\n<p><span style=\"color: #008b43;\"><em><strong>Materialien:<\/strong><\/em><\/span> alle Arten von Stahl, warmgewalzt, kaltgewalzt, verzinkt, gebeizt, ge\u00f6lt.<\/p>\n<p><em><strong><span style=\"color: #008b43;\">Spezielle Anwendungen:<\/span><\/strong><\/em> hochfeste und dicke St\u00e4hle f\u00fcr Bauanwendungen, geh\u00e4rtete St\u00e4hle, rostfreie Spiegelst\u00e4hle, Aluminium, Leichtmetalle, etc.<\/p>\n<p><span style=\"color: #008b43;\"><strong><em>Blechdicken von 0,2 bis 20 mm:<\/em> <\/strong><\/span>Einsatz mehrerer Inline-Flachwalzmaschinen zur Gew\u00e4hrleistung gro\u00dfer Dickenbereiche sowie einzelner Flachwalzmaschinen f\u00fcr kleine Verteilungen.<\/p>\n<p><span style=\"color: #008b43;\"><em><strong>DREHMOMENTFREIE HOBELMASCHINEN:<\/strong><\/em><\/span> Vor allem f\u00fcr den hochfesten Stahlsektor, den Einsatz von Mehrmotoren mit einem innovativen elektronischen Regelsystem zum Ausgleich und zur Erh\u00f6hung der f\u00fcr den Nivellierprozess erforderlichen Drehmomente.<\/p>\n<p><span style=\"color: #008b43;\"><strong><em>Hohe Produktivit\u00e4t<\/em>:<\/strong> <\/span>Durch die Reduzierung der Wartungskosten der Anlage bei starkem Einsatz von Systemen mit geringerer Energie- und Wartungsbelastung.<\/p>\n<p><span style=\"color: #008b43;\"><strong><em>Mehr als 350.000 Tonnen\/Jahr<\/em>:<\/strong><\/span> Einhaltung der h\u00f6chsten geforderten Produktivit\u00e4tskapazit\u00e4t mit Hunderttausenden von Tonnen pro Jahr, die f\u00fcr jede einzelne Anlage verarbeitbar sind, dank des unterschiedlichen Automatisierungsgrades, der zur Verf\u00fcgung steht, um Ausfallzeiten zu vermeiden und den Personalaufwand f\u00fcr den Betrieb zu minimieren.<\/p>\n<p><span style=\"color: #008b43;\"><strong><em>Flexibilit\u00e4t:<\/em><\/strong><\/span> Anlagen, die nach den Bed\u00fcrfnissen des Kunden gebaut werden, sei es ein gro\u00dfes Stahlwerk oder ein kleines lokales Servicezentrum: Automatische Stapler und Systeme f\u00fcr Blechverpackungen; Integration von Systemen zur Messung von Dicken, Bandbreite, Oberfl\u00e4chenqualit\u00e4t und \u00d6lsystemen.<\/div><\/div><div class=\"ult-spacer spacer-69e4dbac8f223\" data-id=\"69e4dbac8f223\" data-height=\"20\" data-height-mobile=\"20\" data-height-tab=\"20\" data-height-tab-portrait=\"\" data-height-mobile-landscape=\"\" style=\"clear:both;display:block;\"><\/div>[vc_row_inner][vc_column_inner width=&#8220;1\/2&#8243;][vc_single_image img_size=&#8220;full&#8220; alignment=&#8220;center&#8220; onclick=&#8220;custom_link&#8220; link=&#8220;http:\/\/guidaimpianti.com\/wp-content\/uploads\/2018\/10\/165A4865.jpg&#8220; image=&#8220;id^750|url^http:\/\/guidaimpianti.com\/wp-content\/uploads\/2018\/10\/165A4865.jpg|caption^null|alt^null|title^165A4865|description^null&#8220;][\/vc_column_inner][vc_column_inner width=&#8220;1\/2&#8243;][vc_single_image img_size=&#8220;full&#8220; alignment=&#8220;center&#8220; onclick=&#8220;custom_link&#8220; link=&#8220;http:\/\/guidaimpianti.com\/wp-content\/uploads\/2018\/10\/CTL-sottile.jpg&#8220; image=&#8220;id^776|url^http:\/\/guidaimpianti.com\/wp-content\/uploads\/2018\/10\/CTL-sottile.jpg|caption^null|alt^null|title^CTL&#8212;sottile|description^null&#8220;][\/vc_column_inner][\/vc_row_inner][vc_row_inner][vc_column_inner width=&#8220;1\/2&#8243;][vc_single_image img_size=&#8220;full&#8220; alignment=&#8220;center&#8220; onclick=&#8220;custom_link&#8220; link=&#8220;http:\/\/guidaimpianti.com\/wp-content\/uploads\/2018\/10\/CTL-linea-8-mm-2.jpg&#8220; image=&#8220;id^771|url^http:\/\/guidaimpianti.com\/wp-content\/uploads\/2018\/10\/CTL-linea-8-mm-2.jpg|caption^null|alt^null|title^CTL&#8212;linea-8-mm-2|description^null&#8220;][\/vc_column_inner][vc_column_inner width=&#8220;1\/2&#8243;][vc_single_image img_size=&#8220;full&#8220; alignment=&#8220;center&#8220; onclick=&#8220;custom_link&#8220; link=&#8220;http:\/\/guidaimpianti.com\/wp-content\/uploads\/2018\/10\/165A4877.jpg&#8220; image=&#8220;id^755|url^http:\/\/guidaimpianti.com\/wp-content\/uploads\/2018\/10\/165A4877.jpg|caption^null|alt^null|title^165A4877|description^null&#8220;][\/vc_column_inner][\/vc_row_inner]<div class=\"ult-spacer spacer-69e4dbac8f25f\" data-id=\"69e4dbac8f25f\" data-height=\"40\" data-height-mobile=\"0\" data-height-tab=\"\" data-height-tab-portrait=\"\" data-height-mobile-landscape=\"0\" style=\"clear:both;display:block;\"><\/div>[\/vc_column][vc_column width=&#8220;1\/6&#8243;][\/vc_column][\/vc_row]<\/p>\n","protected":false},"excerpt":{"rendered":"<p>[vc_row full_width=&#8220;stretch_row_content&#8220; css=&#8220;.vc_custom_1543998884512{background-image: url(http:\/\/guidaimpianti.com\/wp-content\/uploads\/2018\/12\/Foto-Sfondo-CTL.jpg?id=1375) !important;background-position: center !important;background-repeat: no-repeat !important;background-size: cover !important;}&#8220;][vc_column][\/vc_column][\/vc_row][vc_row full_width=&#8220;stretch_row_content&#8220; content_placement=&#8220;middle&#8220; css=&#8220;.vc_custom_1539782301515{margin-top: -20px !important;background-position: center !important;background-repeat: no-repeat !important;background-size: cover !important;}&#8220;][vc_column width=&#8220;1\/6&#8243;][\/vc_column][vc_column width=&#8220;2\/3&#8243;][vc_row_inner][vc_column_inner width=&#8220;1\/2&#8243;][vc_single_image img_size=&#8220;full&#8220; alignment=&#8220;center&#8220; onclick=&#8220;custom_link&#8220; link=&#8220;http:\/\/guidaimpianti.com\/wp-content\/uploads\/2018\/10\/165A4865.jpg&#8220; image=&#8220;id^750|url^http:\/\/guidaimpianti.com\/wp-content\/uploads\/2018\/10\/165A4865.jpg|caption^null|alt^null|title^165A4865|description^null&#8220;][\/vc_column_inner][vc_column_inner width=&#8220;1\/2&#8243;][vc_single_image img_size=&#8220;full&#8220; alignment=&#8220;center&#8220; onclick=&#8220;custom_link&#8220; link=&#8220;http:\/\/guidaimpianti.com\/wp-content\/uploads\/2018\/10\/CTL-sottile.jpg&#8220; image=&#8220;id^776|url^http:\/\/guidaimpianti.com\/wp-content\/uploads\/2018\/10\/CTL-sottile.jpg|caption^null|alt^null|title^CTL&#8212;sottile|description^null&#8220;][\/vc_column_inner][\/vc_row_inner][vc_row_inner][vc_column_inner width=&#8220;1\/2&#8243;][vc_single_image img_size=&#8220;full&#8220; alignment=&#8220;center&#8220; onclick=&#8220;custom_link&#8220; link=&#8220;http:\/\/guidaimpianti.com\/wp-content\/uploads\/2018\/10\/CTL-linea-8-mm-2.jpg&#8220; image=&#8220;id^771|url^http:\/\/guidaimpianti.com\/wp-content\/uploads\/2018\/10\/CTL-linea-8-mm-2.jpg|caption^null|alt^null|title^CTL&#8212;linea-8-mm-2|description^null&#8220;][\/vc_column_inner][vc_column_inner width=&#8220;1\/2&#8243;][vc_single_image img_size=&#8220;full&#8220; alignment=&#8220;center&#8220; onclick=&#8220;custom_link&#8220; link=&#8220;http:\/\/guidaimpianti.com\/wp-content\/uploads\/2018\/10\/165A4877.jpg&#8220; image=&#8220;id^755|url^http:\/\/guidaimpianti.com\/wp-content\/uploads\/2018\/10\/165A4877.jpg|caption^null|alt^null|title^165A4877|description^null&#8220;][\/vc_column_inner][\/vc_row_inner][\/vc_column][vc_column width=&#8220;1\/6&#8243;][\/vc_column][\/vc_row]<\/p>\n","protected":false},"author":3,"featured_media":0,"parent":0,"menu_order":30,"comment_status":"closed","ping_status":"closed","template":"","meta":{"footnotes":""},"class_list":["post-1138","page","type-page","status-publish","hentry"],"yoast_head":"<!-- This site is optimized with the Yoast SEO plugin v27.4 - https:\/\/yoast.com\/product\/yoast-seo-wordpress\/ -->\n<title>Querteilanlage | Guida Engeneering<\/title>\n<meta name=\"robots\" content=\"index, follow, max-snippet:-1, max-image-preview:large, max-video-preview:-1\" \/>\n<link rel=\"canonical\" href=\"https:\/\/guidaimpianti.com\/de\/ctl\/\" \/>\n<meta property=\"og:locale\" content=\"de_DE\" \/>\n<meta property=\"og:type\" content=\"article\" \/>\n<meta property=\"og:title\" content=\"Querteilanlage | Guida Engeneering\" \/>\n<meta property=\"og:description\" content=\"[vc_row full_width=&#8220;stretch_row_content&#8220; css=&#8220;.vc_custom_1543998884512{background-image: url(http:\/\/guidaimpianti.com\/wp-content\/uploads\/2018\/12\/Foto-Sfondo-CTL.jpg?id=1375) !important;background-position: center !important;background-repeat: no-repeat !important;background-size: cover !important;}&#8220;][vc_column][\/vc_column][\/vc_row][vc_row full_width=&#8220;stretch_row_content&#8220; content_placement=&#8220;middle&#8220; css=&#8220;.vc_custom_1539782301515{margin-top: -20px !important;background-position: center !important;background-repeat: no-repeat !important;background-size: cover !important;}&#8220;][vc_column width=&#8220;1\/6&#8243;][\/vc_column][vc_column width=&#8220;2\/3&#8243;][vc_row_inner][vc_column_inner width=&#8220;1\/2&#8243;][vc_single_image img_size=&#8220;full&#8220; alignment=&#8220;center&#8220; onclick=&#8220;custom_link&#8220; link=&#8220;http:\/\/guidaimpianti.com\/wp-content\/uploads\/2018\/10\/165A4865.jpg&#8220; image=&#8220;id^750|url^http:\/\/guidaimpianti.com\/wp-content\/uploads\/2018\/10\/165A4865.jpg|caption^null|alt^null|title^165A4865|description^null&#8220;][\/vc_column_inner][vc_column_inner width=&#8220;1\/2&#8243;][vc_single_image img_size=&#8220;full&#8220; alignment=&#8220;center&#8220; onclick=&#8220;custom_link&#8220; link=&#8220;http:\/\/guidaimpianti.com\/wp-content\/uploads\/2018\/10\/CTL-sottile.jpg&#8220; image=&#8220;id^776|url^http:\/\/guidaimpianti.com\/wp-content\/uploads\/2018\/10\/CTL-sottile.jpg|caption^null|alt^null|title^CTL&#8212;sottile|description^null&#8220;][\/vc_column_inner][\/vc_row_inner][vc_row_inner][vc_column_inner width=&#8220;1\/2&#8243;][vc_single_image img_size=&#8220;full&#8220; alignment=&#8220;center&#8220; onclick=&#8220;custom_link&#8220; link=&#8220;http:\/\/guidaimpianti.com\/wp-content\/uploads\/2018\/10\/CTL-linea-8-mm-2.jpg&#8220; image=&#8220;id^771|url^http:\/\/guidaimpianti.com\/wp-content\/uploads\/2018\/10\/CTL-linea-8-mm-2.jpg|caption^null|alt^null|title^CTL&#8212;linea-8-mm-2|description^null&#8220;][\/vc_column_inner][vc_column_inner width=&#8220;1\/2&#8243;][vc_single_image img_size=&#8220;full&#8220; alignment=&#8220;center&#8220; onclick=&#8220;custom_link&#8220; link=&#8220;http:\/\/guidaimpianti.com\/wp-content\/uploads\/2018\/10\/165A4877.jpg&#8220; image=&#8220;id^755|url^http:\/\/guidaimpianti.com\/wp-content\/uploads\/2018\/10\/165A4877.jpg|caption^null|alt^null|title^165A4877|description^null&#8220;][\/vc_column_inner][\/vc_row_inner][\/vc_column][vc_column width=&#8220;1\/6&#8243;][\/vc_column][\/vc_row]\" \/>\n<meta property=\"og:url\" content=\"https:\/\/guidaimpianti.com\/de\/ctl\/\" \/>\n<meta property=\"og:site_name\" content=\"Guida Engeneering\" \/>\n<meta property=\"article:modified_time\" content=\"2018-12-05T09:52:38+00:00\" \/>\n<meta name=\"twitter:card\" content=\"summary_large_image\" \/>\n<meta name=\"twitter:label1\" content=\"Gesch\u00e4tzte Lesezeit\" \/>\n\t<meta name=\"twitter:data1\" content=\"3\u00a0Minuten\" \/>\n<script type=\"application\/ld+json\" class=\"yoast-schema-graph\">{\"@context\":\"https:\\\/\\\/schema.org\",\"@graph\":[{\"@type\":\"WebPage\",\"@id\":\"https:\\\/\\\/guidaimpianti.com\\\/de\\\/ctl\\\/\",\"url\":\"https:\\\/\\\/guidaimpianti.com\\\/de\\\/ctl\\\/\",\"name\":\"Querteilanlage | Guida Engeneering\",\"isPartOf\":{\"@id\":\"https:\\\/\\\/guidaimpianti.com\\\/#website\"},\"datePublished\":\"2018-10-09T14:32:09+00:00\",\"dateModified\":\"2018-12-05T09:52:38+00:00\",\"breadcrumb\":{\"@id\":\"https:\\\/\\\/guidaimpianti.com\\\/de\\\/ctl\\\/#breadcrumb\"},\"inLanguage\":\"de\",\"potentialAction\":[{\"@type\":\"ReadAction\",\"target\":[\"https:\\\/\\\/guidaimpianti.com\\\/de\\\/ctl\\\/\"]}]},{\"@type\":\"BreadcrumbList\",\"@id\":\"https:\\\/\\\/guidaimpianti.com\\\/de\\\/ctl\\\/#breadcrumb\",\"itemListElement\":[{\"@type\":\"ListItem\",\"position\":1,\"name\":\"Home\",\"item\":\"https:\\\/\\\/guidaimpianti.com\\\/de\\\/\"},{\"@type\":\"ListItem\",\"position\":2,\"name\":\"Querteilanlage\"}]},{\"@type\":\"WebSite\",\"@id\":\"https:\\\/\\\/guidaimpianti.com\\\/#website\",\"url\":\"https:\\\/\\\/guidaimpianti.com\\\/\",\"name\":\"Guida Engeneering\",\"description\":\"\",\"potentialAction\":[{\"@type\":\"SearchAction\",\"target\":{\"@type\":\"EntryPoint\",\"urlTemplate\":\"https:\\\/\\\/guidaimpianti.com\\\/?s={search_term_string}\"},\"query-input\":{\"@type\":\"PropertyValueSpecification\",\"valueRequired\":true,\"valueName\":\"search_term_string\"}}],\"inLanguage\":\"de\"}]}<\/script>\n<!-- \/ Yoast SEO plugin. -->","yoast_head_json":{"title":"Querteilanlage | Guida Engeneering","robots":{"index":"index","follow":"follow","max-snippet":"max-snippet:-1","max-image-preview":"max-image-preview:large","max-video-preview":"max-video-preview:-1"},"canonical":"https:\/\/guidaimpianti.com\/de\/ctl\/","og_locale":"de_DE","og_type":"article","og_title":"Querteilanlage | Guida Engeneering","og_description":"[vc_row full_width=&#8220;stretch_row_content&#8220; css=&#8220;.vc_custom_1543998884512{background-image: url(http:\/\/guidaimpianti.com\/wp-content\/uploads\/2018\/12\/Foto-Sfondo-CTL.jpg?id=1375) !important;background-position: center !important;background-repeat: no-repeat !important;background-size: cover !important;}&#8220;][vc_column][\/vc_column][\/vc_row][vc_row full_width=&#8220;stretch_row_content&#8220; content_placement=&#8220;middle&#8220; css=&#8220;.vc_custom_1539782301515{margin-top: -20px !important;background-position: center !important;background-repeat: no-repeat !important;background-size: cover !important;}&#8220;][vc_column width=&#8220;1\/6&#8243;][\/vc_column][vc_column width=&#8220;2\/3&#8243;][vc_row_inner][vc_column_inner width=&#8220;1\/2&#8243;][vc_single_image img_size=&#8220;full&#8220; alignment=&#8220;center&#8220; onclick=&#8220;custom_link&#8220; link=&#8220;http:\/\/guidaimpianti.com\/wp-content\/uploads\/2018\/10\/165A4865.jpg&#8220; image=&#8220;id^750|url^http:\/\/guidaimpianti.com\/wp-content\/uploads\/2018\/10\/165A4865.jpg|caption^null|alt^null|title^165A4865|description^null&#8220;][\/vc_column_inner][vc_column_inner width=&#8220;1\/2&#8243;][vc_single_image img_size=&#8220;full&#8220; alignment=&#8220;center&#8220; onclick=&#8220;custom_link&#8220; link=&#8220;http:\/\/guidaimpianti.com\/wp-content\/uploads\/2018\/10\/CTL-sottile.jpg&#8220; image=&#8220;id^776|url^http:\/\/guidaimpianti.com\/wp-content\/uploads\/2018\/10\/CTL-sottile.jpg|caption^null|alt^null|title^CTL&#8212;sottile|description^null&#8220;][\/vc_column_inner][\/vc_row_inner][vc_row_inner][vc_column_inner width=&#8220;1\/2&#8243;][vc_single_image img_size=&#8220;full&#8220; alignment=&#8220;center&#8220; onclick=&#8220;custom_link&#8220; link=&#8220;http:\/\/guidaimpianti.com\/wp-content\/uploads\/2018\/10\/CTL-linea-8-mm-2.jpg&#8220; image=&#8220;id^771|url^http:\/\/guidaimpianti.com\/wp-content\/uploads\/2018\/10\/CTL-linea-8-mm-2.jpg|caption^null|alt^null|title^CTL&#8212;linea-8-mm-2|description^null&#8220;][\/vc_column_inner][vc_column_inner width=&#8220;1\/2&#8243;][vc_single_image img_size=&#8220;full&#8220; alignment=&#8220;center&#8220; onclick=&#8220;custom_link&#8220; link=&#8220;http:\/\/guidaimpianti.com\/wp-content\/uploads\/2018\/10\/165A4877.jpg&#8220; image=&#8220;id^755|url^http:\/\/guidaimpianti.com\/wp-content\/uploads\/2018\/10\/165A4877.jpg|caption^null|alt^null|title^165A4877|description^null&#8220;][\/vc_column_inner][\/vc_row_inner][\/vc_column][vc_column width=&#8220;1\/6&#8243;][\/vc_column][\/vc_row]","og_url":"https:\/\/guidaimpianti.com\/de\/ctl\/","og_site_name":"Guida Engeneering","article_modified_time":"2018-12-05T09:52:38+00:00","twitter_card":"summary_large_image","twitter_misc":{"Gesch\u00e4tzte Lesezeit":"3\u00a0Minuten"},"schema":{"@context":"https:\/\/schema.org","@graph":[{"@type":"WebPage","@id":"https:\/\/guidaimpianti.com\/de\/ctl\/","url":"https:\/\/guidaimpianti.com\/de\/ctl\/","name":"Querteilanlage | Guida Engeneering","isPartOf":{"@id":"https:\/\/guidaimpianti.com\/#website"},"datePublished":"2018-10-09T14:32:09+00:00","dateModified":"2018-12-05T09:52:38+00:00","breadcrumb":{"@id":"https:\/\/guidaimpianti.com\/de\/ctl\/#breadcrumb"},"inLanguage":"de","potentialAction":[{"@type":"ReadAction","target":["https:\/\/guidaimpianti.com\/de\/ctl\/"]}]},{"@type":"BreadcrumbList","@id":"https:\/\/guidaimpianti.com\/de\/ctl\/#breadcrumb","itemListElement":[{"@type":"ListItem","position":1,"name":"Home","item":"https:\/\/guidaimpianti.com\/de\/"},{"@type":"ListItem","position":2,"name":"Querteilanlage"}]},{"@type":"WebSite","@id":"https:\/\/guidaimpianti.com\/#website","url":"https:\/\/guidaimpianti.com\/","name":"Guida Engeneering","description":"","potentialAction":[{"@type":"SearchAction","target":{"@type":"EntryPoint","urlTemplate":"https:\/\/guidaimpianti.com\/?s={search_term_string}"},"query-input":{"@type":"PropertyValueSpecification","valueRequired":true,"valueName":"search_term_string"}}],"inLanguage":"de"}]}},"_links":{"self":[{"href":"https:\/\/guidaimpianti.com\/de\/wp-json\/wp\/v2\/pages\/1138","targetHints":{"allow":["GET"]}}],"collection":[{"href":"https:\/\/guidaimpianti.com\/de\/wp-json\/wp\/v2\/pages"}],"about":[{"href":"https:\/\/guidaimpianti.com\/de\/wp-json\/wp\/v2\/types\/page"}],"author":[{"embeddable":true,"href":"https:\/\/guidaimpianti.com\/de\/wp-json\/wp\/v2\/users\/3"}],"replies":[{"embeddable":true,"href":"https:\/\/guidaimpianti.com\/de\/wp-json\/wp\/v2\/comments?post=1138"}],"version-history":[{"count":8,"href":"https:\/\/guidaimpianti.com\/de\/wp-json\/wp\/v2\/pages\/1138\/revisions"}],"predecessor-version":[{"id":1532,"href":"https:\/\/guidaimpianti.com\/de\/wp-json\/wp\/v2\/pages\/1138\/revisions\/1532"}],"wp:attachment":[{"href":"https:\/\/guidaimpianti.com\/de\/wp-json\/wp\/v2\/media?parent=1138"}],"curies":[{"name":"wp","href":"https:\/\/api.w.org\/{rel}","templated":true}]}}