{"id":1142,"date":"2018-10-09T16:32:58","date_gmt":"2018-10-09T14:32:58","guid":{"rendered":"https:\/\/www.guidaimpianti.eu\/altre-applicazioni\/"},"modified":"2018-12-06T09:29:03","modified_gmt":"2018-12-06T08:29:03","slug":"altre-applicazioni","status":"publish","type":"page","link":"https:\/\/guidaimpianti.com\/de\/altre-applicazioni\/","title":{"rendered":"Andere Anwendungen"},"content":{"rendered":"<p>[vc_row full_width=&#8220;stretch_row_content&#8220; css=&#8220;.vc_custom_1543998711335{background-image: url(http:\/\/guidaimpianti.com\/wp-content\/uploads\/2018\/12\/Foto-Sfondo-Altre-Applicazioni.jpg?id=1403) !important;background-position: center !important;background-repeat: no-repeat !important;background-size: cover !important;}&#8220;][vc_column]<div class=\"ult-spacer spacer-69ea16d0e3947\" data-id=\"69ea16d0e3947\" data-height=\"280\" data-height-mobile=\"145\" data-height-tab=\"\" data-height-tab-portrait=\"\" data-height-mobile-landscape=\"145\" style=\"clear:both;display:block;\"><\/div><div id=\"ultimate-heading-134969ea16d0e3a10\" class=\"uvc-heading ult-adjust-bottom-margin ultimate-heading-134969ea16d0e3a10 uvc-2840 \" data-hspacer=\"no_spacer\"  data-halign=\"center\" style=\"text-align:center\"><div class=\"uvc-heading-spacer no_spacer\" style=\"top\"><\/div><div class=\"uvc-main-heading ult-responsive\"  data-ultimate-target='.uvc-heading.ultimate-heading-134969ea16d0e3a10 h2'  data-responsive-json-new='{\"font-size\":\"desktop:30px;\",\"line-height\":\"\"}' ><h2 style=\"font-family:&#039;Lato&#039;;font-weight:700;color:#ffffff;\">ANDERE ANWENDUNGEN<\/h2><\/div><\/div><div class=\"ult-spacer spacer-69ea16d0e3acc\" data-id=\"69ea16d0e3acc\" data-height=\"155\" data-height-mobile=\"105\" data-height-tab=\"\" data-height-tab-portrait=\"\" data-height-mobile-landscape=\"105\" style=\"clear:both;display:block;\"><\/div>[\/vc_column][\/vc_row][vc_row full_width=&#8220;stretch_row_content&#8220; content_placement=&#8220;middle&#8220; css=&#8220;.vc_custom_1539782321538{margin-top: -20px !important;background-position: center !important;background-repeat: no-repeat !important;background-size: cover !important;}&#8220;][vc_column width=&#8220;1\/6&#8243;][\/vc_column][vc_column width=&#8220;2\/3&#8243;]<div class=\"ult-spacer spacer-69ea16d0e3b11\" data-id=\"69ea16d0e3b11\" data-height=\"40\" data-height-mobile=\"0\" data-height-tab=\"\" data-height-tab-portrait=\"\" data-height-mobile-landscape=\"0\" style=\"clear:both;display:block;\"><\/div><div id=\"ultimate-heading-646169ea16d0e3b77\" class=\"uvc-heading ult-adjust-bottom-margin ultimate-heading-646169ea16d0e3b77 uvc-1883 testo-giustificato\" data-hspacer=\"no_spacer\"  data-halign=\"center\" style=\"text-align:center\"><div class=\"uvc-heading-spacer no_spacer\" style=\"top\"><\/div><div class=\"uvc-sub-heading ult-responsive\"  data-ultimate-target='.uvc-heading.ultimate-heading-646169ea16d0e3b77 .uvc-sub-heading '  data-responsive-json-new='{\"font-size\":\"desktop:18px;\",\"line-height\":\"\"}'  style=\"font-family:&#039;Lato&#039;;font-weight:300;\"><strong>Vollautomatische Verpackungslinien<\/strong> f\u00fcr Untercoils nach Schneidanlagen mit Kippfunktion, Automatisierungssysteme f\u00fcr Radial- und Umfangsumreifung, Stapelung mit automatischen Systemen zur Positionierung von Holzfolien.<\/p>\n<p><strong>Coil-Handling-Systeme<\/strong> innerhalb der Anlage zur Steuerung der Ein- und Ausgangslogistik von Prozesslinien.<\/p>\n<p><strong>Coilvorbereitungssysteme<\/strong> zur Beseitigung von Umreifungen und Vork\u00f6pfen vor den Prozesslinien.<\/p>\n<p><strong>Beizen<\/strong> von Ein- und Auslaufbereichen und Rohrleitungen.<\/p>\n<p><strong>Umspul-, Inspektions-<\/strong> und Beschnittanlagen f\u00fcr Coils.<\/p>\n<p><strong>Modernisierung bestehender<\/strong> Anlagen, Anpassung an Sicherheitsvorschriften, L\u00f6sungen zur Erh\u00f6hung der Produktionskapazit\u00e4t durch Verbesserung und\/oder Austausch von Automatisierungsger\u00e4ten.<\/div><\/div><div class=\"ult-spacer spacer-69ea16d0e3be8\" data-id=\"69ea16d0e3be8\" data-height=\"20\" data-height-mobile=\"20\" data-height-tab=\"20\" data-height-tab-portrait=\"\" data-height-mobile-landscape=\"\" style=\"clear:both;display:block;\"><\/div>[vc_row_inner][vc_column_inner width=&#8220;1\/2&#8243;][vc_single_image img_size=&#8220;full&#8220; alignment=&#8220;center&#8220; onclick=&#8220;custom_link&#8220; link=&#8220;http:\/\/guidaimpianti.com\/wp-content\/uploads\/2018\/10\/165A4740.jpg&#8220; image=&#8220;id^797|url^http:\/\/guidaimpianti.com\/wp-content\/uploads\/2018\/10\/165A4740.jpg|caption^null|alt^null|title^165A4740|description^null&#8220;][\/vc_column_inner][vc_column_inner width=&#8220;1\/2&#8243;][vc_single_image img_size=&#8220;full&#8220; alignment=&#8220;center&#8220; onclick=&#8220;custom_link&#8220; link=&#8220;http:\/\/guidaimpianti.com\/wp-content\/uploads\/2018\/12\/165A4786.jpg&#8220; image=&#8220;id^1472|url^http:\/\/guidaimpianti.com\/wp-content\/uploads\/2018\/12\/165A4786.jpg|caption^null|alt^null|title^165A4786|description^null&#8220;][\/vc_column_inner][\/vc_row_inner][vc_row_inner][vc_column_inner width=&#8220;1\/2&#8243;][vc_single_image img_size=&#8220;full&#8220; alignment=&#8220;center&#8220; onclick=&#8220;custom_link&#8220; link=&#8220;http:\/\/guidaimpianti.com\/wp-content\/uploads\/2018\/10\/165A4868.jpg&#8220; image=&#8220;id^792|url^http:\/\/guidaimpianti.com\/wp-content\/uploads\/2018\/10\/165A4868.jpg|caption^null|alt^null|title^165A4868|description^null&#8220;][\/vc_column_inner][vc_column_inner width=&#8220;1\/2&#8243;][vc_single_image img_size=&#8220;full&#8220; alignment=&#8220;center&#8220; onclick=&#8220;custom_link&#8220; link=&#8220;http:\/\/guidaimpianti.com\/wp-content\/uploads\/2018\/12\/165A4813.jpg&#8220; image=&#8220;id^1482|url^http:\/\/guidaimpianti.com\/wp-content\/uploads\/2018\/12\/165A4813.jpg|caption^null|alt^null|title^165A4813|description^null&#8220;][\/vc_column_inner][\/vc_row_inner]<div class=\"ult-spacer spacer-69ea16d0e3c1e\" data-id=\"69ea16d0e3c1e\" data-height=\"40\" data-height-mobile=\"0\" data-height-tab=\"\" data-height-tab-portrait=\"\" data-height-mobile-landscape=\"0\" style=\"clear:both;display:block;\"><\/div>[\/vc_column][vc_column width=&#8220;1\/6&#8243;][\/vc_column][\/vc_row]<\/p>\n","protected":false},"excerpt":{"rendered":"<p>[vc_row full_width=&#8220;stretch_row_content&#8220; css=&#8220;.vc_custom_1543998711335{background-image: url(http:\/\/guidaimpianti.com\/wp-content\/uploads\/2018\/12\/Foto-Sfondo-Altre-Applicazioni.jpg?id=1403) !important;background-position: center !important;background-repeat: no-repeat !important;background-size: cover !important;}&#8220;][vc_column][\/vc_column][\/vc_row][vc_row full_width=&#8220;stretch_row_content&#8220; content_placement=&#8220;middle&#8220; css=&#8220;.vc_custom_1539782321538{margin-top: -20px !important;background-position: center !important;background-repeat: no-repeat !important;background-size: cover !important;}&#8220;][vc_column width=&#8220;1\/6&#8243;][\/vc_column][vc_column width=&#8220;2\/3&#8243;][vc_row_inner][vc_column_inner width=&#8220;1\/2&#8243;][vc_single_image img_size=&#8220;full&#8220; alignment=&#8220;center&#8220; onclick=&#8220;custom_link&#8220; link=&#8220;http:\/\/guidaimpianti.com\/wp-content\/uploads\/2018\/10\/165A4740.jpg&#8220; image=&#8220;id^797|url^http:\/\/guidaimpianti.com\/wp-content\/uploads\/2018\/10\/165A4740.jpg|caption^null|alt^null|title^165A4740|description^null&#8220;][\/vc_column_inner][vc_column_inner width=&#8220;1\/2&#8243;][vc_single_image img_size=&#8220;full&#8220; alignment=&#8220;center&#8220; onclick=&#8220;custom_link&#8220; link=&#8220;http:\/\/guidaimpianti.com\/wp-content\/uploads\/2018\/12\/165A4786.jpg&#8220; image=&#8220;id^1472|url^http:\/\/guidaimpianti.com\/wp-content\/uploads\/2018\/12\/165A4786.jpg|caption^null|alt^null|title^165A4786|description^null&#8220;][\/vc_column_inner][\/vc_row_inner][vc_row_inner][vc_column_inner width=&#8220;1\/2&#8243;][vc_single_image img_size=&#8220;full&#8220; alignment=&#8220;center&#8220; onclick=&#8220;custom_link&#8220; link=&#8220;http:\/\/guidaimpianti.com\/wp-content\/uploads\/2018\/10\/165A4868.jpg&#8220; image=&#8220;id^792|url^http:\/\/guidaimpianti.com\/wp-content\/uploads\/2018\/10\/165A4868.jpg|caption^null|alt^null|title^165A4868|description^null&#8220;][\/vc_column_inner][vc_column_inner width=&#8220;1\/2&#8243;][vc_single_image img_size=&#8220;full&#8220; alignment=&#8220;center&#8220; onclick=&#8220;custom_link&#8220; link=&#8220;http:\/\/guidaimpianti.com\/wp-content\/uploads\/2018\/12\/165A4813.jpg&#8220; image=&#8220;id^1482|url^http:\/\/guidaimpianti.com\/wp-content\/uploads\/2018\/12\/165A4813.jpg|caption^null|alt^null|title^165A4813|description^null&#8220;][\/vc_column_inner][\/vc_row_inner][\/vc_column][vc_column width=&#8220;1\/6&#8243;][\/vc_column][\/vc_row]<\/p>\n","protected":false},"author":3,"featured_media":0,"parent":0,"menu_order":60,"comment_status":"closed","ping_status":"closed","template":"","meta":{"footnotes":""},"class_list":["post-1142","page","type-page","status-publish","hentry"],"yoast_head":"<!-- This site is optimized with the Yoast SEO plugin v27.4 - https:\/\/yoast.com\/product\/yoast-seo-wordpress\/ -->\n<title>Andere Anwendungen | Guida Engeneering<\/title>\n<meta name=\"robots\" content=\"index, follow, max-snippet:-1, max-image-preview:large, max-video-preview:-1\" \/>\n<link rel=\"canonical\" href=\"https:\/\/guidaimpianti.com\/de\/altre-applicazioni\/\" \/>\n<meta property=\"og:locale\" content=\"de_DE\" \/>\n<meta property=\"og:type\" content=\"article\" \/>\n<meta property=\"og:title\" content=\"Andere Anwendungen | Guida Engeneering\" \/>\n<meta property=\"og:description\" content=\"[vc_row full_width=&#8220;stretch_row_content&#8220; css=&#8220;.vc_custom_1543998711335{background-image: url(http:\/\/guidaimpianti.com\/wp-content\/uploads\/2018\/12\/Foto-Sfondo-Altre-Applicazioni.jpg?id=1403) !important;background-position: center !important;background-repeat: no-repeat !important;background-size: cover !important;}&#8220;][vc_column][\/vc_column][\/vc_row][vc_row full_width=&#8220;stretch_row_content&#8220; content_placement=&#8220;middle&#8220; css=&#8220;.vc_custom_1539782321538{margin-top: -20px !important;background-position: center !important;background-repeat: no-repeat !important;background-size: cover !important;}&#8220;][vc_column width=&#8220;1\/6&#8243;][\/vc_column][vc_column width=&#8220;2\/3&#8243;][vc_row_inner][vc_column_inner width=&#8220;1\/2&#8243;][vc_single_image img_size=&#8220;full&#8220; alignment=&#8220;center&#8220; onclick=&#8220;custom_link&#8220; link=&#8220;http:\/\/guidaimpianti.com\/wp-content\/uploads\/2018\/10\/165A4740.jpg&#8220; image=&#8220;id^797|url^http:\/\/guidaimpianti.com\/wp-content\/uploads\/2018\/10\/165A4740.jpg|caption^null|alt^null|title^165A4740|description^null&#8220;][\/vc_column_inner][vc_column_inner width=&#8220;1\/2&#8243;][vc_single_image img_size=&#8220;full&#8220; alignment=&#8220;center&#8220; onclick=&#8220;custom_link&#8220; link=&#8220;http:\/\/guidaimpianti.com\/wp-content\/uploads\/2018\/12\/165A4786.jpg&#8220; image=&#8220;id^1472|url^http:\/\/guidaimpianti.com\/wp-content\/uploads\/2018\/12\/165A4786.jpg|caption^null|alt^null|title^165A4786|description^null&#8220;][\/vc_column_inner][\/vc_row_inner][vc_row_inner][vc_column_inner width=&#8220;1\/2&#8243;][vc_single_image img_size=&#8220;full&#8220; alignment=&#8220;center&#8220; onclick=&#8220;custom_link&#8220; link=&#8220;http:\/\/guidaimpianti.com\/wp-content\/uploads\/2018\/10\/165A4868.jpg&#8220; image=&#8220;id^792|url^http:\/\/guidaimpianti.com\/wp-content\/uploads\/2018\/10\/165A4868.jpg|caption^null|alt^null|title^165A4868|description^null&#8220;][\/vc_column_inner][vc_column_inner width=&#8220;1\/2&#8243;][vc_single_image img_size=&#8220;full&#8220; alignment=&#8220;center&#8220; onclick=&#8220;custom_link&#8220; link=&#8220;http:\/\/guidaimpianti.com\/wp-content\/uploads\/2018\/12\/165A4813.jpg&#8220; image=&#8220;id^1482|url^http:\/\/guidaimpianti.com\/wp-content\/uploads\/2018\/12\/165A4813.jpg|caption^null|alt^null|title^165A4813|description^null&#8220;][\/vc_column_inner][\/vc_row_inner][\/vc_column][vc_column width=&#8220;1\/6&#8243;][\/vc_column][\/vc_row]\" \/>\n<meta property=\"og:url\" content=\"https:\/\/guidaimpianti.com\/de\/altre-applicazioni\/\" \/>\n<meta property=\"og:site_name\" content=\"Guida Engeneering\" \/>\n<meta property=\"article:modified_time\" content=\"2018-12-06T08:29:03+00:00\" \/>\n<meta name=\"twitter:card\" content=\"summary_large_image\" \/>\n<meta name=\"twitter:label1\" content=\"Gesch\u00e4tzte Lesezeit\" \/>\n\t<meta name=\"twitter:data1\" content=\"3\u00a0Minuten\" \/>\n<script type=\"application\/ld+json\" class=\"yoast-schema-graph\">{\"@context\":\"https:\\\/\\\/schema.org\",\"@graph\":[{\"@type\":\"WebPage\",\"@id\":\"https:\\\/\\\/guidaimpianti.com\\\/de\\\/altre-applicazioni\\\/\",\"url\":\"https:\\\/\\\/guidaimpianti.com\\\/de\\\/altre-applicazioni\\\/\",\"name\":\"Andere Anwendungen | Guida Engeneering\",\"isPartOf\":{\"@id\":\"https:\\\/\\\/guidaimpianti.com\\\/#website\"},\"datePublished\":\"2018-10-09T14:32:58+00:00\",\"dateModified\":\"2018-12-06T08:29:03+00:00\",\"breadcrumb\":{\"@id\":\"https:\\\/\\\/guidaimpianti.com\\\/de\\\/altre-applicazioni\\\/#breadcrumb\"},\"inLanguage\":\"de\",\"potentialAction\":[{\"@type\":\"ReadAction\",\"target\":[\"https:\\\/\\\/guidaimpianti.com\\\/de\\\/altre-applicazioni\\\/\"]}]},{\"@type\":\"BreadcrumbList\",\"@id\":\"https:\\\/\\\/guidaimpianti.com\\\/de\\\/altre-applicazioni\\\/#breadcrumb\",\"itemListElement\":[{\"@type\":\"ListItem\",\"position\":1,\"name\":\"Home\",\"item\":\"https:\\\/\\\/guidaimpianti.com\\\/de\\\/\"},{\"@type\":\"ListItem\",\"position\":2,\"name\":\"Andere Anwendungen\"}]},{\"@type\":\"WebSite\",\"@id\":\"https:\\\/\\\/guidaimpianti.com\\\/#website\",\"url\":\"https:\\\/\\\/guidaimpianti.com\\\/\",\"name\":\"Guida Engeneering\",\"description\":\"\",\"potentialAction\":[{\"@type\":\"SearchAction\",\"target\":{\"@type\":\"EntryPoint\",\"urlTemplate\":\"https:\\\/\\\/guidaimpianti.com\\\/?s={search_term_string}\"},\"query-input\":{\"@type\":\"PropertyValueSpecification\",\"valueRequired\":true,\"valueName\":\"search_term_string\"}}],\"inLanguage\":\"de\"}]}<\/script>\n<!-- \/ Yoast SEO plugin. -->","yoast_head_json":{"title":"Andere Anwendungen | Guida Engeneering","robots":{"index":"index","follow":"follow","max-snippet":"max-snippet:-1","max-image-preview":"max-image-preview:large","max-video-preview":"max-video-preview:-1"},"canonical":"https:\/\/guidaimpianti.com\/de\/altre-applicazioni\/","og_locale":"de_DE","og_type":"article","og_title":"Andere Anwendungen | Guida Engeneering","og_description":"[vc_row full_width=&#8220;stretch_row_content&#8220; css=&#8220;.vc_custom_1543998711335{background-image: url(http:\/\/guidaimpianti.com\/wp-content\/uploads\/2018\/12\/Foto-Sfondo-Altre-Applicazioni.jpg?id=1403) !important;background-position: center !important;background-repeat: no-repeat !important;background-size: cover !important;}&#8220;][vc_column][\/vc_column][\/vc_row][vc_row full_width=&#8220;stretch_row_content&#8220; content_placement=&#8220;middle&#8220; css=&#8220;.vc_custom_1539782321538{margin-top: -20px !important;background-position: center !important;background-repeat: no-repeat !important;background-size: cover !important;}&#8220;][vc_column width=&#8220;1\/6&#8243;][\/vc_column][vc_column width=&#8220;2\/3&#8243;][vc_row_inner][vc_column_inner width=&#8220;1\/2&#8243;][vc_single_image img_size=&#8220;full&#8220; alignment=&#8220;center&#8220; onclick=&#8220;custom_link&#8220; link=&#8220;http:\/\/guidaimpianti.com\/wp-content\/uploads\/2018\/10\/165A4740.jpg&#8220; image=&#8220;id^797|url^http:\/\/guidaimpianti.com\/wp-content\/uploads\/2018\/10\/165A4740.jpg|caption^null|alt^null|title^165A4740|description^null&#8220;][\/vc_column_inner][vc_column_inner width=&#8220;1\/2&#8243;][vc_single_image img_size=&#8220;full&#8220; alignment=&#8220;center&#8220; onclick=&#8220;custom_link&#8220; link=&#8220;http:\/\/guidaimpianti.com\/wp-content\/uploads\/2018\/12\/165A4786.jpg&#8220; image=&#8220;id^1472|url^http:\/\/guidaimpianti.com\/wp-content\/uploads\/2018\/12\/165A4786.jpg|caption^null|alt^null|title^165A4786|description^null&#8220;][\/vc_column_inner][\/vc_row_inner][vc_row_inner][vc_column_inner width=&#8220;1\/2&#8243;][vc_single_image img_size=&#8220;full&#8220; alignment=&#8220;center&#8220; onclick=&#8220;custom_link&#8220; link=&#8220;http:\/\/guidaimpianti.com\/wp-content\/uploads\/2018\/10\/165A4868.jpg&#8220; image=&#8220;id^792|url^http:\/\/guidaimpianti.com\/wp-content\/uploads\/2018\/10\/165A4868.jpg|caption^null|alt^null|title^165A4868|description^null&#8220;][\/vc_column_inner][vc_column_inner width=&#8220;1\/2&#8243;][vc_single_image img_size=&#8220;full&#8220; alignment=&#8220;center&#8220; onclick=&#8220;custom_link&#8220; link=&#8220;http:\/\/guidaimpianti.com\/wp-content\/uploads\/2018\/12\/165A4813.jpg&#8220; image=&#8220;id^1482|url^http:\/\/guidaimpianti.com\/wp-content\/uploads\/2018\/12\/165A4813.jpg|caption^null|alt^null|title^165A4813|description^null&#8220;][\/vc_column_inner][\/vc_row_inner][\/vc_column][vc_column width=&#8220;1\/6&#8243;][\/vc_column][\/vc_row]","og_url":"https:\/\/guidaimpianti.com\/de\/altre-applicazioni\/","og_site_name":"Guida Engeneering","article_modified_time":"2018-12-06T08:29:03+00:00","twitter_card":"summary_large_image","twitter_misc":{"Gesch\u00e4tzte Lesezeit":"3\u00a0Minuten"},"schema":{"@context":"https:\/\/schema.org","@graph":[{"@type":"WebPage","@id":"https:\/\/guidaimpianti.com\/de\/altre-applicazioni\/","url":"https:\/\/guidaimpianti.com\/de\/altre-applicazioni\/","name":"Andere Anwendungen | Guida Engeneering","isPartOf":{"@id":"https:\/\/guidaimpianti.com\/#website"},"datePublished":"2018-10-09T14:32:58+00:00","dateModified":"2018-12-06T08:29:03+00:00","breadcrumb":{"@id":"https:\/\/guidaimpianti.com\/de\/altre-applicazioni\/#breadcrumb"},"inLanguage":"de","potentialAction":[{"@type":"ReadAction","target":["https:\/\/guidaimpianti.com\/de\/altre-applicazioni\/"]}]},{"@type":"BreadcrumbList","@id":"https:\/\/guidaimpianti.com\/de\/altre-applicazioni\/#breadcrumb","itemListElement":[{"@type":"ListItem","position":1,"name":"Home","item":"https:\/\/guidaimpianti.com\/de\/"},{"@type":"ListItem","position":2,"name":"Andere Anwendungen"}]},{"@type":"WebSite","@id":"https:\/\/guidaimpianti.com\/#website","url":"https:\/\/guidaimpianti.com\/","name":"Guida Engeneering","description":"","potentialAction":[{"@type":"SearchAction","target":{"@type":"EntryPoint","urlTemplate":"https:\/\/guidaimpianti.com\/?s={search_term_string}"},"query-input":{"@type":"PropertyValueSpecification","valueRequired":true,"valueName":"search_term_string"}}],"inLanguage":"de"}]}},"_links":{"self":[{"href":"https:\/\/guidaimpianti.com\/de\/wp-json\/wp\/v2\/pages\/1142","targetHints":{"allow":["GET"]}}],"collection":[{"href":"https:\/\/guidaimpianti.com\/de\/wp-json\/wp\/v2\/pages"}],"about":[{"href":"https:\/\/guidaimpianti.com\/de\/wp-json\/wp\/v2\/types\/page"}],"author":[{"embeddable":true,"href":"https:\/\/guidaimpianti.com\/de\/wp-json\/wp\/v2\/users\/3"}],"replies":[{"embeddable":true,"href":"https:\/\/guidaimpianti.com\/de\/wp-json\/wp\/v2\/comments?post=1142"}],"version-history":[{"count":5,"href":"https:\/\/guidaimpianti.com\/de\/wp-json\/wp\/v2\/pages\/1142\/revisions"}],"predecessor-version":[{"id":1537,"href":"https:\/\/guidaimpianti.com\/de\/wp-json\/wp\/v2\/pages\/1142\/revisions\/1537"}],"wp:attachment":[{"href":"https:\/\/guidaimpianti.com\/de\/wp-json\/wp\/v2\/media?parent=1142"}],"curies":[{"name":"wp","href":"https:\/\/api.w.org\/{rel}","templated":true}]}}