{"id":1144,"date":"2018-10-09T16:17:48","date_gmt":"2018-10-09T14:17:48","guid":{"rendered":"https:\/\/www.guidaimpianti.eu\/servizi-e-ricondizionamento\/"},"modified":"2018-12-05T10:18:09","modified_gmt":"2018-12-05T09:18:09","slug":"servizi-e-ricondizionamento","status":"publish","type":"page","link":"https:\/\/guidaimpianti.com\/de\/servizi-e-ricondizionamento\/","title":{"rendered":"Dienstleistungen und KD"},"content":{"rendered":"<p>[vc_row full_width=&#8220;stretch_row_content&#8220; content_placement=&#8220;middle&#8220; css=&#8220;.vc_custom_1544000443684{background-image: url(http:\/\/guidaimpianti.com\/wp-content\/uploads\/2018\/12\/Foto-Sfondo-Servizi-e-Ricondizionamento-post-vendita.jpg?id=1430) !important;background-position: center !important;background-repeat: no-repeat !important;background-size: cover !important;}&#8220;][vc_column]<div class=\"ult-spacer spacer-69ea16d0e0dee\" data-id=\"69ea16d0e0dee\" data-height=\"280\" data-height-mobile=\"145\" data-height-tab=\"\" data-height-tab-portrait=\"\" data-height-mobile-landscape=\"145\" style=\"clear:both;display:block;\"><\/div><div id=\"ultimate-heading-272269ea16d0e0e5e\" class=\"uvc-heading ult-adjust-bottom-margin ultimate-heading-272269ea16d0e0e5e uvc-5269 \" data-hspacer=\"no_spacer\"  data-halign=\"center\" style=\"text-align:center\"><div class=\"uvc-heading-spacer no_spacer\" style=\"top\"><\/div><div class=\"uvc-main-heading ult-responsive\"  data-ultimate-target='.uvc-heading.ultimate-heading-272269ea16d0e0e5e h2'  data-responsive-json-new='{\"font-size\":\"desktop:30px;\",\"line-height\":\"\"}' ><h2 style=\"font-family:&#039;Lato&#039;;font-weight:700;color:#ffffff;\">DIENSTLEISTUNGEN UND KD<\/h2><\/div><\/div><div class=\"ult-spacer spacer-69ea16d0e0ecd\" data-id=\"69ea16d0e0ecd\" data-height=\"155\" data-height-mobile=\"105\" data-height-tab=\"\" data-height-tab-portrait=\"\" data-height-mobile-landscape=\"105\" style=\"clear:both;display:block;\"><\/div>[\/vc_column][\/vc_row][vc_row full_width=&#8220;stretch_row_content&#8220; css=&#8220;.vc_custom_1539782370872{margin-top: -20px !important;background-position: center !important;background-repeat: no-repeat !important;background-size: cover !important;}&#8220;][vc_column width=&#8220;1\/6&#8243;][\/vc_column][vc_column width=&#8220;2\/3&#8243;]<div class=\"ult-spacer spacer-69ea16d0e0ef8\" data-id=\"69ea16d0e0ef8\" data-height=\"40\" data-height-mobile=\"0\" data-height-tab=\"\" data-height-tab-portrait=\"\" data-height-mobile-landscape=\"0\" style=\"clear:both;display:block;\"><\/div><div id=\"ultimate-heading-281969ea16d0e0f2e\" class=\"uvc-heading ult-adjust-bottom-margin ultimate-heading-281969ea16d0e0f2e uvc-7702 testo-giustificato\" data-hspacer=\"no_spacer\"  data-halign=\"center\" style=\"text-align:center\"><div class=\"uvc-heading-spacer no_spacer\" style=\"top\"><\/div><div class=\"uvc-sub-heading ult-responsive\"  data-ultimate-target='.uvc-heading.ultimate-heading-281969ea16d0e0f2e .uvc-sub-heading '  data-responsive-json-new='{\"font-size\":\"desktop:18px;\",\"line-height\":\"\"}'  style=\"font-family:&#039;Lato&#039;;font-weight:300;color:#000000;\">Guida Impianti S.p.a <strong>bietet professionelle Unterst\u00fctzung und Wartung<\/strong> mit gro\u00dfer Aufmerksamkeit f\u00fcr die Bed\u00fcrfnisse unserer Kunden.<\/p>\n<p>Unsere Techniker verf\u00fcgen \u00fcber eine jahrzehntelange Erfahrung, die es ihnen erm\u00f6glicht, auf Mehrmarkenmaschinen zu arbeiten, wobei sie auf einen Bestand an Ersatzteilen zur\u00fcckgreifen k\u00f6nnen, der f\u00fcr die Bedienung von Stahl-Service-Centern optimiert ist.<\/p>\n<p>Der\u00a0<strong>Kundendienst<\/strong> wird sowohl mit gezielten L\u00f6sungen als auch mit j\u00e4hrlichen Rahmenvertr\u00e4gen unter besonderer Ber\u00fccksichtigung der Einhaltung der Sicherheitsvorschriften angeboten.<\/div><\/div><div class=\"ult-spacer spacer-69ea16d0e0f6a\" data-id=\"69ea16d0e0f6a\" data-height=\"20\" data-height-mobile=\"20\" data-height-tab=\"20\" data-height-tab-portrait=\"\" data-height-mobile-landscape=\"\" style=\"clear:both;display:block;\"><\/div><div class=\" ubtn-ctn-center \"><a class=\"ubtn-link ult-adjust-bottom-margin ubtn-center ubtn-normal \" href=\"mailto:info@guidaimpianti.com\" ><button type=\"button\" id=\"ubtn-6502\"  class=\"ubtn ult-adjust-bottom-margin ult-responsive ubtn-normal ubtn-no-hover-bg  none  ubtn-sep-icon ubtn-sep-icon-bottom-push  ubtn-center   tooltip-69ea16d0e0fa0\"  data-hover=\"\" data-border-color=\"\" data-bg=\"#198c50\" data-hover-bg=\"\" data-border-hover=\"\" data-shadow-hover=\"\" data-shadow-click=\"none\" data-shadow=\"\" data-shd-shadow=\"\"  data-ultimate-target='#ubtn-6502'  data-responsive-json-new='{\"font-size\":\"desktop:18px;\",\"line-height\":\"\"}'  style=\"font-family:&#039;Lato&#039;;font-weight:700;border:none;background: #198c50;color: #ffffff;\"><span class=\"ubtn-data ubtn-icon\"><i class=\"Defaults-envelope-o\" style=\"font-size:30px;color:;\"><\/i><\/span><span class=\"ubtn-hover\" style=\"background-color:\"><\/span><span class=\"ubtn-data ubtn-text \" >Kontakt<\/span><\/button><\/a><\/div><div class=\"ult-spacer spacer-69ea16d0e1005\" data-id=\"69ea16d0e1005\" data-height=\"40\" data-height-mobile=\"40\" data-height-tab=\"40\" data-height-tab-portrait=\"\" data-height-mobile-landscape=\"\" style=\"clear:both;display:block;\"><\/div>[vc_row_inner][vc_column_inner width=&#8220;1\/3&#8243;][vc_single_image img_size=&#8220;full&#8220; alignment=&#8220;center&#8220; onclick=&#8220;custom_link&#8220; link=&#8220;http:\/\/guidaimpianti.com\/wp-content\/uploads\/2018\/12\/Servizi-e-Ricon-post-vendita-1.jpg&#8220; image=&#8220;id^1450|url^http:\/\/guidaimpianti.com\/wp-content\/uploads\/2018\/12\/Servizi-e-Ricon-post-vendita-1.jpg|caption^null|alt^null|title^Servizi-e-Ricon-post-vendita-1|description^null&#8220;][\/vc_column_inner][vc_column_inner width=&#8220;1\/3&#8243;][vc_single_image img_size=&#8220;full&#8220; alignment=&#8220;center&#8220; onclick=&#8220;custom_link&#8220; link=&#8220;http:\/\/guidaimpianti.com\/wp-content\/uploads\/2018\/10\/165A4710-1.jpg&#8220; image=&#8220;id^1049|url^http:\/\/guidaimpianti.com\/wp-content\/uploads\/2018\/10\/165A4710-1.jpg|caption^null|alt^null|title^165A4710|description^null&#8220;][\/vc_column_inner][vc_column_inner width=&#8220;1\/3&#8243;][vc_single_image img_size=&#8220;full&#8220; alignment=&#8220;center&#8220; onclick=&#8220;custom_link&#8220; link=&#8220;http:\/\/guidaimpianti.com\/wp-content\/uploads\/2018\/10\/165A4735-3.jpg&#8220; image=&#8220;id^1064|url^http:\/\/guidaimpianti.com\/wp-content\/uploads\/2018\/10\/165A4735-3.jpg|caption^null|alt^null|title^165A4735|description^null&#8220;][\/vc_column_inner][\/vc_row_inner][vc_row_inner][vc_column_inner width=&#8220;1\/3&#8243;][vc_single_image img_size=&#8220;full&#8220; alignment=&#8220;center&#8220; onclick=&#8220;custom_link&#8220; link=&#8220;http:\/\/guidaimpianti.com\/wp-content\/uploads\/2018\/10\/165A4780-1.jpg&#8220; image=&#8220;id^1069|url^http:\/\/guidaimpianti.com\/wp-content\/uploads\/2018\/10\/165A4780-1.jpg|caption^null|alt^null|title^165A4780|description^null&#8220;][\/vc_column_inner][vc_column_inner width=&#8220;1\/3&#8243;][vc_single_image img_size=&#8220;full&#8220; alignment=&#8220;center&#8220; onclick=&#8220;custom_link&#8220; link=&#8220;http:\/\/guidaimpianti.com\/wp-content\/uploads\/2018\/10\/165A4731-1.jpg&#8220; image=&#8220;id^1059|url^http:\/\/guidaimpianti.com\/wp-content\/uploads\/2018\/10\/165A4731-1.jpg|caption^null|alt^null|title^165A4731|description^null&#8220;][\/vc_column_inner][vc_column_inner width=&#8220;1\/3&#8243;][vc_single_image img_size=&#8220;full&#8220; alignment=&#8220;center&#8220; onclick=&#8220;custom_link&#8220; link=&#8220;http:\/\/guidaimpianti.com\/wp-content\/uploads\/2018\/12\/Servizi-e-Ricon-post-vendita-6.jpg&#8220; image=&#8220;id^1461|url^http:\/\/guidaimpianti.com\/wp-content\/uploads\/2018\/12\/Servizi-e-Ricon-post-vendita-6.jpg|caption^null|alt^null|title^Servizi-e-Ricon-post-vendita-6|description^null&#8220;][\/vc_column_inner][\/vc_row_inner]<div class=\"ult-spacer spacer-69ea16d0e1027\" data-id=\"69ea16d0e1027\" data-height=\"40\" data-height-mobile=\"0\" data-height-tab=\"\" data-height-tab-portrait=\"\" data-height-mobile-landscape=\"0\" style=\"clear:both;display:block;\"><\/div>[\/vc_column][vc_column width=&#8220;1\/6&#8243;][\/vc_column][\/vc_row]<\/p>\n","protected":false},"excerpt":{"rendered":"<p>[vc_row full_width=&#8220;stretch_row_content&#8220; content_placement=&#8220;middle&#8220; css=&#8220;.vc_custom_1544000443684{background-image: url(http:\/\/guidaimpianti.com\/wp-content\/uploads\/2018\/12\/Foto-Sfondo-Servizi-e-Ricondizionamento-post-vendita.jpg?id=1430) !important;background-position: center !important;background-repeat: no-repeat !important;background-size: cover !important;}&#8220;][vc_column][\/vc_column][\/vc_row][vc_row full_width=&#8220;stretch_row_content&#8220; css=&#8220;.vc_custom_1539782370872{margin-top: -20px !important;background-position: center !important;background-repeat: no-repeat !important;background-size: cover !important;}&#8220;][vc_column width=&#8220;1\/6&#8243;][\/vc_column][vc_column width=&#8220;2\/3&#8243;][vc_row_inner][vc_column_inner width=&#8220;1\/3&#8243;][vc_single_image img_size=&#8220;full&#8220; alignment=&#8220;center&#8220; onclick=&#8220;custom_link&#8220; link=&#8220;http:\/\/guidaimpianti.com\/wp-content\/uploads\/2018\/12\/Servizi-e-Ricon-post-vendita-1.jpg&#8220; image=&#8220;id^1450|url^http:\/\/guidaimpianti.com\/wp-content\/uploads\/2018\/12\/Servizi-e-Ricon-post-vendita-1.jpg|caption^null|alt^null|title^Servizi-e-Ricon-post-vendita-1|description^null&#8220;][\/vc_column_inner][vc_column_inner width=&#8220;1\/3&#8243;][vc_single_image img_size=&#8220;full&#8220; alignment=&#8220;center&#8220; onclick=&#8220;custom_link&#8220; link=&#8220;http:\/\/guidaimpianti.com\/wp-content\/uploads\/2018\/10\/165A4710-1.jpg&#8220; image=&#8220;id^1049|url^http:\/\/guidaimpianti.com\/wp-content\/uploads\/2018\/10\/165A4710-1.jpg|caption^null|alt^null|title^165A4710|description^null&#8220;][\/vc_column_inner][vc_column_inner width=&#8220;1\/3&#8243;][vc_single_image img_size=&#8220;full&#8220; alignment=&#8220;center&#8220; onclick=&#8220;custom_link&#8220; link=&#8220;http:\/\/guidaimpianti.com\/wp-content\/uploads\/2018\/10\/165A4735-3.jpg&#8220; image=&#8220;id^1064|url^http:\/\/guidaimpianti.com\/wp-content\/uploads\/2018\/10\/165A4735-3.jpg|caption^null|alt^null|title^165A4735|description^null&#8220;][\/vc_column_inner][\/vc_row_inner][vc_row_inner][vc_column_inner width=&#8220;1\/3&#8243;][vc_single_image img_size=&#8220;full&#8220; alignment=&#8220;center&#8220; onclick=&#8220;custom_link&#8220; link=&#8220;http:\/\/guidaimpianti.com\/wp-content\/uploads\/2018\/10\/165A4780-1.jpg&#8220; image=&#8220;id^1069|url^http:\/\/guidaimpianti.com\/wp-content\/uploads\/2018\/10\/165A4780-1.jpg|caption^null|alt^null|title^165A4780|description^null&#8220;][\/vc_column_inner][vc_column_inner width=&#8220;1\/3&#8243;][vc_single_image img_size=&#8220;full&#8220; alignment=&#8220;center&#8220; onclick=&#8220;custom_link&#8220; link=&#8220;http:\/\/guidaimpianti.com\/wp-content\/uploads\/2018\/10\/165A4731-1.jpg&#8220; image=&#8220;id^1059|url^http:\/\/guidaimpianti.com\/wp-content\/uploads\/2018\/10\/165A4731-1.jpg|caption^null|alt^null|title^165A4731|description^null&#8220;][\/vc_column_inner][vc_column_inner width=&#8220;1\/3&#8243;][vc_single_image img_size=&#8220;full&#8220;<\/p>\n","protected":false},"author":3,"featured_media":0,"parent":0,"menu_order":70,"comment_status":"closed","ping_status":"closed","template":"","meta":{"footnotes":""},"class_list":["post-1144","page","type-page","status-publish","hentry"],"yoast_head":"<!-- This site is optimized with the Yoast SEO plugin v27.4 - https:\/\/yoast.com\/product\/yoast-seo-wordpress\/ -->\n<title>Dienstleistungen und KD | Guida Engeneering<\/title>\n<meta name=\"robots\" content=\"index, follow, max-snippet:-1, max-image-preview:large, max-video-preview:-1\" \/>\n<link rel=\"canonical\" href=\"https:\/\/guidaimpianti.com\/de\/servizi-e-ricondizionamento\/\" \/>\n<meta property=\"og:locale\" content=\"de_DE\" \/>\n<meta property=\"og:type\" content=\"article\" \/>\n<meta property=\"og:title\" content=\"Dienstleistungen und KD | Guida Engeneering\" \/>\n<meta property=\"og:description\" content=\"[vc_row full_width=&#8220;stretch_row_content&#8220; content_placement=&#8220;middle&#8220; css=&#8220;.vc_custom_1544000443684{background-image: url(http:\/\/guidaimpianti.com\/wp-content\/uploads\/2018\/12\/Foto-Sfondo-Servizi-e-Ricondizionamento-post-vendita.jpg?id=1430) !important;background-position: center !important;background-repeat: no-repeat !important;background-size: cover !important;}&#8220;][vc_column][\/vc_column][\/vc_row][vc_row full_width=&#8220;stretch_row_content&#8220; css=&#8220;.vc_custom_1539782370872{margin-top: -20px !important;background-position: center !important;background-repeat: no-repeat !important;background-size: cover !important;}&#8220;][vc_column width=&#8220;1\/6&#8243;][\/vc_column][vc_column width=&#8220;2\/3&#8243;][vc_row_inner][vc_column_inner width=&#8220;1\/3&#8243;][vc_single_image img_size=&#8220;full&#8220; alignment=&#8220;center&#8220; onclick=&#8220;custom_link&#8220; link=&#8220;http:\/\/guidaimpianti.com\/wp-content\/uploads\/2018\/12\/Servizi-e-Ricon-post-vendita-1.jpg&#8220; image=&#8220;id^1450|url^http:\/\/guidaimpianti.com\/wp-content\/uploads\/2018\/12\/Servizi-e-Ricon-post-vendita-1.jpg|caption^null|alt^null|title^Servizi-e-Ricon-post-vendita-1|description^null&#8220;][\/vc_column_inner][vc_column_inner width=&#8220;1\/3&#8243;][vc_single_image img_size=&#8220;full&#8220; alignment=&#8220;center&#8220; onclick=&#8220;custom_link&#8220; link=&#8220;http:\/\/guidaimpianti.com\/wp-content\/uploads\/2018\/10\/165A4710-1.jpg&#8220; image=&#8220;id^1049|url^http:\/\/guidaimpianti.com\/wp-content\/uploads\/2018\/10\/165A4710-1.jpg|caption^null|alt^null|title^165A4710|description^null&#8220;][\/vc_column_inner][vc_column_inner width=&#8220;1\/3&#8243;][vc_single_image img_size=&#8220;full&#8220; alignment=&#8220;center&#8220; onclick=&#8220;custom_link&#8220; link=&#8220;http:\/\/guidaimpianti.com\/wp-content\/uploads\/2018\/10\/165A4735-3.jpg&#8220; image=&#8220;id^1064|url^http:\/\/guidaimpianti.com\/wp-content\/uploads\/2018\/10\/165A4735-3.jpg|caption^null|alt^null|title^165A4735|description^null&#8220;][\/vc_column_inner][\/vc_row_inner][vc_row_inner][vc_column_inner width=&#8220;1\/3&#8243;][vc_single_image img_size=&#8220;full&#8220; alignment=&#8220;center&#8220; onclick=&#8220;custom_link&#8220; link=&#8220;http:\/\/guidaimpianti.com\/wp-content\/uploads\/2018\/10\/165A4780-1.jpg&#8220; image=&#8220;id^1069|url^http:\/\/guidaimpianti.com\/wp-content\/uploads\/2018\/10\/165A4780-1.jpg|caption^null|alt^null|title^165A4780|description^null&#8220;][\/vc_column_inner][vc_column_inner width=&#8220;1\/3&#8243;][vc_single_image img_size=&#8220;full&#8220; alignment=&#8220;center&#8220; onclick=&#8220;custom_link&#8220; link=&#8220;http:\/\/guidaimpianti.com\/wp-content\/uploads\/2018\/10\/165A4731-1.jpg&#8220; image=&#8220;id^1059|url^http:\/\/guidaimpianti.com\/wp-content\/uploads\/2018\/10\/165A4731-1.jpg|caption^null|alt^null|title^165A4731|description^null&#8220;][\/vc_column_inner][vc_column_inner width=&#8220;1\/3&#8243;][vc_single_image img_size=&#8220;full&#8220;\" \/>\n<meta property=\"og:url\" content=\"https:\/\/guidaimpianti.com\/de\/servizi-e-ricondizionamento\/\" \/>\n<meta property=\"og:site_name\" content=\"Guida Engeneering\" \/>\n<meta property=\"article:modified_time\" content=\"2018-12-05T09:18:09+00:00\" \/>\n<meta name=\"twitter:card\" content=\"summary_large_image\" \/>\n<meta name=\"twitter:label1\" content=\"Gesch\u00e4tzte Lesezeit\" \/>\n\t<meta name=\"twitter:data1\" content=\"3\u00a0Minuten\" \/>\n<script type=\"application\/ld+json\" class=\"yoast-schema-graph\">{\"@context\":\"https:\\\/\\\/schema.org\",\"@graph\":[{\"@type\":\"WebPage\",\"@id\":\"https:\\\/\\\/guidaimpianti.com\\\/de\\\/servizi-e-ricondizionamento\\\/\",\"url\":\"https:\\\/\\\/guidaimpianti.com\\\/de\\\/servizi-e-ricondizionamento\\\/\",\"name\":\"Dienstleistungen und KD | Guida Engeneering\",\"isPartOf\":{\"@id\":\"https:\\\/\\\/guidaimpianti.com\\\/#website\"},\"datePublished\":\"2018-10-09T14:17:48+00:00\",\"dateModified\":\"2018-12-05T09:18:09+00:00\",\"breadcrumb\":{\"@id\":\"https:\\\/\\\/guidaimpianti.com\\\/de\\\/servizi-e-ricondizionamento\\\/#breadcrumb\"},\"inLanguage\":\"de\",\"potentialAction\":[{\"@type\":\"ReadAction\",\"target\":[\"https:\\\/\\\/guidaimpianti.com\\\/de\\\/servizi-e-ricondizionamento\\\/\"]}]},{\"@type\":\"BreadcrumbList\",\"@id\":\"https:\\\/\\\/guidaimpianti.com\\\/de\\\/servizi-e-ricondizionamento\\\/#breadcrumb\",\"itemListElement\":[{\"@type\":\"ListItem\",\"position\":1,\"name\":\"Home\",\"item\":\"https:\\\/\\\/guidaimpianti.com\\\/de\\\/\"},{\"@type\":\"ListItem\",\"position\":2,\"name\":\"Dienstleistungen und KD\"}]},{\"@type\":\"WebSite\",\"@id\":\"https:\\\/\\\/guidaimpianti.com\\\/#website\",\"url\":\"https:\\\/\\\/guidaimpianti.com\\\/\",\"name\":\"Guida Engeneering\",\"description\":\"\",\"potentialAction\":[{\"@type\":\"SearchAction\",\"target\":{\"@type\":\"EntryPoint\",\"urlTemplate\":\"https:\\\/\\\/guidaimpianti.com\\\/?s={search_term_string}\"},\"query-input\":{\"@type\":\"PropertyValueSpecification\",\"valueRequired\":true,\"valueName\":\"search_term_string\"}}],\"inLanguage\":\"de\"}]}<\/script>\n<!-- \/ Yoast SEO plugin. -->","yoast_head_json":{"title":"Dienstleistungen und KD | Guida Engeneering","robots":{"index":"index","follow":"follow","max-snippet":"max-snippet:-1","max-image-preview":"max-image-preview:large","max-video-preview":"max-video-preview:-1"},"canonical":"https:\/\/guidaimpianti.com\/de\/servizi-e-ricondizionamento\/","og_locale":"de_DE","og_type":"article","og_title":"Dienstleistungen und KD | Guida Engeneering","og_description":"[vc_row full_width=&#8220;stretch_row_content&#8220; content_placement=&#8220;middle&#8220; css=&#8220;.vc_custom_1544000443684{background-image: url(http:\/\/guidaimpianti.com\/wp-content\/uploads\/2018\/12\/Foto-Sfondo-Servizi-e-Ricondizionamento-post-vendita.jpg?id=1430) !important;background-position: center !important;background-repeat: no-repeat !important;background-size: cover !important;}&#8220;][vc_column][\/vc_column][\/vc_row][vc_row full_width=&#8220;stretch_row_content&#8220; css=&#8220;.vc_custom_1539782370872{margin-top: -20px !important;background-position: center !important;background-repeat: no-repeat !important;background-size: cover !important;}&#8220;][vc_column width=&#8220;1\/6&#8243;][\/vc_column][vc_column width=&#8220;2\/3&#8243;][vc_row_inner][vc_column_inner width=&#8220;1\/3&#8243;][vc_single_image img_size=&#8220;full&#8220; alignment=&#8220;center&#8220; onclick=&#8220;custom_link&#8220; link=&#8220;http:\/\/guidaimpianti.com\/wp-content\/uploads\/2018\/12\/Servizi-e-Ricon-post-vendita-1.jpg&#8220; image=&#8220;id^1450|url^http:\/\/guidaimpianti.com\/wp-content\/uploads\/2018\/12\/Servizi-e-Ricon-post-vendita-1.jpg|caption^null|alt^null|title^Servizi-e-Ricon-post-vendita-1|description^null&#8220;][\/vc_column_inner][vc_column_inner width=&#8220;1\/3&#8243;][vc_single_image img_size=&#8220;full&#8220; alignment=&#8220;center&#8220; onclick=&#8220;custom_link&#8220; link=&#8220;http:\/\/guidaimpianti.com\/wp-content\/uploads\/2018\/10\/165A4710-1.jpg&#8220; image=&#8220;id^1049|url^http:\/\/guidaimpianti.com\/wp-content\/uploads\/2018\/10\/165A4710-1.jpg|caption^null|alt^null|title^165A4710|description^null&#8220;][\/vc_column_inner][vc_column_inner width=&#8220;1\/3&#8243;][vc_single_image img_size=&#8220;full&#8220; alignment=&#8220;center&#8220; onclick=&#8220;custom_link&#8220; link=&#8220;http:\/\/guidaimpianti.com\/wp-content\/uploads\/2018\/10\/165A4735-3.jpg&#8220; image=&#8220;id^1064|url^http:\/\/guidaimpianti.com\/wp-content\/uploads\/2018\/10\/165A4735-3.jpg|caption^null|alt^null|title^165A4735|description^null&#8220;][\/vc_column_inner][\/vc_row_inner][vc_row_inner][vc_column_inner width=&#8220;1\/3&#8243;][vc_single_image img_size=&#8220;full&#8220; alignment=&#8220;center&#8220; onclick=&#8220;custom_link&#8220; link=&#8220;http:\/\/guidaimpianti.com\/wp-content\/uploads\/2018\/10\/165A4780-1.jpg&#8220; image=&#8220;id^1069|url^http:\/\/guidaimpianti.com\/wp-content\/uploads\/2018\/10\/165A4780-1.jpg|caption^null|alt^null|title^165A4780|description^null&#8220;][\/vc_column_inner][vc_column_inner width=&#8220;1\/3&#8243;][vc_single_image img_size=&#8220;full&#8220; alignment=&#8220;center&#8220; onclick=&#8220;custom_link&#8220; link=&#8220;http:\/\/guidaimpianti.com\/wp-content\/uploads\/2018\/10\/165A4731-1.jpg&#8220; image=&#8220;id^1059|url^http:\/\/guidaimpianti.com\/wp-content\/uploads\/2018\/10\/165A4731-1.jpg|caption^null|alt^null|title^165A4731|description^null&#8220;][\/vc_column_inner][vc_column_inner width=&#8220;1\/3&#8243;][vc_single_image img_size=&#8220;full&#8220;","og_url":"https:\/\/guidaimpianti.com\/de\/servizi-e-ricondizionamento\/","og_site_name":"Guida Engeneering","article_modified_time":"2018-12-05T09:18:09+00:00","twitter_card":"summary_large_image","twitter_misc":{"Gesch\u00e4tzte Lesezeit":"3\u00a0Minuten"},"schema":{"@context":"https:\/\/schema.org","@graph":[{"@type":"WebPage","@id":"https:\/\/guidaimpianti.com\/de\/servizi-e-ricondizionamento\/","url":"https:\/\/guidaimpianti.com\/de\/servizi-e-ricondizionamento\/","name":"Dienstleistungen und KD | Guida Engeneering","isPartOf":{"@id":"https:\/\/guidaimpianti.com\/#website"},"datePublished":"2018-10-09T14:17:48+00:00","dateModified":"2018-12-05T09:18:09+00:00","breadcrumb":{"@id":"https:\/\/guidaimpianti.com\/de\/servizi-e-ricondizionamento\/#breadcrumb"},"inLanguage":"de","potentialAction":[{"@type":"ReadAction","target":["https:\/\/guidaimpianti.com\/de\/servizi-e-ricondizionamento\/"]}]},{"@type":"BreadcrumbList","@id":"https:\/\/guidaimpianti.com\/de\/servizi-e-ricondizionamento\/#breadcrumb","itemListElement":[{"@type":"ListItem","position":1,"name":"Home","item":"https:\/\/guidaimpianti.com\/de\/"},{"@type":"ListItem","position":2,"name":"Dienstleistungen und KD"}]},{"@type":"WebSite","@id":"https:\/\/guidaimpianti.com\/#website","url":"https:\/\/guidaimpianti.com\/","name":"Guida Engeneering","description":"","potentialAction":[{"@type":"SearchAction","target":{"@type":"EntryPoint","urlTemplate":"https:\/\/guidaimpianti.com\/?s={search_term_string}"},"query-input":{"@type":"PropertyValueSpecification","valueRequired":true,"valueName":"search_term_string"}}],"inLanguage":"de"}]}},"_links":{"self":[{"href":"https:\/\/guidaimpianti.com\/de\/wp-json\/wp\/v2\/pages\/1144","targetHints":{"allow":["GET"]}}],"collection":[{"href":"https:\/\/guidaimpianti.com\/de\/wp-json\/wp\/v2\/pages"}],"about":[{"href":"https:\/\/guidaimpianti.com\/de\/wp-json\/wp\/v2\/types\/page"}],"author":[{"embeddable":true,"href":"https:\/\/guidaimpianti.com\/de\/wp-json\/wp\/v2\/users\/3"}],"replies":[{"embeddable":true,"href":"https:\/\/guidaimpianti.com\/de\/wp-json\/wp\/v2\/comments?post=1144"}],"version-history":[{"count":8,"href":"https:\/\/guidaimpianti.com\/de\/wp-json\/wp\/v2\/pages\/1144\/revisions"}],"predecessor-version":[{"id":1467,"href":"https:\/\/guidaimpianti.com\/de\/wp-json\/wp\/v2\/pages\/1144\/revisions\/1467"}],"wp:attachment":[{"href":"https:\/\/guidaimpianti.com\/de\/wp-json\/wp\/v2\/media?parent=1144"}],"curies":[{"name":"wp","href":"https:\/\/api.w.org\/{rel}","templated":true}]}}