{"id":1146,"date":"2018-10-09T16:23:53","date_gmt":"2018-10-09T14:23:53","guid":{"rendered":"https:\/\/www.guidaimpianti.eu\/ricambi\/"},"modified":"2018-12-05T10:40:48","modified_gmt":"2018-12-05T09:40:48","slug":"ricambi","status":"publish","type":"page","link":"https:\/\/guidaimpianti.com\/de\/ricambi\/","title":{"rendered":"Ersatzteile"},"content":{"rendered":"<p>[vc_row full_width=&#8220;stretch_row_content&#8220; content_placement=&#8220;middle&#8220; css=&#8220;.vc_custom_1543999171381{background-image: url(http:\/\/guidaimpianti.com\/wp-content\/uploads\/2018\/12\/Foto-Sfondo-Ricambi.jpg?id=1380) !important;background-position: center !important;background-repeat: no-repeat !important;background-size: cover !important;}&#8220;][vc_column]<div class=\"ult-spacer spacer-69ea16ad3bb47\" data-id=\"69ea16ad3bb47\" data-height=\"280\" data-height-mobile=\"145\" data-height-tab=\"\" data-height-tab-portrait=\"\" data-height-mobile-landscape=\"145\" style=\"clear:both;display:block;\"><\/div><div id=\"ultimate-heading-457569ea16ad3bc10\" class=\"uvc-heading ult-adjust-bottom-margin ultimate-heading-457569ea16ad3bc10 uvc-1207 \" data-hspacer=\"no_spacer\"  data-halign=\"center\" style=\"text-align:center\"><div class=\"uvc-heading-spacer no_spacer\" style=\"top\"><\/div><div class=\"uvc-main-heading ult-responsive\"  data-ultimate-target='.uvc-heading.ultimate-heading-457569ea16ad3bc10 h2'  data-responsive-json-new='{\"font-size\":\"desktop:30px;\",\"line-height\":\"\"}' ><h2 style=\"font-family:&#039;Lato&#039;;font-weight:700;color:#ffffff;\">ERSATZTEILE<\/h2><\/div><\/div><div class=\"ult-spacer spacer-69ea16ad3bcb1\" data-id=\"69ea16ad3bcb1\" data-height=\"155\" data-height-mobile=\"105\" data-height-tab=\"\" data-height-tab-portrait=\"\" data-height-mobile-landscape=\"105\" style=\"clear:both;display:block;\"><\/div>[\/vc_column][\/vc_row][vc_row full_width=&#8220;stretch_row_content&#8220; css=&#8220;.vc_custom_1539782412655{margin-top: -20px !important;background-position: center !important;background-repeat: no-repeat !important;background-size: cover !important;}&#8220;][vc_column width=&#8220;1\/6&#8243;][\/vc_column][vc_column width=&#8220;2\/3&#8243;]<div class=\"ult-spacer spacer-69ea16ad3bcfe\" data-id=\"69ea16ad3bcfe\" data-height=\"40\" data-height-mobile=\"0\" data-height-tab=\"\" data-height-tab-portrait=\"\" data-height-mobile-landscape=\"0\" style=\"clear:both;display:block;\"><\/div><div id=\"ultimate-heading-366469ea16ad3bd5c\" class=\"uvc-heading ult-adjust-bottom-margin ultimate-heading-366469ea16ad3bd5c uvc-4961 testo-giustificato\" data-hspacer=\"no_spacer\"  data-halign=\"center\" style=\"text-align:center\"><div class=\"uvc-heading-spacer no_spacer\" style=\"top\"><\/div><div class=\"uvc-sub-heading ult-responsive\"  data-ultimate-target='.uvc-heading.ultimate-heading-366469ea16ad3bd5c .uvc-sub-heading '  data-responsive-json-new='{\"font-size\":\"desktop:18px;\",\"line-height\":\"\"}'  style=\"font-family:&#039;Lato&#039;;font-weight:300;color:#000000;\">Um Kontakt zu unserer Fachabteilung aufzunehmen und <strong>eine Bestellung aufzugeben oder Informationen zu Ersatzteilen zu erhalten<\/strong>, f\u00fcllen Sie das Formular vollst\u00e4ndig aus: Unsere Techniker werden sich schnellstm\u00f6glich mit Ihnen in Verbindung setzen.<\/div><\/div><div class=\"ult-spacer spacer-69ea16ad3bdc3\" data-id=\"69ea16ad3bdc3\" data-height=\"40\" data-height-mobile=\"40\" data-height-tab=\"40\" data-height-tab-portrait=\"\" data-height-mobile-landscape=\"\" style=\"clear:both;display:block;\"><\/div>\n<div class=\"wpcf7 no-js\" id=\"wpcf7-f983-o1\" lang=\"it-IT\" dir=\"ltr\" data-wpcf7-id=\"983\">\n<div class=\"screen-reader-response\"><p role=\"status\" aria-live=\"polite\" aria-atomic=\"true\"><\/p> <ul><\/ul><\/div>\n<form action=\"\/de\/wp-json\/wp\/v2\/pages\/1146#wpcf7-f983-o1\" method=\"post\" class=\"wpcf7-form init\" aria-label=\"Modulo di contatto\" novalidate=\"novalidate\" data-status=\"init\">\n<fieldset class=\"hidden-fields-container\"><input type=\"hidden\" name=\"_wpcf7\" value=\"983\" \/><input type=\"hidden\" name=\"_wpcf7_version\" value=\"6.1.5\" \/><input type=\"hidden\" name=\"_wpcf7_locale\" value=\"it_IT\" \/><input type=\"hidden\" name=\"_wpcf7_unit_tag\" value=\"wpcf7-f983-o1\" \/><input type=\"hidden\" name=\"_wpcf7_container_post\" value=\"0\" \/><input type=\"hidden\" name=\"_wpcf7_posted_data_hash\" value=\"\" \/>\n<\/fieldset>\n<style>\nlabel{\nfont-size: 18px !important;\nfont-weight: 300 !important;\n}\n.wpcf7 input[type=\"text\"],\n.wpcf7 input[type=\"email\"]\n{\nmargin-top: 5px;\nborder: 1px solid #008b43;\ncolor: #000000;\nwidth: 100%;\npadding: 10px;\nfont-size: 18px !important;\nfont-weight: 300 !important;\n}\n.wpcf7 input[type=\"submit\"]\n{\nmargin-top: 25px;\nbackground-color: #008b43;\nborder: 0px;\ncolor: #ffffff;\ntext-align: center;\nwidth: 150px;\nfont-size: 18px !important;\nfont-weight: 300 !important;\n}\n.wpcf7-response-output{\nborder: 0px !important;\ntext-align: center !important;\nfont-size: 18px !important;\nfont-weight: 300 !important;\n}\n.wpcf7-mail-sent-ok{\ncolor: #00cc00;\nfont-size: 18px !important;\nfont-weight: 300 !important;\n}\n.wpcf7-validation-errors{\ncolor: #ff0000;\nfont-size: 18px !important;\nfont-weight: 300 !important;\ndisplay: none !important;\n}\n.wpcf7-not-valid-tip{\ncolor: #ff0000;\nfont-size: 18px !important;\nfont-weight: 300 !important;\n}\n<\/style>\n<p><label>Vorname Nachname:<\/label><br \/>\n<span class=\"wpcf7-form-control-wrap\" data-name=\"nome\"><input size=\"40\" maxlength=\"400\" class=\"wpcf7-form-control wpcf7-text wpcf7-validates-as-required\" aria-required=\"true\" aria-invalid=\"false\" value=\"\" type=\"text\" name=\"nome\" \/><\/span>\n<\/p>\n<p><label>Unternehmen:<\/label><br \/>\n<span class=\"wpcf7-form-control-wrap\" data-name=\"azienda\"><input size=\"40\" maxlength=\"400\" class=\"wpcf7-form-control wpcf7-text wpcf7-validates-as-required\" aria-required=\"true\" aria-invalid=\"false\" value=\"\" type=\"text\" name=\"azienda\" \/><\/span>\n<\/p>\n<p><label>Email:<\/label><br \/>\n<span class=\"wpcf7-form-control-wrap\" data-name=\"email\"><input size=\"40\" maxlength=\"400\" class=\"wpcf7-form-control wpcf7-email wpcf7-validates-as-required wpcf7-text wpcf7-validates-as-email\" aria-required=\"true\" aria-invalid=\"false\" value=\"\" type=\"email\" name=\"email\" \/><\/span>\n<\/p>\n<p><label>Telefon:<\/label><br \/>\n<span class=\"wpcf7-form-control-wrap\" data-name=\"telefono\"><input size=\"40\" maxlength=\"400\" class=\"wpcf7-form-control wpcf7-text wpcf7-validates-as-required\" aria-required=\"true\" aria-invalid=\"false\" value=\"\" type=\"text\" name=\"telefono\" \/><\/span>\n<\/p>\n<p><label>Bestellnummer<\/label><br \/>\n<span class=\"wpcf7-form-control-wrap\" data-name=\"numero-commessa\"><input size=\"40\" maxlength=\"400\" class=\"wpcf7-form-control wpcf7-text wpcf7-validates-as-required\" aria-required=\"true\" aria-invalid=\"false\" value=\"\" type=\"text\" name=\"numero-commessa\" \/><\/span>\n<\/p>\n<p><label>Maschinenmontage:<\/label><br \/>\n<span class=\"wpcf7-form-control-wrap\" data-name=\"assieme-macchina\"><input size=\"40\" maxlength=\"400\" class=\"wpcf7-form-control wpcf7-text wpcf7-validates-as-required\" aria-required=\"true\" aria-invalid=\"false\" value=\"\" type=\"text\" name=\"assieme-macchina\" \/><\/span>\n<\/p>\n<p><input class=\"wpcf7-form-control wpcf7-submit has-spinner\" type=\"submit\" value=\"Senden\" \/>\n<\/p><div class=\"wpcf7-response-output\" aria-hidden=\"true\"><\/div>\n<\/form>\n<\/div>\n<div class=\"ult-spacer spacer-69ea16ad4280f\" data-id=\"69ea16ad4280f\" data-height=\"40\" data-height-mobile=\"40\" data-height-tab=\"40\" data-height-tab-portrait=\"\" data-height-mobile-landscape=\"\" style=\"clear:both;display:block;\"><\/div>[vc_row_inner][vc_column_inner width=&#8220;1\/4&#8243;][vc_single_image img_size=&#8220;full&#8220; alignment=&#8220;center&#8220; onclick=&#8220;custom_link&#8220; link=&#8220;http:\/\/guidaimpianti.com\/wp-content\/uploads\/2018\/10\/165A4834-1.jpg&#8220; image=&#8220;id^1100|url^http:\/\/guidaimpianti.com\/wp-content\/uploads\/2018\/10\/165A4834-1.jpg|caption^null|alt^null|title^165A4834|description^null&#8220;][\/vc_column_inner][vc_column_inner width=&#8220;1\/4&#8243;][vc_single_image img_size=&#8220;full&#8220; alignment=&#8220;center&#8220; onclick=&#8220;custom_link&#8220; link=&#8220;http:\/\/guidaimpianti.com\/wp-content\/uploads\/2018\/10\/165A4849-1.jpg&#8220; image=&#8220;id^1110|url^http:\/\/guidaimpianti.com\/wp-content\/uploads\/2018\/10\/165A4849-1.jpg|caption^null|alt^null|title^165A4849|description^null&#8220;][\/vc_column_inner][vc_column_inner width=&#8220;1\/4&#8243;][vc_single_image img_size=&#8220;full&#8220; alignment=&#8220;center&#8220; onclick=&#8220;custom_link&#8220; link=&#8220;http:\/\/guidaimpianti.com\/wp-content\/uploads\/2018\/12\/165A4845.jpg&#8220; image=&#8220;id^1492|url^http:\/\/guidaimpianti.com\/wp-content\/uploads\/2018\/12\/165A4845.jpg|caption^null|alt^null|title^165A4845|description^null&#8220;][\/vc_column_inner][vc_column_inner width=&#8220;1\/4&#8243;][vc_single_image img_size=&#8220;full&#8220; alignment=&#8220;center&#8220; onclick=&#8220;custom_link&#8220; link=&#8220;http:\/\/guidaimpianti.com\/wp-content\/uploads\/2018\/10\/165A4758-1.jpg&#8220; image=&#8220;id^1085|url^http:\/\/guidaimpianti.com\/wp-content\/uploads\/2018\/10\/165A4758-1.jpg|caption^null|alt^null|title^165A4758|description^null&#8220;][\/vc_column_inner][\/vc_row_inner][vc_row_inner][vc_column_inner width=&#8220;1\/4&#8243;][vc_single_image img_size=&#8220;full&#8220; alignment=&#8220;center&#8220; onclick=&#8220;custom_link&#8220; link=&#8220;http:\/\/guidaimpianti.com\/wp-content\/uploads\/2018\/10\/165A4761-1.jpg&#8220; image=&#8220;id^1090|url^http:\/\/guidaimpianti.com\/wp-content\/uploads\/2018\/10\/165A4761-1.jpg|caption^null|alt^null|title^165A4761|description^null&#8220;][\/vc_column_inner][vc_column_inner width=&#8220;1\/4&#8243;][vc_single_image img_size=&#8220;full&#8220; alignment=&#8220;center&#8220; onclick=&#8220;custom_link&#8220; link=&#8220;http:\/\/guidaimpianti.com\/wp-content\/uploads\/2018\/10\/165A4765-1.jpg&#8220; image=&#8220;id^1095|url^http:\/\/guidaimpianti.com\/wp-content\/uploads\/2018\/10\/165A4765-1.jpg|caption^null|alt^null|title^165A4765|description^null&#8220;][\/vc_column_inner][vc_column_inner width=&#8220;1\/4&#8243;][vc_single_image img_size=&#8220;full&#8220; alignment=&#8220;center&#8220; onclick=&#8220;custom_link&#8220; link=&#8220;http:\/\/guidaimpianti.com\/wp-content\/uploads\/2018\/10\/165A4884-1.jpg&#8220; image=&#8220;id^1115|url^http:\/\/guidaimpianti.com\/wp-content\/uploads\/2018\/10\/165A4884-1.jpg|caption^null|alt^null|title^165A4884|description^null&#8220;][\/vc_column_inner][vc_column_inner width=&#8220;1\/4&#8243;][vc_single_image img_size=&#8220;full&#8220; alignment=&#8220;center&#8220; onclick=&#8220;custom_link&#8220; link=&#8220;http:\/\/guidaimpianti.com\/wp-content\/uploads\/2018\/10\/165A4887-1.jpg&#8220; image=&#8220;id^1120|url^http:\/\/guidaimpianti.com\/wp-content\/uploads\/2018\/10\/165A4887-1.jpg|caption^null|alt^null|title^165A4887|description^null&#8220;][\/vc_column_inner][\/vc_row_inner]<div class=\"ult-spacer spacer-69ea16ad42876\" data-id=\"69ea16ad42876\" data-height=\"40\" data-height-mobile=\"0\" data-height-tab=\"\" data-height-tab-portrait=\"\" data-height-mobile-landscape=\"0\" style=\"clear:both;display:block;\"><\/div>[\/vc_column][vc_column width=&#8220;1\/6&#8243;][\/vc_column][\/vc_row]<\/p>\n","protected":false},"excerpt":{"rendered":"<p>[vc_row full_width=&#8220;stretch_row_content&#8220; content_placement=&#8220;middle&#8220; css=&#8220;.vc_custom_1543999171381{background-image: url(http:\/\/guidaimpianti.com\/wp-content\/uploads\/2018\/12\/Foto-Sfondo-Ricambi.jpg?id=1380) !important;background-position: center !important;background-repeat: no-repeat !important;background-size: cover !important;}&#8220;][vc_column][\/vc_column][\/vc_row][vc_row full_width=&#8220;stretch_row_content&#8220; css=&#8220;.vc_custom_1539782412655{margin-top: -20px !important;background-position: center !important;background-repeat: no-repeat !important;background-size: cover !important;}&#8220;][vc_column width=&#8220;1\/6&#8243;][\/vc_column][vc_column width=&#8220;2\/3&#8243;][vc_row_inner][vc_column_inner width=&#8220;1\/4&#8243;][vc_single_image img_size=&#8220;full&#8220; alignment=&#8220;center&#8220; onclick=&#8220;custom_link&#8220; link=&#8220;http:\/\/guidaimpianti.com\/wp-content\/uploads\/2018\/10\/165A4834-1.jpg&#8220; image=&#8220;id^1100|url^http:\/\/guidaimpianti.com\/wp-content\/uploads\/2018\/10\/165A4834-1.jpg|caption^null|alt^null|title^165A4834|description^null&#8220;][\/vc_column_inner][vc_column_inner width=&#8220;1\/4&#8243;][vc_single_image img_size=&#8220;full&#8220; alignment=&#8220;center&#8220; onclick=&#8220;custom_link&#8220; link=&#8220;http:\/\/guidaimpianti.com\/wp-content\/uploads\/2018\/10\/165A4849-1.jpg&#8220; image=&#8220;id^1110|url^http:\/\/guidaimpianti.com\/wp-content\/uploads\/2018\/10\/165A4849-1.jpg|caption^null|alt^null|title^165A4849|description^null&#8220;][\/vc_column_inner][vc_column_inner width=&#8220;1\/4&#8243;][vc_single_image img_size=&#8220;full&#8220; alignment=&#8220;center&#8220; onclick=&#8220;custom_link&#8220; link=&#8220;http:\/\/guidaimpianti.com\/wp-content\/uploads\/2018\/12\/165A4845.jpg&#8220; image=&#8220;id^1492|url^http:\/\/guidaimpianti.com\/wp-content\/uploads\/2018\/12\/165A4845.jpg|caption^null|alt^null|title^165A4845|description^null&#8220;][\/vc_column_inner][vc_column_inner width=&#8220;1\/4&#8243;][vc_single_image img_size=&#8220;full&#8220; alignment=&#8220;center&#8220; onclick=&#8220;custom_link&#8220; link=&#8220;http:\/\/guidaimpianti.com\/wp-content\/uploads\/2018\/10\/165A4758-1.jpg&#8220; image=&#8220;id^1085|url^http:\/\/guidaimpianti.com\/wp-content\/uploads\/2018\/10\/165A4758-1.jpg|caption^null|alt^null|title^165A4758|description^null&#8220;][\/vc_column_inner][\/vc_row_inner][vc_row_inner][vc_column_inner width=&#8220;1\/4&#8243;][vc_single_image img_size=&#8220;full&#8220; alignment=&#8220;center&#8220; onclick=&#8220;custom_link&#8220; link=&#8220;http:\/\/guidaimpianti.com\/wp-content\/uploads\/2018\/10\/165A4761-1.jpg&#8220; image=&#8220;id^1090|url^http:\/\/guidaimpianti.com\/wp-content\/uploads\/2018\/10\/165A4761-1.jpg|caption^null|alt^null|title^165A4761|description^null&#8220;][\/vc_column_inner][vc_column_inner width=&#8220;1\/4&#8243;][vc_single_image img_size=&#8220;full&#8220;<\/p>\n","protected":false},"author":3,"featured_media":0,"parent":0,"menu_order":90,"comment_status":"closed","ping_status":"closed","template":"","meta":{"footnotes":""},"class_list":["post-1146","page","type-page","status-publish","hentry"],"yoast_head":"<!-- This site is optimized with the Yoast SEO plugin v27.4 - https:\/\/yoast.com\/product\/yoast-seo-wordpress\/ -->\n<title>Ersatzteile | Guida Engeneering<\/title>\n<meta name=\"robots\" content=\"index, follow, max-snippet:-1, max-image-preview:large, max-video-preview:-1\" \/>\n<link rel=\"canonical\" href=\"https:\/\/guidaimpianti.com\/de\/ricambi\/\" \/>\n<meta property=\"og:locale\" content=\"de_DE\" \/>\n<meta property=\"og:type\" content=\"article\" \/>\n<meta property=\"og:title\" content=\"Ersatzteile | Guida Engeneering\" \/>\n<meta property=\"og:description\" content=\"[vc_row full_width=&#8220;stretch_row_content&#8220; content_placement=&#8220;middle&#8220; css=&#8220;.vc_custom_1543999171381{background-image: url(http:\/\/guidaimpianti.com\/wp-content\/uploads\/2018\/12\/Foto-Sfondo-Ricambi.jpg?id=1380) !important;background-position: center !important;background-repeat: no-repeat !important;background-size: cover !important;}&#8220;][vc_column][\/vc_column][\/vc_row][vc_row full_width=&#8220;stretch_row_content&#8220; css=&#8220;.vc_custom_1539782412655{margin-top: -20px !important;background-position: center !important;background-repeat: no-repeat !important;background-size: cover !important;}&#8220;][vc_column width=&#8220;1\/6&#8243;][\/vc_column][vc_column width=&#8220;2\/3&#8243;][vc_row_inner][vc_column_inner width=&#8220;1\/4&#8243;][vc_single_image img_size=&#8220;full&#8220; alignment=&#8220;center&#8220; onclick=&#8220;custom_link&#8220; link=&#8220;http:\/\/guidaimpianti.com\/wp-content\/uploads\/2018\/10\/165A4834-1.jpg&#8220; image=&#8220;id^1100|url^http:\/\/guidaimpianti.com\/wp-content\/uploads\/2018\/10\/165A4834-1.jpg|caption^null|alt^null|title^165A4834|description^null&#8220;][\/vc_column_inner][vc_column_inner width=&#8220;1\/4&#8243;][vc_single_image img_size=&#8220;full&#8220; alignment=&#8220;center&#8220; onclick=&#8220;custom_link&#8220; link=&#8220;http:\/\/guidaimpianti.com\/wp-content\/uploads\/2018\/10\/165A4849-1.jpg&#8220; image=&#8220;id^1110|url^http:\/\/guidaimpianti.com\/wp-content\/uploads\/2018\/10\/165A4849-1.jpg|caption^null|alt^null|title^165A4849|description^null&#8220;][\/vc_column_inner][vc_column_inner width=&#8220;1\/4&#8243;][vc_single_image img_size=&#8220;full&#8220; alignment=&#8220;center&#8220; onclick=&#8220;custom_link&#8220; link=&#8220;http:\/\/guidaimpianti.com\/wp-content\/uploads\/2018\/12\/165A4845.jpg&#8220; image=&#8220;id^1492|url^http:\/\/guidaimpianti.com\/wp-content\/uploads\/2018\/12\/165A4845.jpg|caption^null|alt^null|title^165A4845|description^null&#8220;][\/vc_column_inner][vc_column_inner width=&#8220;1\/4&#8243;][vc_single_image img_size=&#8220;full&#8220; alignment=&#8220;center&#8220; onclick=&#8220;custom_link&#8220; link=&#8220;http:\/\/guidaimpianti.com\/wp-content\/uploads\/2018\/10\/165A4758-1.jpg&#8220; image=&#8220;id^1085|url^http:\/\/guidaimpianti.com\/wp-content\/uploads\/2018\/10\/165A4758-1.jpg|caption^null|alt^null|title^165A4758|description^null&#8220;][\/vc_column_inner][\/vc_row_inner][vc_row_inner][vc_column_inner width=&#8220;1\/4&#8243;][vc_single_image img_size=&#8220;full&#8220; alignment=&#8220;center&#8220; onclick=&#8220;custom_link&#8220; link=&#8220;http:\/\/guidaimpianti.com\/wp-content\/uploads\/2018\/10\/165A4761-1.jpg&#8220; image=&#8220;id^1090|url^http:\/\/guidaimpianti.com\/wp-content\/uploads\/2018\/10\/165A4761-1.jpg|caption^null|alt^null|title^165A4761|description^null&#8220;][\/vc_column_inner][vc_column_inner width=&#8220;1\/4&#8243;][vc_single_image img_size=&#8220;full&#8220;\" \/>\n<meta property=\"og:url\" content=\"https:\/\/guidaimpianti.com\/de\/ricambi\/\" \/>\n<meta property=\"og:site_name\" content=\"Guida Engeneering\" \/>\n<meta property=\"article:modified_time\" content=\"2018-12-05T09:40:48+00:00\" \/>\n<meta name=\"twitter:card\" content=\"summary_large_image\" \/>\n<meta name=\"twitter:label1\" content=\"Gesch\u00e4tzte Lesezeit\" \/>\n\t<meta name=\"twitter:data1\" content=\"3\u00a0Minuten\" \/>\n<script type=\"application\/ld+json\" class=\"yoast-schema-graph\">{\"@context\":\"https:\\\/\\\/schema.org\",\"@graph\":[{\"@type\":\"WebPage\",\"@id\":\"https:\\\/\\\/guidaimpianti.com\\\/de\\\/ricambi\\\/\",\"url\":\"https:\\\/\\\/guidaimpianti.com\\\/de\\\/ricambi\\\/\",\"name\":\"Ersatzteile | Guida Engeneering\",\"isPartOf\":{\"@id\":\"https:\\\/\\\/guidaimpianti.com\\\/#website\"},\"datePublished\":\"2018-10-09T14:23:53+00:00\",\"dateModified\":\"2018-12-05T09:40:48+00:00\",\"breadcrumb\":{\"@id\":\"https:\\\/\\\/guidaimpianti.com\\\/de\\\/ricambi\\\/#breadcrumb\"},\"inLanguage\":\"de\",\"potentialAction\":[{\"@type\":\"ReadAction\",\"target\":[\"https:\\\/\\\/guidaimpianti.com\\\/de\\\/ricambi\\\/\"]}]},{\"@type\":\"BreadcrumbList\",\"@id\":\"https:\\\/\\\/guidaimpianti.com\\\/de\\\/ricambi\\\/#breadcrumb\",\"itemListElement\":[{\"@type\":\"ListItem\",\"position\":1,\"name\":\"Home\",\"item\":\"https:\\\/\\\/guidaimpianti.com\\\/de\\\/\"},{\"@type\":\"ListItem\",\"position\":2,\"name\":\"Ersatzteile\"}]},{\"@type\":\"WebSite\",\"@id\":\"https:\\\/\\\/guidaimpianti.com\\\/#website\",\"url\":\"https:\\\/\\\/guidaimpianti.com\\\/\",\"name\":\"Guida Engeneering\",\"description\":\"\",\"potentialAction\":[{\"@type\":\"SearchAction\",\"target\":{\"@type\":\"EntryPoint\",\"urlTemplate\":\"https:\\\/\\\/guidaimpianti.com\\\/?s={search_term_string}\"},\"query-input\":{\"@type\":\"PropertyValueSpecification\",\"valueRequired\":true,\"valueName\":\"search_term_string\"}}],\"inLanguage\":\"de\"}]}<\/script>\n<!-- \/ Yoast SEO plugin. -->","yoast_head_json":{"title":"Ersatzteile | Guida Engeneering","robots":{"index":"index","follow":"follow","max-snippet":"max-snippet:-1","max-image-preview":"max-image-preview:large","max-video-preview":"max-video-preview:-1"},"canonical":"https:\/\/guidaimpianti.com\/de\/ricambi\/","og_locale":"de_DE","og_type":"article","og_title":"Ersatzteile | Guida Engeneering","og_description":"[vc_row full_width=&#8220;stretch_row_content&#8220; content_placement=&#8220;middle&#8220; css=&#8220;.vc_custom_1543999171381{background-image: url(http:\/\/guidaimpianti.com\/wp-content\/uploads\/2018\/12\/Foto-Sfondo-Ricambi.jpg?id=1380) !important;background-position: center !important;background-repeat: no-repeat !important;background-size: cover !important;}&#8220;][vc_column][\/vc_column][\/vc_row][vc_row full_width=&#8220;stretch_row_content&#8220; css=&#8220;.vc_custom_1539782412655{margin-top: -20px !important;background-position: center !important;background-repeat: no-repeat !important;background-size: cover !important;}&#8220;][vc_column width=&#8220;1\/6&#8243;][\/vc_column][vc_column width=&#8220;2\/3&#8243;][vc_row_inner][vc_column_inner width=&#8220;1\/4&#8243;][vc_single_image img_size=&#8220;full&#8220; alignment=&#8220;center&#8220; onclick=&#8220;custom_link&#8220; link=&#8220;http:\/\/guidaimpianti.com\/wp-content\/uploads\/2018\/10\/165A4834-1.jpg&#8220; image=&#8220;id^1100|url^http:\/\/guidaimpianti.com\/wp-content\/uploads\/2018\/10\/165A4834-1.jpg|caption^null|alt^null|title^165A4834|description^null&#8220;][\/vc_column_inner][vc_column_inner width=&#8220;1\/4&#8243;][vc_single_image img_size=&#8220;full&#8220; alignment=&#8220;center&#8220; onclick=&#8220;custom_link&#8220; link=&#8220;http:\/\/guidaimpianti.com\/wp-content\/uploads\/2018\/10\/165A4849-1.jpg&#8220; image=&#8220;id^1110|url^http:\/\/guidaimpianti.com\/wp-content\/uploads\/2018\/10\/165A4849-1.jpg|caption^null|alt^null|title^165A4849|description^null&#8220;][\/vc_column_inner][vc_column_inner width=&#8220;1\/4&#8243;][vc_single_image img_size=&#8220;full&#8220; alignment=&#8220;center&#8220; onclick=&#8220;custom_link&#8220; link=&#8220;http:\/\/guidaimpianti.com\/wp-content\/uploads\/2018\/12\/165A4845.jpg&#8220; image=&#8220;id^1492|url^http:\/\/guidaimpianti.com\/wp-content\/uploads\/2018\/12\/165A4845.jpg|caption^null|alt^null|title^165A4845|description^null&#8220;][\/vc_column_inner][vc_column_inner width=&#8220;1\/4&#8243;][vc_single_image img_size=&#8220;full&#8220; alignment=&#8220;center&#8220; onclick=&#8220;custom_link&#8220; link=&#8220;http:\/\/guidaimpianti.com\/wp-content\/uploads\/2018\/10\/165A4758-1.jpg&#8220; image=&#8220;id^1085|url^http:\/\/guidaimpianti.com\/wp-content\/uploads\/2018\/10\/165A4758-1.jpg|caption^null|alt^null|title^165A4758|description^null&#8220;][\/vc_column_inner][\/vc_row_inner][vc_row_inner][vc_column_inner width=&#8220;1\/4&#8243;][vc_single_image img_size=&#8220;full&#8220; alignment=&#8220;center&#8220; onclick=&#8220;custom_link&#8220; link=&#8220;http:\/\/guidaimpianti.com\/wp-content\/uploads\/2018\/10\/165A4761-1.jpg&#8220; image=&#8220;id^1090|url^http:\/\/guidaimpianti.com\/wp-content\/uploads\/2018\/10\/165A4761-1.jpg|caption^null|alt^null|title^165A4761|description^null&#8220;][\/vc_column_inner][vc_column_inner width=&#8220;1\/4&#8243;][vc_single_image img_size=&#8220;full&#8220;","og_url":"https:\/\/guidaimpianti.com\/de\/ricambi\/","og_site_name":"Guida Engeneering","article_modified_time":"2018-12-05T09:40:48+00:00","twitter_card":"summary_large_image","twitter_misc":{"Gesch\u00e4tzte Lesezeit":"3\u00a0Minuten"},"schema":{"@context":"https:\/\/schema.org","@graph":[{"@type":"WebPage","@id":"https:\/\/guidaimpianti.com\/de\/ricambi\/","url":"https:\/\/guidaimpianti.com\/de\/ricambi\/","name":"Ersatzteile | Guida Engeneering","isPartOf":{"@id":"https:\/\/guidaimpianti.com\/#website"},"datePublished":"2018-10-09T14:23:53+00:00","dateModified":"2018-12-05T09:40:48+00:00","breadcrumb":{"@id":"https:\/\/guidaimpianti.com\/de\/ricambi\/#breadcrumb"},"inLanguage":"de","potentialAction":[{"@type":"ReadAction","target":["https:\/\/guidaimpianti.com\/de\/ricambi\/"]}]},{"@type":"BreadcrumbList","@id":"https:\/\/guidaimpianti.com\/de\/ricambi\/#breadcrumb","itemListElement":[{"@type":"ListItem","position":1,"name":"Home","item":"https:\/\/guidaimpianti.com\/de\/"},{"@type":"ListItem","position":2,"name":"Ersatzteile"}]},{"@type":"WebSite","@id":"https:\/\/guidaimpianti.com\/#website","url":"https:\/\/guidaimpianti.com\/","name":"Guida Engeneering","description":"","potentialAction":[{"@type":"SearchAction","target":{"@type":"EntryPoint","urlTemplate":"https:\/\/guidaimpianti.com\/?s={search_term_string}"},"query-input":{"@type":"PropertyValueSpecification","valueRequired":true,"valueName":"search_term_string"}}],"inLanguage":"de"}]}},"_links":{"self":[{"href":"https:\/\/guidaimpianti.com\/de\/wp-json\/wp\/v2\/pages\/1146","targetHints":{"allow":["GET"]}}],"collection":[{"href":"https:\/\/guidaimpianti.com\/de\/wp-json\/wp\/v2\/pages"}],"about":[{"href":"https:\/\/guidaimpianti.com\/de\/wp-json\/wp\/v2\/types\/page"}],"author":[{"embeddable":true,"href":"https:\/\/guidaimpianti.com\/de\/wp-json\/wp\/v2\/users\/3"}],"replies":[{"embeddable":true,"href":"https:\/\/guidaimpianti.com\/de\/wp-json\/wp\/v2\/comments?post=1146"}],"version-history":[{"count":7,"href":"https:\/\/guidaimpianti.com\/de\/wp-json\/wp\/v2\/pages\/1146\/revisions"}],"predecessor-version":[{"id":1517,"href":"https:\/\/guidaimpianti.com\/de\/wp-json\/wp\/v2\/pages\/1146\/revisions\/1517"}],"wp:attachment":[{"href":"https:\/\/guidaimpianti.com\/de\/wp-json\/wp\/v2\/media?parent=1146"}],"curies":[{"name":"wp","href":"https:\/\/api.w.org\/{rel}","templated":true}]}}