{"id":972,"date":"2018-10-09T16:34:20","date_gmt":"2018-10-09T14:34:20","guid":{"rendered":"https:\/\/www.guidaimpianti.eu\/azienda\/"},"modified":"2025-04-18T12:59:06","modified_gmt":"2025-04-18T10:59:06","slug":"azienda","status":"publish","type":"page","link":"https:\/\/guidaimpianti.com\/fr\/azienda\/","title":{"rendered":"Soci\u00e9t\u00e9"},"content":{"rendered":"<p>[vc_row full_width=\u00a0\u00bbstretch_row_content\u00a0\u00bb content_placement=\u00a0\u00bbmiddle\u00a0\u00bb bg_type=\u00a0\u00bbimage\u00a0\u00bb css=\u00a0\u00bb.vc_custom_1744973937350{background-image: url(http:\/\/guidaimpianti.com\/wp-content\/uploads\/2018\/12\/Foto-Sfondo-Azienda.jpg?id=1364) !important;background-position: center !important;background-repeat: no-repeat !important;background-size: cover !important;}\u00a0\u00bb][vc_column]<div class=\"ult-spacer spacer-69ec7b02ba099\" data-id=\"69ec7b02ba099\" data-height=\"280\" data-height-mobile=\"145\" data-height-tab=\"\" data-height-tab-portrait=\"\" data-height-mobile-landscape=\"145\" style=\"clear:both;display:block;\"><\/div><div id=\"ultimate-heading-655769ec7b02ba153\" class=\"uvc-heading ult-adjust-bottom-margin ultimate-heading-655769ec7b02ba153 uvc-2161 \" data-hspacer=\"no_spacer\"  data-halign=\"center\" style=\"text-align:center\"><div class=\"uvc-heading-spacer no_spacer\" style=\"top\"><\/div><div class=\"uvc-main-heading ult-responsive\"  data-ultimate-target='.uvc-heading.ultimate-heading-655769ec7b02ba153 h2'  data-responsive-json-new='{\"font-size\":\"desktop:30px;\",\"line-height\":\"\"}' ><h2 style=\"font-family:&#039;Lato&#039;;font-weight:700;color:#ffffff;\">SOCI\u00c9T\u00c9<\/h2><\/div><\/div><div class=\"ult-spacer spacer-69ec7b02ba1d9\" data-id=\"69ec7b02ba1d9\" data-height=\"155\" data-height-mobile=\"105\" data-height-tab=\"\" data-height-tab-portrait=\"\" data-height-mobile-landscape=\"105\" style=\"clear:both;display:block;\"><\/div>[\/vc_column][\/vc_row][vc_row full_width=\u00a0\u00bbstretch_row_content\u00a0\u00bb css=\u00a0\u00bb.vc_custom_1539781240512{margin-top: -20px !important;background-position: center !important;background-repeat: no-repeat !important;background-size: cover !important;}\u00a0\u00bb][vc_column width=\u00a0\u00bb1\/6&Prime;][\/vc_column][vc_column width=\u00a0\u00bb2\/3&Prime;]<div class=\"ult-spacer spacer-69ec7b02ba232\" data-id=\"69ec7b02ba232\" data-height=\"40\" data-height-mobile=\"0\" data-height-tab=\"\" data-height-tab-portrait=\"\" data-height-mobile-landscape=\"0\" style=\"clear:both;display:block;\"><\/div><div id=\"ultimate-heading-776769ec7b02ba28d\" class=\"uvc-heading ult-adjust-bottom-margin ultimate-heading-776769ec7b02ba28d uvc-9036 testo-giustificato\" data-hspacer=\"no_spacer\"  data-halign=\"center\" style=\"text-align:center\"><div class=\"uvc-heading-spacer no_spacer\" style=\"top\"><\/div><div class=\"uvc-sub-heading ult-responsive\"  data-ultimate-target='.uvc-heading.ultimate-heading-776769ec7b02ba28d .uvc-sub-heading '  data-responsive-json-new='{\"font-size\":\"desktop:18px;\",\"line-height\":\"\"}'  style=\"font-family:&#039;Lato&#039;;font-weight:300;color:#000000;\">Guida Impianti SpA est sp\u00e9cialis\u00e9e depuis plus de 50 ans dans la <strong>construction d&rsquo;installations complexes<\/strong> d\u00e9di\u00e9es \u00e0 la <strong>finition des bobines d&rsquo;acier et d&rsquo;alliages l\u00e9gers<\/strong> (traitement des bobines).<\/p>\n<p>La soci\u00e9t\u00e9 italienne, qui fait partie du fonds d\u2019investissement APE SGR, dispose de deux sites de production situ\u00e9s dans la r\u00e9gion de Milan et d\u2019une organisation interne verticale (ing\u00e9nierie, construction et travaux internes, installation et mise en service) pour offrir un service \u00ab\u00a0cl\u00e9 en main\u00a0\u00bb complet.<\/p>\n<p><strong>Les installations<\/strong> faites comprennent <strong>plus de 700 lignes et machines individuelles<\/strong> chez les principaux acteurs mondiaux de l\u2019industrie de l\u2019acier, avec des applications typiques dans les aci\u00e9ries, les centres de service, les syst\u00e8mes de tuyauterie et les profil\u00e9s.<\/p>\n<p>Nous pouvons r\u00e9sumer les produits en lignes de coupe longitudinales (d\u00e9coupeuse), transversales (coupe \u00e0 longueur), concordants ligne d\u2019emballage, lignes de profil\u00e9s en bobines, machines individuelles dans diff\u00e9rents proc\u00e9d\u00e9s sid\u00e9rurgiques (d\u00e9capage, laminoirs, tubes).<\/div><\/div><div class=\"ult-spacer spacer-69ec7b02ba2eb\" data-id=\"69ec7b02ba2eb\" data-height=\"20\" data-height-mobile=\"20\" data-height-tab=\"20\" data-height-tab-portrait=\"\" data-height-mobile-landscape=\"\" style=\"clear:both;display:block;\"><\/div><div class=\" ubtn-ctn-center \"><a class=\"ubtn-link ult-adjust-bottom-margin ubtn-center ubtn-normal \" href=\"http:\/\/guidaimpianti.com\/wp-content\/uploads\/2018\/10\/GUIDA-IMPIANTI-ita_eng.pdf\" target=\"_blank\" rel=\"noopener\" ><button type=\"button\" id=\"ubtn-8590\"  class=\"ubtn ult-adjust-bottom-margin ult-responsive ubtn-normal ubtn-no-hover-bg  none  ubtn-sep-icon ubtn-sep-icon-bottom-push  ubtn-center   tooltip-69ec7b02ba384\"  data-hover=\"\" data-border-color=\"\" data-bg=\"#198c50\" data-hover-bg=\"\" data-border-hover=\"\" data-shadow-hover=\"\" data-shadow-click=\"none\" data-shadow=\"\" data-shd-shadow=\"\"  data-ultimate-target='#ubtn-8590'  data-responsive-json-new='{\"font-size\":\"desktop:18px;\",\"line-height\":\"\"}'  style=\"font-family:&#039;Lato&#039;;font-weight:700;border:none;background: #198c50;color: #ffffff;\"><span class=\"ubtn-data ubtn-icon\"><i class=\"Defaults-newspaper-o\" style=\"font-size:30px;color:;\"><\/i><\/span><span class=\"ubtn-hover\" style=\"background-color:\"><\/span><span class=\"ubtn-data ubtn-text \" >T\u00e9l\u00e9charger le PDF<\/span><\/button><\/a><\/div><div class=\"ult-spacer spacer-69ec7b02ba47d\" data-id=\"69ec7b02ba47d\" data-height=\"40\" data-height-mobile=\"40\" data-height-tab=\"40\" data-height-tab-portrait=\"\" data-height-mobile-landscape=\"\" style=\"clear:both;display:block;\"><\/div>[vc_row_inner][vc_column_inner width=\u00a0\u00bb1\/2&Prime;][vc_single_image img_size=\u00a0\u00bbfull\u00a0\u00bb alignment=\u00a0\u00bbcenter\u00a0\u00bb onclick=\u00a0\u00bbcustom_link\u00a0\u00bb image=\u00a0\u00bbid^1476|url^http:\/\/guidaimpianti.com\/wp-content\/uploads\/2018\/12\/165A4790.jpg|caption^null|alt^null|title^165A4790|description^null\u00a0\u00bb link=\u00a0\u00bbhttp:\/\/guidaimpianti.com\/wp-content\/uploads\/2018\/12\/165A4790.jpg\u00a0\u00bb][\/vc_column_inner][vc_column_inner width=\u00a0\u00bb1\/2&Prime;][vc_single_image img_size=\u00a0\u00bbfull\u00a0\u00bb alignment=\u00a0\u00bbcenter\u00a0\u00bb onclick=\u00a0\u00bbcustom_link\u00a0\u00bb image=\u00a0\u00bbid^1311|url^http:\/\/guidaimpianti.com\/wp-content\/uploads\/2018\/11\/165A4718.jpg|caption^null|alt^null|title^165A4718|description^null\u00a0\u00bb link=\u00a0\u00bbhttp:\/\/guidaimpianti.com\/wp-content\/uploads\/2018\/11\/165A4718.jpg\u00a0\u00bb][\/vc_column_inner][\/vc_row_inner]<div class=\"ult-spacer spacer-69ec7b02ba4c4\" data-id=\"69ec7b02ba4c4\" data-height=\"40\" data-height-mobile=\"0\" data-height-tab=\"\" data-height-tab-portrait=\"\" data-height-mobile-landscape=\"0\" style=\"clear:both;display:block;\"><\/div>[\/vc_column][vc_column width=\u00a0\u00bb1\/6&Prime;][\/vc_column][\/vc_row]<\/p>\n","protected":false},"excerpt":{"rendered":"<p>[vc_row full_width=\u00a0\u00bbstretch_row_content\u00a0\u00bb content_placement=\u00a0\u00bbmiddle\u00a0\u00bb bg_type=\u00a0\u00bbimage\u00a0\u00bb css=\u00a0\u00bb.vc_custom_1744973937350{background-image: url(http:\/\/guidaimpianti.com\/wp-content\/uploads\/2018\/12\/Foto-Sfondo-Azienda.jpg?id=1364) !important;background-position: center !important;background-repeat: no-repeat !important;background-size: cover !important;}\u00a0\u00bb][vc_column][\/vc_column][\/vc_row][vc_row full_width=\u00a0\u00bbstretch_row_content\u00a0\u00bb css=\u00a0\u00bb.vc_custom_1539781240512{margin-top: -20px !important;background-position: center !important;background-repeat: no-repeat !important;background-size: cover !important;}\u00a0\u00bb][vc_column width=\u00a0\u00bb1\/6&Prime;][\/vc_column][vc_column width=\u00a0\u00bb2\/3&Prime;][vc_row_inner][vc_column_inner width=\u00a0\u00bb1\/2&Prime;][vc_single_image img_size=\u00a0\u00bbfull\u00a0\u00bb alignment=\u00a0\u00bbcenter\u00a0\u00bb onclick=\u00a0\u00bbcustom_link\u00a0\u00bb image=\u00a0\u00bbid^1476|url^http:\/\/guidaimpianti.com\/wp-content\/uploads\/2018\/12\/165A4790.jpg|caption^null|alt^null|title^165A4790|description^null\u00a0\u00bb link=\u00a0\u00bbhttp:\/\/guidaimpianti.com\/wp-content\/uploads\/2018\/12\/165A4790.jpg\u00a0\u00bb][\/vc_column_inner][vc_column_inner width=\u00a0\u00bb1\/2&Prime;][vc_single_image img_size=\u00a0\u00bbfull\u00a0\u00bb alignment=\u00a0\u00bbcenter\u00a0\u00bb onclick=\u00a0\u00bbcustom_link\u00a0\u00bb image=\u00a0\u00bbid^1311|url^http:\/\/guidaimpianti.com\/wp-content\/uploads\/2018\/11\/165A4718.jpg|caption^null|alt^null|title^165A4718|description^null\u00a0\u00bb link=\u00a0\u00bbhttp:\/\/guidaimpianti.com\/wp-content\/uploads\/2018\/11\/165A4718.jpg\u00a0\u00bb][\/vc_column_inner][\/vc_row_inner][\/vc_column][vc_column width=\u00a0\u00bb1\/6&Prime;][\/vc_column][\/vc_row]<\/p>\n","protected":false},"author":3,"featured_media":0,"parent":0,"menu_order":10,"comment_status":"closed","ping_status":"closed","template":"","meta":{"footnotes":""},"class_list":["post-972","page","type-page","status-publish","hentry"],"yoast_head":"<!-- This site is optimized with the Yoast SEO plugin v27.4 - https:\/\/yoast.com\/product\/yoast-seo-wordpress\/ -->\n<title>Soci\u00e9t\u00e9 | Guida Engeneering<\/title>\n<meta name=\"robots\" content=\"index, follow, max-snippet:-1, max-image-preview:large, max-video-preview:-1\" \/>\n<link rel=\"canonical\" href=\"https:\/\/guidaimpianti.com\/fr\/azienda\/\" \/>\n<meta property=\"og:locale\" content=\"fr_FR\" \/>\n<meta property=\"og:type\" content=\"article\" \/>\n<meta property=\"og:title\" content=\"Soci\u00e9t\u00e9 | Guida Engeneering\" \/>\n<meta property=\"og:description\" content=\"[vc_row full_width=\u00a0\u00bbstretch_row_content\u00a0\u00bb content_placement=\u00a0\u00bbmiddle\u00a0\u00bb bg_type=\u00a0\u00bbimage\u00a0\u00bb css=\u00a0\u00bb.vc_custom_1744973937350{background-image: url(http:\/\/guidaimpianti.com\/wp-content\/uploads\/2018\/12\/Foto-Sfondo-Azienda.jpg?id=1364) !important;background-position: center !important;background-repeat: no-repeat !important;background-size: cover !important;}\u00a0\u00bb][vc_column][\/vc_column][\/vc_row][vc_row full_width=\u00a0\u00bbstretch_row_content\u00a0\u00bb css=\u00a0\u00bb.vc_custom_1539781240512{margin-top: -20px !important;background-position: center !important;background-repeat: no-repeat !important;background-size: cover !important;}\u00a0\u00bb][vc_column width=\u00a0\u00bb1\/6&Prime;][\/vc_column][vc_column width=\u00a0\u00bb2\/3&Prime;][vc_row_inner][vc_column_inner width=\u00a0\u00bb1\/2&Prime;][vc_single_image img_size=\u00a0\u00bbfull\u00a0\u00bb alignment=\u00a0\u00bbcenter\u00a0\u00bb onclick=\u00a0\u00bbcustom_link\u00a0\u00bb image=\u00a0\u00bbid^1476|url^http:\/\/guidaimpianti.com\/wp-content\/uploads\/2018\/12\/165A4790.jpg|caption^null|alt^null|title^165A4790|description^null\u00a0\u00bb link=\u00a0\u00bbhttp:\/\/guidaimpianti.com\/wp-content\/uploads\/2018\/12\/165A4790.jpg\u00a0\u00bb][\/vc_column_inner][vc_column_inner width=\u00a0\u00bb1\/2&Prime;][vc_single_image img_size=\u00a0\u00bbfull\u00a0\u00bb alignment=\u00a0\u00bbcenter\u00a0\u00bb onclick=\u00a0\u00bbcustom_link\u00a0\u00bb image=\u00a0\u00bbid^1311|url^http:\/\/guidaimpianti.com\/wp-content\/uploads\/2018\/11\/165A4718.jpg|caption^null|alt^null|title^165A4718|description^null\u00a0\u00bb link=\u00a0\u00bbhttp:\/\/guidaimpianti.com\/wp-content\/uploads\/2018\/11\/165A4718.jpg\u00a0\u00bb][\/vc_column_inner][\/vc_row_inner][\/vc_column][vc_column width=\u00a0\u00bb1\/6&Prime;][\/vc_column][\/vc_row]\" \/>\n<meta property=\"og:url\" content=\"https:\/\/guidaimpianti.com\/fr\/azienda\/\" \/>\n<meta property=\"og:site_name\" content=\"Guida Engeneering\" \/>\n<meta property=\"article:modified_time\" content=\"2025-04-18T10:59:06+00:00\" \/>\n<meta name=\"twitter:card\" content=\"summary_large_image\" \/>\n<meta name=\"twitter:label1\" content=\"Dur\u00e9e de lecture estim\u00e9e\" \/>\n\t<meta name=\"twitter:data1\" content=\"3 minutes\" \/>\n<script type=\"application\/ld+json\" class=\"yoast-schema-graph\">{\"@context\":\"https:\\\/\\\/schema.org\",\"@graph\":[{\"@type\":\"WebPage\",\"@id\":\"https:\\\/\\\/guidaimpianti.com\\\/fr\\\/azienda\\\/\",\"url\":\"https:\\\/\\\/guidaimpianti.com\\\/fr\\\/azienda\\\/\",\"name\":\"Soci\u00e9t\u00e9 | Guida Engeneering\",\"isPartOf\":{\"@id\":\"https:\\\/\\\/guidaimpianti.com\\\/#website\"},\"datePublished\":\"2018-10-09T14:34:20+00:00\",\"dateModified\":\"2025-04-18T10:59:06+00:00\",\"breadcrumb\":{\"@id\":\"https:\\\/\\\/guidaimpianti.com\\\/fr\\\/azienda\\\/#breadcrumb\"},\"inLanguage\":\"fr-FR\",\"potentialAction\":[{\"@type\":\"ReadAction\",\"target\":[\"https:\\\/\\\/guidaimpianti.com\\\/fr\\\/azienda\\\/\"]}]},{\"@type\":\"BreadcrumbList\",\"@id\":\"https:\\\/\\\/guidaimpianti.com\\\/fr\\\/azienda\\\/#breadcrumb\",\"itemListElement\":[{\"@type\":\"ListItem\",\"position\":1,\"name\":\"Home\",\"item\":\"https:\\\/\\\/guidaimpianti.com\\\/fr\\\/\"},{\"@type\":\"ListItem\",\"position\":2,\"name\":\"Soci\u00e9t\u00e9\"}]},{\"@type\":\"WebSite\",\"@id\":\"https:\\\/\\\/guidaimpianti.com\\\/#website\",\"url\":\"https:\\\/\\\/guidaimpianti.com\\\/\",\"name\":\"Guida Engeneering\",\"description\":\"\",\"potentialAction\":[{\"@type\":\"SearchAction\",\"target\":{\"@type\":\"EntryPoint\",\"urlTemplate\":\"https:\\\/\\\/guidaimpianti.com\\\/?s={search_term_string}\"},\"query-input\":{\"@type\":\"PropertyValueSpecification\",\"valueRequired\":true,\"valueName\":\"search_term_string\"}}],\"inLanguage\":\"fr-FR\"}]}<\/script>\n<!-- \/ Yoast SEO plugin. -->","yoast_head_json":{"title":"Soci\u00e9t\u00e9 | Guida Engeneering","robots":{"index":"index","follow":"follow","max-snippet":"max-snippet:-1","max-image-preview":"max-image-preview:large","max-video-preview":"max-video-preview:-1"},"canonical":"https:\/\/guidaimpianti.com\/fr\/azienda\/","og_locale":"fr_FR","og_type":"article","og_title":"Soci\u00e9t\u00e9 | Guida Engeneering","og_description":"[vc_row full_width=\u00a0\u00bbstretch_row_content\u00a0\u00bb content_placement=\u00a0\u00bbmiddle\u00a0\u00bb bg_type=\u00a0\u00bbimage\u00a0\u00bb css=\u00a0\u00bb.vc_custom_1744973937350{background-image: url(http:\/\/guidaimpianti.com\/wp-content\/uploads\/2018\/12\/Foto-Sfondo-Azienda.jpg?id=1364) !important;background-position: center !important;background-repeat: no-repeat !important;background-size: cover !important;}\u00a0\u00bb][vc_column][\/vc_column][\/vc_row][vc_row full_width=\u00a0\u00bbstretch_row_content\u00a0\u00bb css=\u00a0\u00bb.vc_custom_1539781240512{margin-top: -20px !important;background-position: center !important;background-repeat: no-repeat !important;background-size: cover !important;}\u00a0\u00bb][vc_column width=\u00a0\u00bb1\/6&Prime;][\/vc_column][vc_column width=\u00a0\u00bb2\/3&Prime;][vc_row_inner][vc_column_inner width=\u00a0\u00bb1\/2&Prime;][vc_single_image img_size=\u00a0\u00bbfull\u00a0\u00bb alignment=\u00a0\u00bbcenter\u00a0\u00bb onclick=\u00a0\u00bbcustom_link\u00a0\u00bb image=\u00a0\u00bbid^1476|url^http:\/\/guidaimpianti.com\/wp-content\/uploads\/2018\/12\/165A4790.jpg|caption^null|alt^null|title^165A4790|description^null\u00a0\u00bb link=\u00a0\u00bbhttp:\/\/guidaimpianti.com\/wp-content\/uploads\/2018\/12\/165A4790.jpg\u00a0\u00bb][\/vc_column_inner][vc_column_inner width=\u00a0\u00bb1\/2&Prime;][vc_single_image img_size=\u00a0\u00bbfull\u00a0\u00bb alignment=\u00a0\u00bbcenter\u00a0\u00bb onclick=\u00a0\u00bbcustom_link\u00a0\u00bb image=\u00a0\u00bbid^1311|url^http:\/\/guidaimpianti.com\/wp-content\/uploads\/2018\/11\/165A4718.jpg|caption^null|alt^null|title^165A4718|description^null\u00a0\u00bb link=\u00a0\u00bbhttp:\/\/guidaimpianti.com\/wp-content\/uploads\/2018\/11\/165A4718.jpg\u00a0\u00bb][\/vc_column_inner][\/vc_row_inner][\/vc_column][vc_column width=\u00a0\u00bb1\/6&Prime;][\/vc_column][\/vc_row]","og_url":"https:\/\/guidaimpianti.com\/fr\/azienda\/","og_site_name":"Guida Engeneering","article_modified_time":"2025-04-18T10:59:06+00:00","twitter_card":"summary_large_image","twitter_misc":{"Dur\u00e9e de lecture estim\u00e9e":"3 minutes"},"schema":{"@context":"https:\/\/schema.org","@graph":[{"@type":"WebPage","@id":"https:\/\/guidaimpianti.com\/fr\/azienda\/","url":"https:\/\/guidaimpianti.com\/fr\/azienda\/","name":"Soci\u00e9t\u00e9 | Guida Engeneering","isPartOf":{"@id":"https:\/\/guidaimpianti.com\/#website"},"datePublished":"2018-10-09T14:34:20+00:00","dateModified":"2025-04-18T10:59:06+00:00","breadcrumb":{"@id":"https:\/\/guidaimpianti.com\/fr\/azienda\/#breadcrumb"},"inLanguage":"fr-FR","potentialAction":[{"@type":"ReadAction","target":["https:\/\/guidaimpianti.com\/fr\/azienda\/"]}]},{"@type":"BreadcrumbList","@id":"https:\/\/guidaimpianti.com\/fr\/azienda\/#breadcrumb","itemListElement":[{"@type":"ListItem","position":1,"name":"Home","item":"https:\/\/guidaimpianti.com\/fr\/"},{"@type":"ListItem","position":2,"name":"Soci\u00e9t\u00e9"}]},{"@type":"WebSite","@id":"https:\/\/guidaimpianti.com\/#website","url":"https:\/\/guidaimpianti.com\/","name":"Guida Engeneering","description":"","potentialAction":[{"@type":"SearchAction","target":{"@type":"EntryPoint","urlTemplate":"https:\/\/guidaimpianti.com\/?s={search_term_string}"},"query-input":{"@type":"PropertyValueSpecification","valueRequired":true,"valueName":"search_term_string"}}],"inLanguage":"fr-FR"}]}},"_links":{"self":[{"href":"https:\/\/guidaimpianti.com\/fr\/wp-json\/wp\/v2\/pages\/972","targetHints":{"allow":["GET"]}}],"collection":[{"href":"https:\/\/guidaimpianti.com\/fr\/wp-json\/wp\/v2\/pages"}],"about":[{"href":"https:\/\/guidaimpianti.com\/fr\/wp-json\/wp\/v2\/types\/page"}],"author":[{"embeddable":true,"href":"https:\/\/guidaimpianti.com\/fr\/wp-json\/wp\/v2\/users\/3"}],"replies":[{"embeddable":true,"href":"https:\/\/guidaimpianti.com\/fr\/wp-json\/wp\/v2\/comments?post=972"}],"version-history":[{"count":9,"href":"https:\/\/guidaimpianti.com\/fr\/wp-json\/wp\/v2\/pages\/972\/revisions"}],"predecessor-version":[{"id":1674,"href":"https:\/\/guidaimpianti.com\/fr\/wp-json\/wp\/v2\/pages\/972\/revisions\/1674"}],"wp:attachment":[{"href":"https:\/\/guidaimpianti.com\/fr\/wp-json\/wp\/v2\/media?parent=972"}],"curies":[{"name":"wp","href":"https:\/\/api.w.org\/{rel}","templated":true}]}}