{"id":973,"date":"2017-07-31T15:07:42","date_gmt":"2017-07-31T13:07:42","guid":{"rendered":"https:\/\/www.guidaimpianti.eu\/slitter\/"},"modified":"2018-12-05T10:49:36","modified_gmt":"2018-12-05T09:49:36","slug":"slitter","status":"publish","type":"page","link":"https:\/\/guidaimpianti.com\/fr\/slitter\/","title":{"rendered":"Slitter"},"content":{"rendered":"<p>[vc_row full_width=\u00a0\u00bbstretch_row_content\u00a0\u00bb css=\u00a0\u00bb.vc_custom_1539855753789{background-image: url(http:\/\/guidaimpianti.com\/wp-content\/uploads\/2018\/10\/prodotti_Slitter-linea-completa-4-mm_VERDExPAGINA.jpg?id=529) !important;background-position: center !important;background-repeat: no-repeat !important;background-size: cover !important;}\u00a0\u00bb][vc_column]<div class=\"ult-spacer spacer-69e0ca77663d2\" data-id=\"69e0ca77663d2\" data-height=\"280\" data-height-mobile=\"145\" data-height-tab=\"\" data-height-tab-portrait=\"\" data-height-mobile-landscape=\"145\" style=\"clear:both;display:block;\"><\/div><div id=\"ultimate-heading-340169e0ca7766468\" class=\"uvc-heading ult-adjust-bottom-margin ultimate-heading-340169e0ca7766468 uvc-69 \" data-hspacer=\"no_spacer\"  data-halign=\"center\" style=\"text-align:center\"><div class=\"uvc-heading-spacer no_spacer\" style=\"top\"><\/div><div class=\"uvc-main-heading ult-responsive\"  data-ultimate-target='.uvc-heading.ultimate-heading-340169e0ca7766468 h2'  data-responsive-json-new='{\"font-size\":\"desktop:30px;\",\"line-height\":\"\"}' ><h2 style=\"font-family:&#039;Lato&#039;;font-weight:700;color:#ffffff;\">SLITTER<\/h2><\/div><\/div><div class=\"ult-spacer spacer-69e0ca77664f3\" data-id=\"69e0ca77664f3\" data-height=\"155\" data-height-mobile=\"105\" data-height-tab=\"\" data-height-tab-portrait=\"\" data-height-mobile-landscape=\"105\" style=\"clear:both;display:block;\"><\/div>[\/vc_column][\/vc_row][vc_row full_width=\u00a0\u00bbstretch_row_content\u00a0\u00bb content_placement=\u00a0\u00bbmiddle\u00a0\u00bb css=\u00a0\u00bb.vc_custom_1539782288603{margin-top: -20px !important;background-position: center !important;background-repeat: no-repeat !important;background-size: cover !important;}\u00a0\u00bb][vc_column width=\u00a0\u00bb1\/6&Prime;][\/vc_column][vc_column width=\u00a0\u00bb2\/3&Prime;]<div class=\"ult-spacer spacer-69e0ca776653a\" data-id=\"69e0ca776653a\" data-height=\"40\" data-height-mobile=\"0\" data-height-tab=\"\" data-height-tab-portrait=\"\" data-height-mobile-landscape=\"0\" style=\"clear:both;display:block;\"><\/div><div id=\"ultimate-heading-188069e0ca77665a7\" class=\"uvc-heading ult-adjust-bottom-margin ultimate-heading-188069e0ca77665a7 uvc-5022 testo-giustificato\" data-hspacer=\"no_spacer\"  data-halign=\"center\" style=\"text-align:center\"><div class=\"uvc-heading-spacer no_spacer\" style=\"top\"><\/div><div class=\"uvc-sub-heading ult-responsive\"  data-ultimate-target='.uvc-heading.ultimate-heading-188069e0ca77665a7 .uvc-sub-heading '  data-responsive-json-new='{\"font-size\":\"desktop:18px;\",\"line-height\":\"\"}'  style=\"font-family:&#039;Lato&#039;;font-weight:300;\"><strong>Lignes de production de sous-bobines de bobines en diff\u00e9rents types de m\u00e9taux avec, en r\u00e9sum\u00e9, d\u00e9roulage, coupe longitudinale et enroulement en continu.<\/strong><\/p>\n<p><span style=\"color: #008b43;\"><em><strong>Mat\u00e9riaux:<\/strong><\/em><\/span> tous aciers, lamin\u00e9s \u00e0 chaud, lamin\u00e9s \u00e0 froid, galvanis\u00e9s, d\u00e9cap\u00e9s, huil\u00e9s.<br \/>\nApplications sp\u00e9ciales : acier \u00e0 haute r\u00e9sistance et forte \u00e9paisseur pour applications structurelles, aciers tremp\u00e9s, aciers inoxydables \u00e0 miroir, aluminium, alliages l\u00e9gers, etc<\/p>\n<p><span style=\"color: #008b43;\"><strong><em>\u00c9paisseurs de t\u00f4le de 0,1 \u00e0 18 mm: <\/em><\/strong><\/span>la plus large gamme d&rsquo;\u00e9paisseurs traitables de chaque ligne pour garantir une flexibilit\u00e9 et une capacit\u00e9 sup\u00e9rieure d\u2019offre au client final sur son propre march\u00e9.<\/p>\n<p><span style=\"color: #008b43;\"><strong><em>Plus de 50<\/em>:<\/strong> <\/span>nombre de sous-bobines qui peuvent \u00eatre produites par chaque bobine gr\u00e2ce \u00e0 l&rsquo;exp\u00e9rience et \u00e0 la conception de composants sp\u00e9cifiques pour le contr\u00f4le pr\u00e9cis du cycle de coupe, de la manipulation de bandes minces et de la qualit\u00e9 de l\u2019enroulement.<\/p>\n<p><em><strong><span style=\"color: #008b43;\">Plus de 500 000 tonnes \/ an:<\/span><\/strong><\/em> la correspondance avec la capacit\u00e9 de productivit\u00e9 la plus \u00e9lev\u00e9e exigeait avec des centaines de milliers de tonnes par an qui peuvent \u00eatre trait\u00e9es dans chaque usine gr\u00e2ce aux diff\u00e9rents degr\u00e9s d&rsquo;automatisation disponibles pour \u00e9liminer les temps d&rsquo;arr\u00eat et minimiser le personnel requis.<\/p>\n<p><span style=\"color: #008b43;\"><em><strong>Int\u00e9gration de plusieurs installations compl\u00e9mentaires telles que:<\/strong><\/em><\/span> syst\u00e8mes automatiques en permettant d\u2019enlever ou de relier les bobines, syst\u00e8mes de mesure d\u2019\u00e9paisseur, de la largeur de bande, de la qualit\u00e9 de surface, syst\u00e8mes de pulv\u00e9risation d\u2019huile, syst\u00e8me de changement de lame circulaire, etc.<\/div><\/div><div class=\"ult-spacer spacer-69e0ca7766614\" data-id=\"69e0ca7766614\" data-height=\"20\" data-height-mobile=\"20\" data-height-tab=\"20\" data-height-tab-portrait=\"\" data-height-mobile-landscape=\"\" style=\"clear:both;display:block;\"><\/div>[vc_row_inner][vc_column_inner width=\u00a0\u00bb1\/2&Prime;][vc_single_image img_size=\u00a0\u00bbfull\u00a0\u00bb alignment=\u00a0\u00bbcenter\u00a0\u00bb onclick=\u00a0\u00bbcustom_link\u00a0\u00bb image=\u00a0\u00bbid^1486|url^http:\/\/guidaimpianti.com\/wp-content\/uploads\/2018\/12\/165A4821.jpg|caption^null|alt^null|title^165A4821|description^null\u00a0\u00bb link=\u00a0\u00bbhttp:\/\/guidaimpianti.com\/wp-content\/uploads\/2018\/12\/165A4821.jpg\u00a0\u00bb][\/vc_column_inner][vc_column_inner width=\u00a0\u00bb1\/2&Prime;][vc_single_image img_size=\u00a0\u00bbfull\u00a0\u00bb alignment=\u00a0\u00bbcenter\u00a0\u00bb onclick=\u00a0\u00bbcustom_link\u00a0\u00bb image=\u00a0\u00bbid^1439|url^http:\/\/guidaimpianti.com\/wp-content\/uploads\/2018\/12\/SLITTER-4.jpg|caption^null|alt^null|title^SLITTER-4|description^null\u00a0\u00bb link=\u00a0\u00bbhttp:\/\/guidaimpianti.com\/wp-content\/uploads\/2018\/12\/SLITTER-4.jpg\u00a0\u00bb][\/vc_column_inner][\/vc_row_inner][vc_row_inner][vc_column_inner width=\u00a0\u00bb1\/2&Prime;][vc_single_image img_size=\u00a0\u00bbfull\u00a0\u00bb alignment=\u00a0\u00bbcenter\u00a0\u00bb onclick=\u00a0\u00bbcustom_link\u00a0\u00bb image=\u00a0\u00bbid^733|url^http:\/\/guidaimpianti.com\/wp-content\/uploads\/2018\/10\/Slitter-linea-completa-4-mm-1.jpg|caption^null|alt^null|title^Slitter&#8212;linea-completa-4-mm|description^null\u00a0\u00bb link=\u00a0\u00bbhttp:\/\/guidaimpianti.com\/wp-content\/uploads\/2018\/10\/Slitter-linea-completa-4-mm-1.jpg\u00a0\u00bb][\/vc_column_inner][vc_column_inner width=\u00a0\u00bb1\/2&Prime;][vc_single_image img_size=\u00a0\u00bbfull\u00a0\u00bb alignment=\u00a0\u00bbcenter\u00a0\u00bb onclick=\u00a0\u00bbcustom_link\u00a0\u00bb image=\u00a0\u00bbid^1496|url^http:\/\/guidaimpianti.com\/wp-content\/uploads\/2018\/12\/165A4864.jpg|caption^null|alt^null|title^165A4864|description^null\u00a0\u00bb link=\u00a0\u00bbhttp:\/\/guidaimpianti.com\/wp-content\/uploads\/2018\/12\/165A4864.jpg\u00a0\u00bb][\/vc_column_inner][\/vc_row_inner]<div class=\"ult-spacer spacer-69e0ca776664f\" data-id=\"69e0ca776664f\" data-height=\"40\" data-height-mobile=\"0\" data-height-tab=\"\" data-height-tab-portrait=\"\" data-height-mobile-landscape=\"0\" style=\"clear:both;display:block;\"><\/div>[\/vc_column][vc_column width=\u00a0\u00bb1\/6&Prime;][\/vc_column][\/vc_row]<\/p>\n","protected":false},"excerpt":{"rendered":"<p>[vc_row full_width=\u00a0\u00bbstretch_row_content\u00a0\u00bb css=\u00a0\u00bb.vc_custom_1539855753789{background-image: url(http:\/\/guidaimpianti.com\/wp-content\/uploads\/2018\/10\/prodotti_Slitter-linea-completa-4-mm_VERDExPAGINA.jpg?id=529) !important;background-position: center !important;background-repeat: no-repeat !important;background-size: cover !important;}\u00a0\u00bb][vc_column][\/vc_column][\/vc_row][vc_row full_width=\u00a0\u00bbstretch_row_content\u00a0\u00bb content_placement=\u00a0\u00bbmiddle\u00a0\u00bb css=\u00a0\u00bb.vc_custom_1539782288603{margin-top: -20px !important;background-position: center !important;background-repeat: no-repeat !important;background-size: cover !important;}\u00a0\u00bb][vc_column width=\u00a0\u00bb1\/6&Prime;][\/vc_column][vc_column width=\u00a0\u00bb2\/3&Prime;][vc_row_inner][vc_column_inner width=\u00a0\u00bb1\/2&Prime;][vc_single_image img_size=\u00a0\u00bbfull\u00a0\u00bb alignment=\u00a0\u00bbcenter\u00a0\u00bb onclick=\u00a0\u00bbcustom_link\u00a0\u00bb image=\u00a0\u00bbid^1486|url^http:\/\/guidaimpianti.com\/wp-content\/uploads\/2018\/12\/165A4821.jpg|caption^null|alt^null|title^165A4821|description^null\u00a0\u00bb link=\u00a0\u00bbhttp:\/\/guidaimpianti.com\/wp-content\/uploads\/2018\/12\/165A4821.jpg\u00a0\u00bb][\/vc_column_inner][vc_column_inner width=\u00a0\u00bb1\/2&Prime;][vc_single_image img_size=\u00a0\u00bbfull\u00a0\u00bb alignment=\u00a0\u00bbcenter\u00a0\u00bb onclick=\u00a0\u00bbcustom_link\u00a0\u00bb image=\u00a0\u00bbid^1439|url^http:\/\/guidaimpianti.com\/wp-content\/uploads\/2018\/12\/SLITTER-4.jpg|caption^null|alt^null|title^SLITTER-4|description^null\u00a0\u00bb link=\u00a0\u00bbhttp:\/\/guidaimpianti.com\/wp-content\/uploads\/2018\/12\/SLITTER-4.jpg\u00a0\u00bb][\/vc_column_inner][\/vc_row_inner][vc_row_inner][vc_column_inner width=\u00a0\u00bb1\/2&Prime;][vc_single_image img_size=\u00a0\u00bbfull\u00a0\u00bb alignment=\u00a0\u00bbcenter\u00a0\u00bb onclick=\u00a0\u00bbcustom_link\u00a0\u00bb image=\u00a0\u00bbid^733|url^http:\/\/guidaimpianti.com\/wp-content\/uploads\/2018\/10\/Slitter-linea-completa-4-mm-1.jpg|caption^null|alt^null|title^Slitter&#8212;linea-completa-4-mm|description^null\u00a0\u00bb link=\u00a0\u00bbhttp:\/\/guidaimpianti.com\/wp-content\/uploads\/2018\/10\/Slitter-linea-completa-4-mm-1.jpg\u00a0\u00bb][\/vc_column_inner][vc_column_inner width=\u00a0\u00bb1\/2&Prime;][vc_single_image img_size=\u00a0\u00bbfull\u00a0\u00bb alignment=\u00a0\u00bbcenter\u00a0\u00bb onclick=\u00a0\u00bbcustom_link\u00a0\u00bb image=\u00a0\u00bbid^1496|url^http:\/\/guidaimpianti.com\/wp-content\/uploads\/2018\/12\/165A4864.jpg|caption^null|alt^null|title^165A4864|description^null\u00a0\u00bb link=\u00a0\u00bbhttp:\/\/guidaimpianti.com\/wp-content\/uploads\/2018\/12\/165A4864.jpg\u00a0\u00bb][\/vc_column_inner][\/vc_row_inner][\/vc_column][vc_column width=\u00a0\u00bb1\/6&Prime;][\/vc_column][\/vc_row]<\/p>\n","protected":false},"author":3,"featured_media":0,"parent":0,"menu_order":20,"comment_status":"closed","ping_status":"closed","template":"","meta":{"footnotes":""},"class_list":["post-973","page","type-page","status-publish","hentry"],"yoast_head":"<!-- This site is optimized with the Yoast SEO plugin v27.4 - https:\/\/yoast.com\/product\/yoast-seo-wordpress\/ -->\n<title>Slitter | Guida Engeneering<\/title>\n<meta name=\"robots\" content=\"index, follow, max-snippet:-1, max-image-preview:large, max-video-preview:-1\" \/>\n<link rel=\"canonical\" href=\"https:\/\/guidaimpianti.com\/fr\/slitter\/\" \/>\n<meta property=\"og:locale\" content=\"fr_FR\" \/>\n<meta property=\"og:type\" content=\"article\" \/>\n<meta property=\"og:title\" content=\"Slitter | Guida Engeneering\" \/>\n<meta property=\"og:description\" content=\"[vc_row full_width=\u00a0\u00bbstretch_row_content\u00a0\u00bb css=\u00a0\u00bb.vc_custom_1539855753789{background-image: url(http:\/\/guidaimpianti.com\/wp-content\/uploads\/2018\/10\/prodotti_Slitter-linea-completa-4-mm_VERDExPAGINA.jpg?id=529) !important;background-position: center !important;background-repeat: no-repeat !important;background-size: cover !important;}\u00a0\u00bb][vc_column][\/vc_column][\/vc_row][vc_row full_width=\u00a0\u00bbstretch_row_content\u00a0\u00bb content_placement=\u00a0\u00bbmiddle\u00a0\u00bb css=\u00a0\u00bb.vc_custom_1539782288603{margin-top: -20px !important;background-position: center !important;background-repeat: no-repeat !important;background-size: cover !important;}\u00a0\u00bb][vc_column width=\u00a0\u00bb1\/6&Prime;][\/vc_column][vc_column width=\u00a0\u00bb2\/3&Prime;][vc_row_inner][vc_column_inner width=\u00a0\u00bb1\/2&Prime;][vc_single_image img_size=\u00a0\u00bbfull\u00a0\u00bb alignment=\u00a0\u00bbcenter\u00a0\u00bb onclick=\u00a0\u00bbcustom_link\u00a0\u00bb image=\u00a0\u00bbid^1486|url^http:\/\/guidaimpianti.com\/wp-content\/uploads\/2018\/12\/165A4821.jpg|caption^null|alt^null|title^165A4821|description^null\u00a0\u00bb link=\u00a0\u00bbhttp:\/\/guidaimpianti.com\/wp-content\/uploads\/2018\/12\/165A4821.jpg\u00a0\u00bb][\/vc_column_inner][vc_column_inner width=\u00a0\u00bb1\/2&Prime;][vc_single_image img_size=\u00a0\u00bbfull\u00a0\u00bb alignment=\u00a0\u00bbcenter\u00a0\u00bb onclick=\u00a0\u00bbcustom_link\u00a0\u00bb image=\u00a0\u00bbid^1439|url^http:\/\/guidaimpianti.com\/wp-content\/uploads\/2018\/12\/SLITTER-4.jpg|caption^null|alt^null|title^SLITTER-4|description^null\u00a0\u00bb link=\u00a0\u00bbhttp:\/\/guidaimpianti.com\/wp-content\/uploads\/2018\/12\/SLITTER-4.jpg\u00a0\u00bb][\/vc_column_inner][\/vc_row_inner][vc_row_inner][vc_column_inner width=\u00a0\u00bb1\/2&Prime;][vc_single_image img_size=\u00a0\u00bbfull\u00a0\u00bb alignment=\u00a0\u00bbcenter\u00a0\u00bb onclick=\u00a0\u00bbcustom_link\u00a0\u00bb image=\u00a0\u00bbid^733|url^http:\/\/guidaimpianti.com\/wp-content\/uploads\/2018\/10\/Slitter-linea-completa-4-mm-1.jpg|caption^null|alt^null|title^Slitter&#8212;linea-completa-4-mm|description^null\u00a0\u00bb link=\u00a0\u00bbhttp:\/\/guidaimpianti.com\/wp-content\/uploads\/2018\/10\/Slitter-linea-completa-4-mm-1.jpg\u00a0\u00bb][\/vc_column_inner][vc_column_inner width=\u00a0\u00bb1\/2&Prime;][vc_single_image img_size=\u00a0\u00bbfull\u00a0\u00bb alignment=\u00a0\u00bbcenter\u00a0\u00bb onclick=\u00a0\u00bbcustom_link\u00a0\u00bb image=\u00a0\u00bbid^1496|url^http:\/\/guidaimpianti.com\/wp-content\/uploads\/2018\/12\/165A4864.jpg|caption^null|alt^null|title^165A4864|description^null\u00a0\u00bb link=\u00a0\u00bbhttp:\/\/guidaimpianti.com\/wp-content\/uploads\/2018\/12\/165A4864.jpg\u00a0\u00bb][\/vc_column_inner][\/vc_row_inner][\/vc_column][vc_column width=\u00a0\u00bb1\/6&Prime;][\/vc_column][\/vc_row]\" \/>\n<meta property=\"og:url\" content=\"https:\/\/guidaimpianti.com\/fr\/slitter\/\" \/>\n<meta property=\"og:site_name\" content=\"Guida Engeneering\" \/>\n<meta property=\"article:modified_time\" content=\"2018-12-05T09:49:36+00:00\" \/>\n<meta name=\"twitter:card\" content=\"summary_large_image\" \/>\n<meta name=\"twitter:label1\" content=\"Dur\u00e9e de lecture estim\u00e9e\" \/>\n\t<meta name=\"twitter:data1\" content=\"3 minutes\" \/>\n<script type=\"application\/ld+json\" class=\"yoast-schema-graph\">{\"@context\":\"https:\\\/\\\/schema.org\",\"@graph\":[{\"@type\":\"WebPage\",\"@id\":\"https:\\\/\\\/guidaimpianti.com\\\/fr\\\/slitter\\\/\",\"url\":\"https:\\\/\\\/guidaimpianti.com\\\/fr\\\/slitter\\\/\",\"name\":\"Slitter | Guida Engeneering\",\"isPartOf\":{\"@id\":\"https:\\\/\\\/guidaimpianti.com\\\/#website\"},\"datePublished\":\"2017-07-31T13:07:42+00:00\",\"dateModified\":\"2018-12-05T09:49:36+00:00\",\"breadcrumb\":{\"@id\":\"https:\\\/\\\/guidaimpianti.com\\\/fr\\\/slitter\\\/#breadcrumb\"},\"inLanguage\":\"fr-FR\",\"potentialAction\":[{\"@type\":\"ReadAction\",\"target\":[\"https:\\\/\\\/guidaimpianti.com\\\/fr\\\/slitter\\\/\"]}]},{\"@type\":\"BreadcrumbList\",\"@id\":\"https:\\\/\\\/guidaimpianti.com\\\/fr\\\/slitter\\\/#breadcrumb\",\"itemListElement\":[{\"@type\":\"ListItem\",\"position\":1,\"name\":\"Home\",\"item\":\"https:\\\/\\\/guidaimpianti.com\\\/fr\\\/\"},{\"@type\":\"ListItem\",\"position\":2,\"name\":\"Slitter\"}]},{\"@type\":\"WebSite\",\"@id\":\"https:\\\/\\\/guidaimpianti.com\\\/#website\",\"url\":\"https:\\\/\\\/guidaimpianti.com\\\/\",\"name\":\"Guida Engeneering\",\"description\":\"\",\"potentialAction\":[{\"@type\":\"SearchAction\",\"target\":{\"@type\":\"EntryPoint\",\"urlTemplate\":\"https:\\\/\\\/guidaimpianti.com\\\/?s={search_term_string}\"},\"query-input\":{\"@type\":\"PropertyValueSpecification\",\"valueRequired\":true,\"valueName\":\"search_term_string\"}}],\"inLanguage\":\"fr-FR\"}]}<\/script>\n<!-- \/ Yoast SEO plugin. -->","yoast_head_json":{"title":"Slitter | Guida Engeneering","robots":{"index":"index","follow":"follow","max-snippet":"max-snippet:-1","max-image-preview":"max-image-preview:large","max-video-preview":"max-video-preview:-1"},"canonical":"https:\/\/guidaimpianti.com\/fr\/slitter\/","og_locale":"fr_FR","og_type":"article","og_title":"Slitter | Guida Engeneering","og_description":"[vc_row full_width=\u00a0\u00bbstretch_row_content\u00a0\u00bb css=\u00a0\u00bb.vc_custom_1539855753789{background-image: url(http:\/\/guidaimpianti.com\/wp-content\/uploads\/2018\/10\/prodotti_Slitter-linea-completa-4-mm_VERDExPAGINA.jpg?id=529) !important;background-position: center !important;background-repeat: no-repeat !important;background-size: cover !important;}\u00a0\u00bb][vc_column][\/vc_column][\/vc_row][vc_row full_width=\u00a0\u00bbstretch_row_content\u00a0\u00bb content_placement=\u00a0\u00bbmiddle\u00a0\u00bb css=\u00a0\u00bb.vc_custom_1539782288603{margin-top: -20px !important;background-position: center !important;background-repeat: no-repeat !important;background-size: cover !important;}\u00a0\u00bb][vc_column width=\u00a0\u00bb1\/6&Prime;][\/vc_column][vc_column width=\u00a0\u00bb2\/3&Prime;][vc_row_inner][vc_column_inner width=\u00a0\u00bb1\/2&Prime;][vc_single_image img_size=\u00a0\u00bbfull\u00a0\u00bb alignment=\u00a0\u00bbcenter\u00a0\u00bb onclick=\u00a0\u00bbcustom_link\u00a0\u00bb image=\u00a0\u00bbid^1486|url^http:\/\/guidaimpianti.com\/wp-content\/uploads\/2018\/12\/165A4821.jpg|caption^null|alt^null|title^165A4821|description^null\u00a0\u00bb link=\u00a0\u00bbhttp:\/\/guidaimpianti.com\/wp-content\/uploads\/2018\/12\/165A4821.jpg\u00a0\u00bb][\/vc_column_inner][vc_column_inner width=\u00a0\u00bb1\/2&Prime;][vc_single_image img_size=\u00a0\u00bbfull\u00a0\u00bb alignment=\u00a0\u00bbcenter\u00a0\u00bb onclick=\u00a0\u00bbcustom_link\u00a0\u00bb image=\u00a0\u00bbid^1439|url^http:\/\/guidaimpianti.com\/wp-content\/uploads\/2018\/12\/SLITTER-4.jpg|caption^null|alt^null|title^SLITTER-4|description^null\u00a0\u00bb link=\u00a0\u00bbhttp:\/\/guidaimpianti.com\/wp-content\/uploads\/2018\/12\/SLITTER-4.jpg\u00a0\u00bb][\/vc_column_inner][\/vc_row_inner][vc_row_inner][vc_column_inner width=\u00a0\u00bb1\/2&Prime;][vc_single_image img_size=\u00a0\u00bbfull\u00a0\u00bb alignment=\u00a0\u00bbcenter\u00a0\u00bb onclick=\u00a0\u00bbcustom_link\u00a0\u00bb image=\u00a0\u00bbid^733|url^http:\/\/guidaimpianti.com\/wp-content\/uploads\/2018\/10\/Slitter-linea-completa-4-mm-1.jpg|caption^null|alt^null|title^Slitter&#8212;linea-completa-4-mm|description^null\u00a0\u00bb link=\u00a0\u00bbhttp:\/\/guidaimpianti.com\/wp-content\/uploads\/2018\/10\/Slitter-linea-completa-4-mm-1.jpg\u00a0\u00bb][\/vc_column_inner][vc_column_inner width=\u00a0\u00bb1\/2&Prime;][vc_single_image img_size=\u00a0\u00bbfull\u00a0\u00bb alignment=\u00a0\u00bbcenter\u00a0\u00bb onclick=\u00a0\u00bbcustom_link\u00a0\u00bb image=\u00a0\u00bbid^1496|url^http:\/\/guidaimpianti.com\/wp-content\/uploads\/2018\/12\/165A4864.jpg|caption^null|alt^null|title^165A4864|description^null\u00a0\u00bb link=\u00a0\u00bbhttp:\/\/guidaimpianti.com\/wp-content\/uploads\/2018\/12\/165A4864.jpg\u00a0\u00bb][\/vc_column_inner][\/vc_row_inner][\/vc_column][vc_column width=\u00a0\u00bb1\/6&Prime;][\/vc_column][\/vc_row]","og_url":"https:\/\/guidaimpianti.com\/fr\/slitter\/","og_site_name":"Guida Engeneering","article_modified_time":"2018-12-05T09:49:36+00:00","twitter_card":"summary_large_image","twitter_misc":{"Dur\u00e9e de lecture estim\u00e9e":"3 minutes"},"schema":{"@context":"https:\/\/schema.org","@graph":[{"@type":"WebPage","@id":"https:\/\/guidaimpianti.com\/fr\/slitter\/","url":"https:\/\/guidaimpianti.com\/fr\/slitter\/","name":"Slitter | Guida Engeneering","isPartOf":{"@id":"https:\/\/guidaimpianti.com\/#website"},"datePublished":"2017-07-31T13:07:42+00:00","dateModified":"2018-12-05T09:49:36+00:00","breadcrumb":{"@id":"https:\/\/guidaimpianti.com\/fr\/slitter\/#breadcrumb"},"inLanguage":"fr-FR","potentialAction":[{"@type":"ReadAction","target":["https:\/\/guidaimpianti.com\/fr\/slitter\/"]}]},{"@type":"BreadcrumbList","@id":"https:\/\/guidaimpianti.com\/fr\/slitter\/#breadcrumb","itemListElement":[{"@type":"ListItem","position":1,"name":"Home","item":"https:\/\/guidaimpianti.com\/fr\/"},{"@type":"ListItem","position":2,"name":"Slitter"}]},{"@type":"WebSite","@id":"https:\/\/guidaimpianti.com\/#website","url":"https:\/\/guidaimpianti.com\/","name":"Guida Engeneering","description":"","potentialAction":[{"@type":"SearchAction","target":{"@type":"EntryPoint","urlTemplate":"https:\/\/guidaimpianti.com\/?s={search_term_string}"},"query-input":{"@type":"PropertyValueSpecification","valueRequired":true,"valueName":"search_term_string"}}],"inLanguage":"fr-FR"}]}},"_links":{"self":[{"href":"https:\/\/guidaimpianti.com\/fr\/wp-json\/wp\/v2\/pages\/973","targetHints":{"allow":["GET"]}}],"collection":[{"href":"https:\/\/guidaimpianti.com\/fr\/wp-json\/wp\/v2\/pages"}],"about":[{"href":"https:\/\/guidaimpianti.com\/fr\/wp-json\/wp\/v2\/types\/page"}],"author":[{"embeddable":true,"href":"https:\/\/guidaimpianti.com\/fr\/wp-json\/wp\/v2\/users\/3"}],"replies":[{"embeddable":true,"href":"https:\/\/guidaimpianti.com\/fr\/wp-json\/wp\/v2\/comments?post=973"}],"version-history":[{"count":5,"href":"https:\/\/guidaimpianti.com\/fr\/wp-json\/wp\/v2\/pages\/973\/revisions"}],"predecessor-version":[{"id":1526,"href":"https:\/\/guidaimpianti.com\/fr\/wp-json\/wp\/v2\/pages\/973\/revisions\/1526"}],"wp:attachment":[{"href":"https:\/\/guidaimpianti.com\/fr\/wp-json\/wp\/v2\/media?parent=973"}],"curies":[{"name":"wp","href":"https:\/\/api.w.org\/{rel}","templated":true}]}}