{"id":974,"date":"2018-10-09T16:32:09","date_gmt":"2018-10-09T14:32:09","guid":{"rendered":"https:\/\/www.guidaimpianti.eu\/ctl\/"},"modified":"2018-12-05T10:52:20","modified_gmt":"2018-12-05T09:52:20","slug":"ctl","status":"publish","type":"page","link":"https:\/\/guidaimpianti.com\/fr\/ctl\/","title":{"rendered":"CTL"},"content":{"rendered":"<p>[vc_row full_width=\u00a0\u00bbstretch_row_content\u00a0\u00bb css=\u00a0\u00bb.vc_custom_1543998867160{background-image: url(http:\/\/guidaimpianti.com\/wp-content\/uploads\/2018\/12\/Foto-Sfondo-CTL.jpg?id=1374) !important;background-position: center !important;background-repeat: no-repeat !important;background-size: cover !important;}\u00a0\u00bb][vc_column]<div class=\"ult-spacer spacer-69ea16ae0f468\" data-id=\"69ea16ae0f468\" data-height=\"280\" data-height-mobile=\"145\" data-height-tab=\"\" data-height-tab-portrait=\"\" data-height-mobile-landscape=\"145\" style=\"clear:both;display:block;\"><\/div><div id=\"ultimate-heading-347969ea16ae0f508\" class=\"uvc-heading ult-adjust-bottom-margin ultimate-heading-347969ea16ae0f508 uvc-5722 \" data-hspacer=\"no_spacer\"  data-halign=\"center\" style=\"text-align:center\"><div class=\"uvc-heading-spacer no_spacer\" style=\"top\"><\/div><div class=\"uvc-main-heading ult-responsive\"  data-ultimate-target='.uvc-heading.ultimate-heading-347969ea16ae0f508 h2'  data-responsive-json-new='{\"font-size\":\"desktop:30px;\",\"line-height\":\"\"}' ><h2 style=\"font-family:&#039;Lato&#039;;font-weight:700;color:#ffffff;\">CTL<\/h2><\/div><\/div><div class=\"ult-spacer spacer-69ea16ae0f59a\" data-id=\"69ea16ae0f59a\" data-height=\"155\" data-height-mobile=\"105\" data-height-tab=\"\" data-height-tab-portrait=\"\" data-height-mobile-landscape=\"105\" style=\"clear:both;display:block;\"><\/div>[\/vc_column][\/vc_row][vc_row full_width=\u00a0\u00bbstretch_row_content\u00a0\u00bb content_placement=\u00a0\u00bbmiddle\u00a0\u00bb css=\u00a0\u00bb.vc_custom_1539782301515{margin-top: -20px !important;background-position: center !important;background-repeat: no-repeat !important;background-size: cover !important;}\u00a0\u00bb][vc_column width=\u00a0\u00bb1\/6&Prime;][\/vc_column][vc_column width=\u00a0\u00bb2\/3&Prime;]<div class=\"ult-spacer spacer-69ea16ae0f5e0\" data-id=\"69ea16ae0f5e0\" data-height=\"40\" data-height-mobile=\"0\" data-height-tab=\"\" data-height-tab-portrait=\"\" data-height-mobile-landscape=\"0\" style=\"clear:both;display:block;\"><\/div><div id=\"ultimate-heading-767269ea16ae0f63a\" class=\"uvc-heading ult-adjust-bottom-margin ultimate-heading-767269ea16ae0f63a uvc-3322 testo-giustificato\" data-hspacer=\"no_spacer\"  data-halign=\"center\" style=\"text-align:center\"><div class=\"uvc-heading-spacer no_spacer\" style=\"top\"><\/div><div class=\"uvc-sub-heading ult-responsive\"  data-ultimate-target='.uvc-heading.ultimate-heading-767269ea16ae0f63a .uvc-sub-heading '  data-responsive-json-new='{\"font-size\":\"desktop:18px;\",\"line-height\":\"\"}'  style=\"font-family:&#039;Lato&#039;;font-weight:300;\"><strong>Lignes de production de t\u00f4les \u00e0 partir de bobines en diff\u00e9rents types de m\u00e9tal avec d\u00e9roulement, aplatissement, coupe transversale en longueur et empilement de t\u00f4les en feuille produites en continu.<\/strong><\/p>\n<p><em><strong><span style=\"color: #008b43;\">Mat\u00e9riaux:<\/span><\/strong><\/em> tous aciers, lamin\u00e9s \u00e0 chaud, lamin\u00e9s \u00e0 froid, galvanis\u00e9s, d\u00e9cap\u00e9s, huil\u00e9s.<br \/>\nApplications sp\u00e9ciales : acier \u00e0 haute r\u00e9sistance et forte \u00e9paisseur pour applications structurelles, aciers tremp\u00e9s, aciers inoxydables \u00e0 miroir, aluminium, alliages l\u00e9gers, etc.<\/p>\n<p><em><span style=\"color: #008b43;\"><strong>Epaisseur de t\u00f4le de 0,2 \u00e0 20 mm:<\/strong><\/span> u<\/em>tilisation de plusieurs planeuses en ligne pour garantir de larges gammes d&rsquo;\u00e9paisseurs en tant que planeuses individuelles d\u00e9di\u00e9es aux petites distributions.<\/p>\n<p><span style=\"color: #008b43;\"><em><strong>PLANEUSES NO-TORQUE-LOSS: <\/strong><\/em><\/span>principalement pour le secteur de l&rsquo;acier \u00e0 haute r\u00e9sistance, l&rsquo;utilisation de plusieurs entra\u00eenements avec un syst\u00e8me de contr\u00f4le \u00e9lectronique innovant pour \u00e9quilibrer et am\u00e9liorer les couples n\u00e9cessaires au processus d\u2019aplanissement.<\/p>\n<p><span style=\"color: #008b43;\"><strong><em>Productivit\u00e9 \u00e9lev\u00e9e<\/em>:<\/strong><\/span> gr\u00e2ce \u00e0 la r\u00e9duction des co\u00fbts de maintenance des installations par une forte utilisation de syst\u00e8mes \u00e0 faible impact \u00e9nerg\u00e9tique et de maintenance.<\/p>\n<p><span style=\"color: #008b43;\"><strong><em>Plus de 350 000 tonnes \/ an<\/em>:<\/strong> <\/span>la correspondance avec la capacit\u00e9 de productivit\u00e9 la plus \u00e9lev\u00e9e exigeait avec des centaines de milliers de tonnes par an qui peuvent \u00eatre trait\u00e9es dans chaque usine gr\u00e2ce aux diff\u00e9rents degr\u00e9s d&rsquo;automatisation disponibles pour \u00e9liminer les temps d&rsquo;arr\u00eat et minimiser le personnel requis.<\/p>\n<p><span style=\"color: #008b43;\"><strong><em>Flexibilit\u00e9<\/em>:<\/strong> <\/span>installations con\u00e7ues pour r\u00e9pondre aux besoins du client, soit une grande aci\u00e9rie soit un petit centre de services local : empileurs automatiques et syst\u00e8mes d\u2019emballage en t\u00f4le ; Int\u00e9gration de syst\u00e8mes de mesure d&rsquo;\u00e9paisseur, de la largeur de bande, de la qualit\u00e9 de surface, syst\u00e8mes de lubrification.<\/div><\/div><div class=\"ult-spacer spacer-69ea16ae0f6b2\" data-id=\"69ea16ae0f6b2\" data-height=\"20\" data-height-mobile=\"20\" data-height-tab=\"20\" data-height-tab-portrait=\"\" data-height-mobile-landscape=\"\" style=\"clear:both;display:block;\"><\/div>[vc_row_inner][vc_column_inner width=\u00a0\u00bb1\/2&Prime;][vc_single_image img_size=\u00a0\u00bbfull\u00a0\u00bb alignment=\u00a0\u00bbcenter\u00a0\u00bb onclick=\u00a0\u00bbcustom_link\u00a0\u00bb link=\u00a0\u00bbhttp:\/\/guidaimpianti.com\/wp-content\/uploads\/2018\/10\/165A4865.jpg\u00a0\u00bb image=\u00a0\u00bbid^750|url^http:\/\/guidaimpianti.com\/wp-content\/uploads\/2018\/10\/165A4865.jpg|caption^null|alt^null|title^165A4865|description^null\u00a0\u00bb][\/vc_column_inner][vc_column_inner width=\u00a0\u00bb1\/2&Prime;][vc_single_image img_size=\u00a0\u00bbfull\u00a0\u00bb alignment=\u00a0\u00bbcenter\u00a0\u00bb onclick=\u00a0\u00bbcustom_link\u00a0\u00bb link=\u00a0\u00bbhttp:\/\/guidaimpianti.com\/wp-content\/uploads\/2018\/10\/CTL-sottile.jpg\u00a0\u00bb image=\u00a0\u00bbid^776|url^http:\/\/guidaimpianti.com\/wp-content\/uploads\/2018\/10\/CTL-sottile.jpg|caption^null|alt^null|title^CTL&#8212;sottile|description^null\u00a0\u00bb][\/vc_column_inner][\/vc_row_inner][vc_row_inner][vc_column_inner width=\u00a0\u00bb1\/2&Prime;][vc_single_image img_size=\u00a0\u00bbfull\u00a0\u00bb alignment=\u00a0\u00bbcenter\u00a0\u00bb onclick=\u00a0\u00bbcustom_link\u00a0\u00bb link=\u00a0\u00bbhttp:\/\/guidaimpianti.com\/wp-content\/uploads\/2018\/10\/CTL-linea-8-mm-2.jpg\u00a0\u00bb image=\u00a0\u00bbid^771|url^http:\/\/guidaimpianti.com\/wp-content\/uploads\/2018\/10\/CTL-linea-8-mm-2.jpg|caption^null|alt^null|title^CTL&#8212;linea-8-mm-2|description^null\u00a0\u00bb][\/vc_column_inner][vc_column_inner width=\u00a0\u00bb1\/2&Prime;][vc_single_image img_size=\u00a0\u00bbfull\u00a0\u00bb alignment=\u00a0\u00bbcenter\u00a0\u00bb onclick=\u00a0\u00bbcustom_link\u00a0\u00bb link=\u00a0\u00bbhttp:\/\/guidaimpianti.com\/wp-content\/uploads\/2018\/10\/165A4877.jpg\u00a0\u00bb image=\u00a0\u00bbid^755|url^http:\/\/guidaimpianti.com\/wp-content\/uploads\/2018\/10\/165A4877.jpg|caption^null|alt^null|title^165A4877|description^null\u00a0\u00bb][\/vc_column_inner][\/vc_row_inner]<div class=\"ult-spacer spacer-69ea16ae0f6fa\" data-id=\"69ea16ae0f6fa\" data-height=\"40\" data-height-mobile=\"0\" data-height-tab=\"\" data-height-tab-portrait=\"\" data-height-mobile-landscape=\"0\" style=\"clear:both;display:block;\"><\/div>[\/vc_column][vc_column width=\u00a0\u00bb1\/6&Prime;][\/vc_column][\/vc_row]<\/p>\n","protected":false},"excerpt":{"rendered":"<p>[vc_row full_width=\u00a0\u00bbstretch_row_content\u00a0\u00bb css=\u00a0\u00bb.vc_custom_1543998867160{background-image: url(http:\/\/guidaimpianti.com\/wp-content\/uploads\/2018\/12\/Foto-Sfondo-CTL.jpg?id=1374) !important;background-position: center !important;background-repeat: no-repeat !important;background-size: cover !important;}\u00a0\u00bb][vc_column][\/vc_column][\/vc_row][vc_row full_width=\u00a0\u00bbstretch_row_content\u00a0\u00bb content_placement=\u00a0\u00bbmiddle\u00a0\u00bb css=\u00a0\u00bb.vc_custom_1539782301515{margin-top: -20px !important;background-position: center !important;background-repeat: no-repeat !important;background-size: cover !important;}\u00a0\u00bb][vc_column width=\u00a0\u00bb1\/6&Prime;][\/vc_column][vc_column width=\u00a0\u00bb2\/3&Prime;][vc_row_inner][vc_column_inner width=\u00a0\u00bb1\/2&Prime;][vc_single_image img_size=\u00a0\u00bbfull\u00a0\u00bb alignment=\u00a0\u00bbcenter\u00a0\u00bb onclick=\u00a0\u00bbcustom_link\u00a0\u00bb link=\u00a0\u00bbhttp:\/\/guidaimpianti.com\/wp-content\/uploads\/2018\/10\/165A4865.jpg\u00a0\u00bb image=\u00a0\u00bbid^750|url^http:\/\/guidaimpianti.com\/wp-content\/uploads\/2018\/10\/165A4865.jpg|caption^null|alt^null|title^165A4865|description^null\u00a0\u00bb][\/vc_column_inner][vc_column_inner width=\u00a0\u00bb1\/2&Prime;][vc_single_image img_size=\u00a0\u00bbfull\u00a0\u00bb alignment=\u00a0\u00bbcenter\u00a0\u00bb onclick=\u00a0\u00bbcustom_link\u00a0\u00bb link=\u00a0\u00bbhttp:\/\/guidaimpianti.com\/wp-content\/uploads\/2018\/10\/CTL-sottile.jpg\u00a0\u00bb image=\u00a0\u00bbid^776|url^http:\/\/guidaimpianti.com\/wp-content\/uploads\/2018\/10\/CTL-sottile.jpg|caption^null|alt^null|title^CTL&#8212;sottile|description^null\u00a0\u00bb][\/vc_column_inner][\/vc_row_inner][vc_row_inner][vc_column_inner width=\u00a0\u00bb1\/2&Prime;][vc_single_image img_size=\u00a0\u00bbfull\u00a0\u00bb alignment=\u00a0\u00bbcenter\u00a0\u00bb onclick=\u00a0\u00bbcustom_link\u00a0\u00bb link=\u00a0\u00bbhttp:\/\/guidaimpianti.com\/wp-content\/uploads\/2018\/10\/CTL-linea-8-mm-2.jpg\u00a0\u00bb image=\u00a0\u00bbid^771|url^http:\/\/guidaimpianti.com\/wp-content\/uploads\/2018\/10\/CTL-linea-8-mm-2.jpg|caption^null|alt^null|title^CTL&#8212;linea-8-mm-2|description^null\u00a0\u00bb][\/vc_column_inner][vc_column_inner width=\u00a0\u00bb1\/2&Prime;][vc_single_image img_size=\u00a0\u00bbfull\u00a0\u00bb alignment=\u00a0\u00bbcenter\u00a0\u00bb onclick=\u00a0\u00bbcustom_link\u00a0\u00bb link=\u00a0\u00bbhttp:\/\/guidaimpianti.com\/wp-content\/uploads\/2018\/10\/165A4877.jpg\u00a0\u00bb image=\u00a0\u00bbid^755|url^http:\/\/guidaimpianti.com\/wp-content\/uploads\/2018\/10\/165A4877.jpg|caption^null|alt^null|title^165A4877|description^null\u00a0\u00bb][\/vc_column_inner][\/vc_row_inner][\/vc_column][vc_column width=\u00a0\u00bb1\/6&Prime;][\/vc_column][\/vc_row]<\/p>\n","protected":false},"author":3,"featured_media":0,"parent":0,"menu_order":30,"comment_status":"closed","ping_status":"closed","template":"","meta":{"footnotes":""},"class_list":["post-974","page","type-page","status-publish","hentry"],"yoast_head":"<!-- This site is optimized with the Yoast SEO plugin v27.4 - https:\/\/yoast.com\/product\/yoast-seo-wordpress\/ -->\n<title>CTL | Guida Engeneering<\/title>\n<meta name=\"robots\" content=\"index, follow, max-snippet:-1, max-image-preview:large, max-video-preview:-1\" \/>\n<link rel=\"canonical\" href=\"https:\/\/guidaimpianti.com\/fr\/ctl\/\" \/>\n<meta property=\"og:locale\" content=\"fr_FR\" \/>\n<meta property=\"og:type\" content=\"article\" \/>\n<meta property=\"og:title\" content=\"CTL | Guida Engeneering\" \/>\n<meta property=\"og:description\" content=\"[vc_row full_width=\u00a0\u00bbstretch_row_content\u00a0\u00bb css=\u00a0\u00bb.vc_custom_1543998867160{background-image: url(http:\/\/guidaimpianti.com\/wp-content\/uploads\/2018\/12\/Foto-Sfondo-CTL.jpg?id=1374) !important;background-position: center !important;background-repeat: no-repeat !important;background-size: cover !important;}\u00a0\u00bb][vc_column][\/vc_column][\/vc_row][vc_row full_width=\u00a0\u00bbstretch_row_content\u00a0\u00bb content_placement=\u00a0\u00bbmiddle\u00a0\u00bb css=\u00a0\u00bb.vc_custom_1539782301515{margin-top: -20px !important;background-position: center !important;background-repeat: no-repeat !important;background-size: cover !important;}\u00a0\u00bb][vc_column width=\u00a0\u00bb1\/6&Prime;][\/vc_column][vc_column width=\u00a0\u00bb2\/3&Prime;][vc_row_inner][vc_column_inner width=\u00a0\u00bb1\/2&Prime;][vc_single_image img_size=\u00a0\u00bbfull\u00a0\u00bb alignment=\u00a0\u00bbcenter\u00a0\u00bb onclick=\u00a0\u00bbcustom_link\u00a0\u00bb link=\u00a0\u00bbhttp:\/\/guidaimpianti.com\/wp-content\/uploads\/2018\/10\/165A4865.jpg\u00a0\u00bb image=\u00a0\u00bbid^750|url^http:\/\/guidaimpianti.com\/wp-content\/uploads\/2018\/10\/165A4865.jpg|caption^null|alt^null|title^165A4865|description^null\u00a0\u00bb][\/vc_column_inner][vc_column_inner width=\u00a0\u00bb1\/2&Prime;][vc_single_image img_size=\u00a0\u00bbfull\u00a0\u00bb alignment=\u00a0\u00bbcenter\u00a0\u00bb onclick=\u00a0\u00bbcustom_link\u00a0\u00bb link=\u00a0\u00bbhttp:\/\/guidaimpianti.com\/wp-content\/uploads\/2018\/10\/CTL-sottile.jpg\u00a0\u00bb image=\u00a0\u00bbid^776|url^http:\/\/guidaimpianti.com\/wp-content\/uploads\/2018\/10\/CTL-sottile.jpg|caption^null|alt^null|title^CTL&#8212;sottile|description^null\u00a0\u00bb][\/vc_column_inner][\/vc_row_inner][vc_row_inner][vc_column_inner width=\u00a0\u00bb1\/2&Prime;][vc_single_image img_size=\u00a0\u00bbfull\u00a0\u00bb alignment=\u00a0\u00bbcenter\u00a0\u00bb onclick=\u00a0\u00bbcustom_link\u00a0\u00bb link=\u00a0\u00bbhttp:\/\/guidaimpianti.com\/wp-content\/uploads\/2018\/10\/CTL-linea-8-mm-2.jpg\u00a0\u00bb image=\u00a0\u00bbid^771|url^http:\/\/guidaimpianti.com\/wp-content\/uploads\/2018\/10\/CTL-linea-8-mm-2.jpg|caption^null|alt^null|title^CTL&#8212;linea-8-mm-2|description^null\u00a0\u00bb][\/vc_column_inner][vc_column_inner width=\u00a0\u00bb1\/2&Prime;][vc_single_image img_size=\u00a0\u00bbfull\u00a0\u00bb alignment=\u00a0\u00bbcenter\u00a0\u00bb onclick=\u00a0\u00bbcustom_link\u00a0\u00bb link=\u00a0\u00bbhttp:\/\/guidaimpianti.com\/wp-content\/uploads\/2018\/10\/165A4877.jpg\u00a0\u00bb image=\u00a0\u00bbid^755|url^http:\/\/guidaimpianti.com\/wp-content\/uploads\/2018\/10\/165A4877.jpg|caption^null|alt^null|title^165A4877|description^null\u00a0\u00bb][\/vc_column_inner][\/vc_row_inner][\/vc_column][vc_column width=\u00a0\u00bb1\/6&Prime;][\/vc_column][\/vc_row]\" \/>\n<meta property=\"og:url\" content=\"https:\/\/guidaimpianti.com\/fr\/ctl\/\" \/>\n<meta property=\"og:site_name\" content=\"Guida Engeneering\" \/>\n<meta property=\"article:modified_time\" content=\"2018-12-05T09:52:20+00:00\" \/>\n<meta name=\"twitter:card\" content=\"summary_large_image\" \/>\n<meta name=\"twitter:label1\" content=\"Dur\u00e9e de lecture estim\u00e9e\" \/>\n\t<meta name=\"twitter:data1\" content=\"4 minutes\" \/>\n<script type=\"application\/ld+json\" class=\"yoast-schema-graph\">{\"@context\":\"https:\\\/\\\/schema.org\",\"@graph\":[{\"@type\":\"WebPage\",\"@id\":\"https:\\\/\\\/guidaimpianti.com\\\/fr\\\/ctl\\\/\",\"url\":\"https:\\\/\\\/guidaimpianti.com\\\/fr\\\/ctl\\\/\",\"name\":\"CTL | Guida Engeneering\",\"isPartOf\":{\"@id\":\"https:\\\/\\\/guidaimpianti.com\\\/#website\"},\"datePublished\":\"2018-10-09T14:32:09+00:00\",\"dateModified\":\"2018-12-05T09:52:20+00:00\",\"breadcrumb\":{\"@id\":\"https:\\\/\\\/guidaimpianti.com\\\/fr\\\/ctl\\\/#breadcrumb\"},\"inLanguage\":\"fr-FR\",\"potentialAction\":[{\"@type\":\"ReadAction\",\"target\":[\"https:\\\/\\\/guidaimpianti.com\\\/fr\\\/ctl\\\/\"]}]},{\"@type\":\"BreadcrumbList\",\"@id\":\"https:\\\/\\\/guidaimpianti.com\\\/fr\\\/ctl\\\/#breadcrumb\",\"itemListElement\":[{\"@type\":\"ListItem\",\"position\":1,\"name\":\"Home\",\"item\":\"https:\\\/\\\/guidaimpianti.com\\\/fr\\\/\"},{\"@type\":\"ListItem\",\"position\":2,\"name\":\"CTL\"}]},{\"@type\":\"WebSite\",\"@id\":\"https:\\\/\\\/guidaimpianti.com\\\/#website\",\"url\":\"https:\\\/\\\/guidaimpianti.com\\\/\",\"name\":\"Guida Engeneering\",\"description\":\"\",\"potentialAction\":[{\"@type\":\"SearchAction\",\"target\":{\"@type\":\"EntryPoint\",\"urlTemplate\":\"https:\\\/\\\/guidaimpianti.com\\\/?s={search_term_string}\"},\"query-input\":{\"@type\":\"PropertyValueSpecification\",\"valueRequired\":true,\"valueName\":\"search_term_string\"}}],\"inLanguage\":\"fr-FR\"}]}<\/script>\n<!-- \/ Yoast SEO plugin. -->","yoast_head_json":{"title":"CTL | Guida Engeneering","robots":{"index":"index","follow":"follow","max-snippet":"max-snippet:-1","max-image-preview":"max-image-preview:large","max-video-preview":"max-video-preview:-1"},"canonical":"https:\/\/guidaimpianti.com\/fr\/ctl\/","og_locale":"fr_FR","og_type":"article","og_title":"CTL | Guida Engeneering","og_description":"[vc_row full_width=\u00a0\u00bbstretch_row_content\u00a0\u00bb css=\u00a0\u00bb.vc_custom_1543998867160{background-image: url(http:\/\/guidaimpianti.com\/wp-content\/uploads\/2018\/12\/Foto-Sfondo-CTL.jpg?id=1374) !important;background-position: center !important;background-repeat: no-repeat !important;background-size: cover !important;}\u00a0\u00bb][vc_column][\/vc_column][\/vc_row][vc_row full_width=\u00a0\u00bbstretch_row_content\u00a0\u00bb content_placement=\u00a0\u00bbmiddle\u00a0\u00bb css=\u00a0\u00bb.vc_custom_1539782301515{margin-top: -20px !important;background-position: center !important;background-repeat: no-repeat !important;background-size: cover !important;}\u00a0\u00bb][vc_column width=\u00a0\u00bb1\/6&Prime;][\/vc_column][vc_column width=\u00a0\u00bb2\/3&Prime;][vc_row_inner][vc_column_inner width=\u00a0\u00bb1\/2&Prime;][vc_single_image img_size=\u00a0\u00bbfull\u00a0\u00bb alignment=\u00a0\u00bbcenter\u00a0\u00bb onclick=\u00a0\u00bbcustom_link\u00a0\u00bb link=\u00a0\u00bbhttp:\/\/guidaimpianti.com\/wp-content\/uploads\/2018\/10\/165A4865.jpg\u00a0\u00bb image=\u00a0\u00bbid^750|url^http:\/\/guidaimpianti.com\/wp-content\/uploads\/2018\/10\/165A4865.jpg|caption^null|alt^null|title^165A4865|description^null\u00a0\u00bb][\/vc_column_inner][vc_column_inner width=\u00a0\u00bb1\/2&Prime;][vc_single_image img_size=\u00a0\u00bbfull\u00a0\u00bb alignment=\u00a0\u00bbcenter\u00a0\u00bb onclick=\u00a0\u00bbcustom_link\u00a0\u00bb link=\u00a0\u00bbhttp:\/\/guidaimpianti.com\/wp-content\/uploads\/2018\/10\/CTL-sottile.jpg\u00a0\u00bb image=\u00a0\u00bbid^776|url^http:\/\/guidaimpianti.com\/wp-content\/uploads\/2018\/10\/CTL-sottile.jpg|caption^null|alt^null|title^CTL&#8212;sottile|description^null\u00a0\u00bb][\/vc_column_inner][\/vc_row_inner][vc_row_inner][vc_column_inner width=\u00a0\u00bb1\/2&Prime;][vc_single_image img_size=\u00a0\u00bbfull\u00a0\u00bb alignment=\u00a0\u00bbcenter\u00a0\u00bb onclick=\u00a0\u00bbcustom_link\u00a0\u00bb link=\u00a0\u00bbhttp:\/\/guidaimpianti.com\/wp-content\/uploads\/2018\/10\/CTL-linea-8-mm-2.jpg\u00a0\u00bb image=\u00a0\u00bbid^771|url^http:\/\/guidaimpianti.com\/wp-content\/uploads\/2018\/10\/CTL-linea-8-mm-2.jpg|caption^null|alt^null|title^CTL&#8212;linea-8-mm-2|description^null\u00a0\u00bb][\/vc_column_inner][vc_column_inner width=\u00a0\u00bb1\/2&Prime;][vc_single_image img_size=\u00a0\u00bbfull\u00a0\u00bb alignment=\u00a0\u00bbcenter\u00a0\u00bb onclick=\u00a0\u00bbcustom_link\u00a0\u00bb link=\u00a0\u00bbhttp:\/\/guidaimpianti.com\/wp-content\/uploads\/2018\/10\/165A4877.jpg\u00a0\u00bb image=\u00a0\u00bbid^755|url^http:\/\/guidaimpianti.com\/wp-content\/uploads\/2018\/10\/165A4877.jpg|caption^null|alt^null|title^165A4877|description^null\u00a0\u00bb][\/vc_column_inner][\/vc_row_inner][\/vc_column][vc_column width=\u00a0\u00bb1\/6&Prime;][\/vc_column][\/vc_row]","og_url":"https:\/\/guidaimpianti.com\/fr\/ctl\/","og_site_name":"Guida Engeneering","article_modified_time":"2018-12-05T09:52:20+00:00","twitter_card":"summary_large_image","twitter_misc":{"Dur\u00e9e de lecture estim\u00e9e":"4 minutes"},"schema":{"@context":"https:\/\/schema.org","@graph":[{"@type":"WebPage","@id":"https:\/\/guidaimpianti.com\/fr\/ctl\/","url":"https:\/\/guidaimpianti.com\/fr\/ctl\/","name":"CTL | Guida Engeneering","isPartOf":{"@id":"https:\/\/guidaimpianti.com\/#website"},"datePublished":"2018-10-09T14:32:09+00:00","dateModified":"2018-12-05T09:52:20+00:00","breadcrumb":{"@id":"https:\/\/guidaimpianti.com\/fr\/ctl\/#breadcrumb"},"inLanguage":"fr-FR","potentialAction":[{"@type":"ReadAction","target":["https:\/\/guidaimpianti.com\/fr\/ctl\/"]}]},{"@type":"BreadcrumbList","@id":"https:\/\/guidaimpianti.com\/fr\/ctl\/#breadcrumb","itemListElement":[{"@type":"ListItem","position":1,"name":"Home","item":"https:\/\/guidaimpianti.com\/fr\/"},{"@type":"ListItem","position":2,"name":"CTL"}]},{"@type":"WebSite","@id":"https:\/\/guidaimpianti.com\/#website","url":"https:\/\/guidaimpianti.com\/","name":"Guida Engeneering","description":"","potentialAction":[{"@type":"SearchAction","target":{"@type":"EntryPoint","urlTemplate":"https:\/\/guidaimpianti.com\/?s={search_term_string}"},"query-input":{"@type":"PropertyValueSpecification","valueRequired":true,"valueName":"search_term_string"}}],"inLanguage":"fr-FR"}]}},"_links":{"self":[{"href":"https:\/\/guidaimpianti.com\/fr\/wp-json\/wp\/v2\/pages\/974","targetHints":{"allow":["GET"]}}],"collection":[{"href":"https:\/\/guidaimpianti.com\/fr\/wp-json\/wp\/v2\/pages"}],"about":[{"href":"https:\/\/guidaimpianti.com\/fr\/wp-json\/wp\/v2\/types\/page"}],"author":[{"embeddable":true,"href":"https:\/\/guidaimpianti.com\/fr\/wp-json\/wp\/v2\/users\/3"}],"replies":[{"embeddable":true,"href":"https:\/\/guidaimpianti.com\/fr\/wp-json\/wp\/v2\/comments?post=974"}],"version-history":[{"count":5,"href":"https:\/\/guidaimpianti.com\/fr\/wp-json\/wp\/v2\/pages\/974\/revisions"}],"predecessor-version":[{"id":1531,"href":"https:\/\/guidaimpianti.com\/fr\/wp-json\/wp\/v2\/pages\/974\/revisions\/1531"}],"wp:attachment":[{"href":"https:\/\/guidaimpianti.com\/fr\/wp-json\/wp\/v2\/media?parent=974"}],"curies":[{"name":"wp","href":"https:\/\/api.w.org\/{rel}","templated":true}]}}