{"id":975,"date":"2018-10-09T16:32:43","date_gmt":"2018-10-09T14:32:43","guid":{"rendered":"https:\/\/www.guidaimpianti.eu\/flat-bar\/"},"modified":"2018-10-18T18:11:52","modified_gmt":"2018-10-18T16:11:52","slug":"flat-bar","status":"publish","type":"page","link":"https:\/\/guidaimpianti.com\/fr\/flat-bar\/","title":{"rendered":"Flat bar"},"content":{"rendered":"<p>[vc_row full_width=\u00a0\u00bbstretch_row_content\u00a0\u00bb css=\u00a0\u00bb.vc_custom_1539855816304{background-image: url(http:\/\/guidaimpianti.com\/wp-content\/uploads\/2018\/10\/prodotti_Flat-Bar-linea-8-mm-1_VERDEXPAGINA.jpg?id=525) !important;background-position: center !important;background-repeat: no-repeat !important;background-size: cover !important;}\u00a0\u00bb][vc_column]<div class=\"ult-spacer spacer-69ea6164e1c58\" data-id=\"69ea6164e1c58\" data-height=\"280\" data-height-mobile=\"145\" data-height-tab=\"\" data-height-tab-portrait=\"\" data-height-mobile-landscape=\"145\" style=\"clear:both;display:block;\"><\/div><div id=\"ultimate-heading-263569ea6164e1d15\" class=\"uvc-heading ult-adjust-bottom-margin ultimate-heading-263569ea6164e1d15 uvc-255 \" data-hspacer=\"no_spacer\"  data-halign=\"center\" style=\"text-align:center\"><div class=\"uvc-heading-spacer no_spacer\" style=\"top\"><\/div><div class=\"uvc-main-heading ult-responsive\"  data-ultimate-target='.uvc-heading.ultimate-heading-263569ea6164e1d15 h2'  data-responsive-json-new='{\"font-size\":\"desktop:30px;\",\"line-height\":\"\"}' ><h2 style=\"font-family:&#039;Lato&#039;;font-weight:700;color:#ffffff;\">FLAT BAR<\/h2><\/div><\/div><div class=\"ult-spacer spacer-69ea6164e1d9b\" data-id=\"69ea6164e1d9b\" data-height=\"155\" data-height-mobile=\"105\" data-height-tab=\"\" data-height-tab-portrait=\"\" data-height-mobile-landscape=\"105\" style=\"clear:both;display:block;\"><\/div>[\/vc_column][\/vc_row][vc_row full_width=\u00a0\u00bbstretch_row_content\u00a0\u00bb css=\u00a0\u00bb.vc_custom_1539782313435{margin-top: -20px !important;}\u00a0\u00bb][vc_column width=\u00a0\u00bb1\/6&Prime;][\/vc_column][vc_column width=\u00a0\u00bb2\/3&Prime;]<div class=\"ult-spacer spacer-69ea6164e1dd6\" data-id=\"69ea6164e1dd6\" data-height=\"40\" data-height-mobile=\"0\" data-height-tab=\"\" data-height-tab-portrait=\"\" data-height-mobile-landscape=\"0\" style=\"clear:both;display:block;\"><\/div><div id=\"ultimate-heading-771269ea6164e1e23\" class=\"uvc-heading ult-adjust-bottom-margin ultimate-heading-771269ea6164e1e23 uvc-5030 testo-giustificato\" data-hspacer=\"no_spacer\"  data-halign=\"center\" style=\"text-align:center\"><div class=\"uvc-heading-spacer no_spacer\" style=\"top\"><\/div><div class=\"uvc-sub-heading ult-responsive\"  data-ultimate-target='.uvc-heading.ultimate-heading-771269ea6164e1e23 .uvc-sub-heading '  data-responsive-json-new='{\"font-size\":\"desktop:18px;\",\"line-height\":\"\"}'  style=\"font-family:&#039;Lato&#039;;font-weight:300;\"><strong>Production de profil\u00e9s et de barres \u00e0 partir de bobines en diff\u00e9rents types de m\u00e9taux, avec d\u00e9roulement, redressement, aplanissement, bordage des profils, coupe transversale en longueur, empilement des barres produites en continu.<\/strong><\/p>\n<p><em><strong><span style=\"color: #008b43;\">Mat\u00e9riaux:<\/span><\/strong><\/em> tous types d&rsquo;acier et applications sp\u00e9cifiques en acier inoxydable<\/p>\n<p><span style=\"color: #008b43;\"><em><strong>Epaisseur<\/strong><\/em><\/span> jusqu&rsquo;\u00e0 16 mm<\/p>\n<p><em><strong><span style=\"color: #008b43;\">Chargement multiple<\/span><\/strong><\/em> des bobines \u00e0 traiter<\/p>\n<p><span style=\"color: #008b43;\"><em><strong>Correction<\/strong><\/em><\/span> de courbure en continu<\/p>\n<p><em><strong><span style=\"color: #008b43;\">Niveau d\u2019aplanissement<\/span> <\/strong><\/em>en fonction de la duret\u00e9 du mat\u00e9riau<\/p>\n<p><span style=\"color: #008b43;\"><em><strong>Possibilit\u00e9 de frotter les bords<\/strong><\/em><\/span> des barres m\u00eame avec des formes d\u00e9di\u00e9es<\/p>\n<p><span style=\"color: #008b43;\"><em><strong>Empilement<\/strong><\/em><\/span> de barres de diff\u00e9rentes longueurs<\/p>\n<p><span style=\"color: #008b43;\"><em><strong>Diff\u00e9rents degr\u00e9s<\/strong><\/em><\/span> d&rsquo;automatisation<\/div><\/div><div class=\"ult-spacer spacer-69ea6164e1e7e\" data-id=\"69ea6164e1e7e\" data-height=\"20\" data-height-mobile=\"20\" data-height-tab=\"20\" data-height-tab-portrait=\"\" data-height-mobile-landscape=\"\" style=\"clear:both;display:block;\"><\/div>[vc_row_inner][vc_column_inner width=\u00a0\u00bb1\/2&Prime;][vc_single_image img_size=\u00a0\u00bbfull\u00a0\u00bb alignment=\u00a0\u00bbcenter\u00a0\u00bb onclick=\u00a0\u00bbcustom_link\u00a0\u00bb link=\u00a0\u00bbhttp:\/\/guidaimpianti.com\/wp-content\/uploads\/2018\/10\/Flat-Bar-linea-8-mm-1.jpg\u00a0\u00bb image=\u00a0\u00bbid^720|url^http:\/\/guidaimpianti.com\/wp-content\/uploads\/2018\/10\/Flat-Bar-linea-8-mm-1.jpg|caption^null|alt^null|title^Flat-Bar&#8212;linea-8-mm-1|description^null\u00a0\u00bb][\/vc_column_inner][vc_column_inner width=\u00a0\u00bb1\/2&Prime;][vc_single_image img_size=\u00a0\u00bbfull\u00a0\u00bb alignment=\u00a0\u00bbcenter\u00a0\u00bb onclick=\u00a0\u00bbcustom_link\u00a0\u00bb link=\u00a0\u00bbhttp:\/\/guidaimpianti.com\/wp-content\/uploads\/2018\/10\/Flat-Bar-linea-8-mm-3-1.jpg\u00a0\u00bb image=\u00a0\u00bbid^744|url^http:\/\/guidaimpianti.com\/wp-content\/uploads\/2018\/10\/Flat-Bar-linea-8-mm-3-1.jpg|caption^null|alt^null|title^Flat-Bar&#8212;linea-8-mm-3|description^null\u00a0\u00bb][\/vc_column_inner][\/vc_row_inner][vc_row_inner][vc_column_inner][vc_single_image img_size=\u00a0\u00bbfull\u00a0\u00bb alignment=\u00a0\u00bbcenter\u00a0\u00bb onclick=\u00a0\u00bbcustom_link\u00a0\u00bb link=\u00a0\u00bbhttp:\/\/guidaimpianti.com\/wp-content\/uploads\/2018\/10\/Flat-Bar-linea-8-mm-2.jpg\u00a0\u00bb image=\u00a0\u00bbid^715|url^http:\/\/guidaimpianti.com\/wp-content\/uploads\/2018\/10\/Flat-Bar-linea-8-mm-2.jpg|caption^null|alt^null|title^Flat-Bar&#8212;linea-8-mm-2|description^null\u00a0\u00bb][\/vc_column_inner][\/vc_row_inner]<div class=\"ult-spacer spacer-69ea6164e1eb0\" data-id=\"69ea6164e1eb0\" data-height=\"40\" data-height-mobile=\"0\" data-height-tab=\"\" data-height-tab-portrait=\"\" data-height-mobile-landscape=\"0\" style=\"clear:both;display:block;\"><\/div>[\/vc_column][vc_column width=\u00a0\u00bb1\/6&Prime;][\/vc_column][\/vc_row]<\/p>\n","protected":false},"excerpt":{"rendered":"<p>[vc_row full_width=\u00a0\u00bbstretch_row_content\u00a0\u00bb css=\u00a0\u00bb.vc_custom_1539855816304{background-image: url(http:\/\/guidaimpianti.com\/wp-content\/uploads\/2018\/10\/prodotti_Flat-Bar-linea-8-mm-1_VERDEXPAGINA.jpg?id=525) !important;background-position: center !important;background-repeat: no-repeat !important;background-size: cover !important;}\u00a0\u00bb][vc_column][\/vc_column][\/vc_row][vc_row full_width=\u00a0\u00bbstretch_row_content\u00a0\u00bb css=\u00a0\u00bb.vc_custom_1539782313435{margin-top: -20px !important;}\u00a0\u00bb][vc_column width=\u00a0\u00bb1\/6&Prime;][\/vc_column][vc_column width=\u00a0\u00bb2\/3&Prime;][vc_row_inner][vc_column_inner width=\u00a0\u00bb1\/2&Prime;][vc_single_image img_size=\u00a0\u00bbfull\u00a0\u00bb alignment=\u00a0\u00bbcenter\u00a0\u00bb onclick=\u00a0\u00bbcustom_link\u00a0\u00bb link=\u00a0\u00bbhttp:\/\/guidaimpianti.com\/wp-content\/uploads\/2018\/10\/Flat-Bar-linea-8-mm-1.jpg\u00a0\u00bb image=\u00a0\u00bbid^720|url^http:\/\/guidaimpianti.com\/wp-content\/uploads\/2018\/10\/Flat-Bar-linea-8-mm-1.jpg|caption^null|alt^null|title^Flat-Bar&#8212;linea-8-mm-1|description^null\u00a0\u00bb][\/vc_column_inner][vc_column_inner width=\u00a0\u00bb1\/2&Prime;][vc_single_image img_size=\u00a0\u00bbfull\u00a0\u00bb alignment=\u00a0\u00bbcenter\u00a0\u00bb onclick=\u00a0\u00bbcustom_link\u00a0\u00bb link=\u00a0\u00bbhttp:\/\/guidaimpianti.com\/wp-content\/uploads\/2018\/10\/Flat-Bar-linea-8-mm-3-1.jpg\u00a0\u00bb image=\u00a0\u00bbid^744|url^http:\/\/guidaimpianti.com\/wp-content\/uploads\/2018\/10\/Flat-Bar-linea-8-mm-3-1.jpg|caption^null|alt^null|title^Flat-Bar&#8212;linea-8-mm-3|description^null\u00a0\u00bb][\/vc_column_inner][\/vc_row_inner][vc_row_inner][vc_column_inner][vc_single_image img_size=\u00a0\u00bbfull\u00a0\u00bb alignment=\u00a0\u00bbcenter\u00a0\u00bb onclick=\u00a0\u00bbcustom_link\u00a0\u00bb link=\u00a0\u00bbhttp:\/\/guidaimpianti.com\/wp-content\/uploads\/2018\/10\/Flat-Bar-linea-8-mm-2.jpg\u00a0\u00bb image=\u00a0\u00bbid^715|url^http:\/\/guidaimpianti.com\/wp-content\/uploads\/2018\/10\/Flat-Bar-linea-8-mm-2.jpg|caption^null|alt^null|title^Flat-Bar&#8212;linea-8-mm-2|description^null\u00a0\u00bb][\/vc_column_inner][\/vc_row_inner][\/vc_column][vc_column width=\u00a0\u00bb1\/6&Prime;][\/vc_column][\/vc_row]<\/p>\n","protected":false},"author":3,"featured_media":0,"parent":0,"menu_order":40,"comment_status":"closed","ping_status":"closed","template":"","meta":{"footnotes":""},"class_list":["post-975","page","type-page","status-publish","hentry"],"yoast_head":"<!-- This site is optimized with the Yoast SEO plugin v27.4 - https:\/\/yoast.com\/product\/yoast-seo-wordpress\/ -->\n<title>Flat bar | Guida Engeneering<\/title>\n<meta name=\"robots\" content=\"index, follow, max-snippet:-1, max-image-preview:large, max-video-preview:-1\" \/>\n<link rel=\"canonical\" href=\"https:\/\/guidaimpianti.com\/fr\/flat-bar\/\" \/>\n<meta property=\"og:locale\" content=\"fr_FR\" \/>\n<meta property=\"og:type\" content=\"article\" \/>\n<meta property=\"og:title\" content=\"Flat bar | Guida Engeneering\" \/>\n<meta property=\"og:description\" content=\"[vc_row full_width=\u00a0\u00bbstretch_row_content\u00a0\u00bb css=\u00a0\u00bb.vc_custom_1539855816304{background-image: url(http:\/\/guidaimpianti.com\/wp-content\/uploads\/2018\/10\/prodotti_Flat-Bar-linea-8-mm-1_VERDEXPAGINA.jpg?id=525) !important;background-position: center !important;background-repeat: no-repeat !important;background-size: cover !important;}\u00a0\u00bb][vc_column][\/vc_column][\/vc_row][vc_row full_width=\u00a0\u00bbstretch_row_content\u00a0\u00bb css=\u00a0\u00bb.vc_custom_1539782313435{margin-top: -20px !important;}\u00a0\u00bb][vc_column width=\u00a0\u00bb1\/6&Prime;][\/vc_column][vc_column width=\u00a0\u00bb2\/3&Prime;][vc_row_inner][vc_column_inner width=\u00a0\u00bb1\/2&Prime;][vc_single_image img_size=\u00a0\u00bbfull\u00a0\u00bb alignment=\u00a0\u00bbcenter\u00a0\u00bb onclick=\u00a0\u00bbcustom_link\u00a0\u00bb link=\u00a0\u00bbhttp:\/\/guidaimpianti.com\/wp-content\/uploads\/2018\/10\/Flat-Bar-linea-8-mm-1.jpg\u00a0\u00bb image=\u00a0\u00bbid^720|url^http:\/\/guidaimpianti.com\/wp-content\/uploads\/2018\/10\/Flat-Bar-linea-8-mm-1.jpg|caption^null|alt^null|title^Flat-Bar&#8212;linea-8-mm-1|description^null\u00a0\u00bb][\/vc_column_inner][vc_column_inner width=\u00a0\u00bb1\/2&Prime;][vc_single_image img_size=\u00a0\u00bbfull\u00a0\u00bb alignment=\u00a0\u00bbcenter\u00a0\u00bb onclick=\u00a0\u00bbcustom_link\u00a0\u00bb link=\u00a0\u00bbhttp:\/\/guidaimpianti.com\/wp-content\/uploads\/2018\/10\/Flat-Bar-linea-8-mm-3-1.jpg\u00a0\u00bb image=\u00a0\u00bbid^744|url^http:\/\/guidaimpianti.com\/wp-content\/uploads\/2018\/10\/Flat-Bar-linea-8-mm-3-1.jpg|caption^null|alt^null|title^Flat-Bar&#8212;linea-8-mm-3|description^null\u00a0\u00bb][\/vc_column_inner][\/vc_row_inner][vc_row_inner][vc_column_inner][vc_single_image img_size=\u00a0\u00bbfull\u00a0\u00bb alignment=\u00a0\u00bbcenter\u00a0\u00bb onclick=\u00a0\u00bbcustom_link\u00a0\u00bb link=\u00a0\u00bbhttp:\/\/guidaimpianti.com\/wp-content\/uploads\/2018\/10\/Flat-Bar-linea-8-mm-2.jpg\u00a0\u00bb image=\u00a0\u00bbid^715|url^http:\/\/guidaimpianti.com\/wp-content\/uploads\/2018\/10\/Flat-Bar-linea-8-mm-2.jpg|caption^null|alt^null|title^Flat-Bar&#8212;linea-8-mm-2|description^null\u00a0\u00bb][\/vc_column_inner][\/vc_row_inner][\/vc_column][vc_column width=\u00a0\u00bb1\/6&Prime;][\/vc_column][\/vc_row]\" \/>\n<meta property=\"og:url\" content=\"https:\/\/guidaimpianti.com\/fr\/flat-bar\/\" \/>\n<meta property=\"og:site_name\" content=\"Guida Engeneering\" \/>\n<meta property=\"article:modified_time\" content=\"2018-10-18T16:11:52+00:00\" \/>\n<meta name=\"twitter:card\" content=\"summary_large_image\" \/>\n<meta name=\"twitter:label1\" content=\"Dur\u00e9e de lecture estim\u00e9e\" \/>\n\t<meta name=\"twitter:data1\" content=\"2 minutes\" \/>\n<script type=\"application\/ld+json\" class=\"yoast-schema-graph\">{\"@context\":\"https:\\\/\\\/schema.org\",\"@graph\":[{\"@type\":\"WebPage\",\"@id\":\"https:\\\/\\\/guidaimpianti.com\\\/fr\\\/flat-bar\\\/\",\"url\":\"https:\\\/\\\/guidaimpianti.com\\\/fr\\\/flat-bar\\\/\",\"name\":\"Flat bar | Guida Engeneering\",\"isPartOf\":{\"@id\":\"https:\\\/\\\/guidaimpianti.com\\\/#website\"},\"datePublished\":\"2018-10-09T14:32:43+00:00\",\"dateModified\":\"2018-10-18T16:11:52+00:00\",\"breadcrumb\":{\"@id\":\"https:\\\/\\\/guidaimpianti.com\\\/fr\\\/flat-bar\\\/#breadcrumb\"},\"inLanguage\":\"fr-FR\",\"potentialAction\":[{\"@type\":\"ReadAction\",\"target\":[\"https:\\\/\\\/guidaimpianti.com\\\/fr\\\/flat-bar\\\/\"]}]},{\"@type\":\"BreadcrumbList\",\"@id\":\"https:\\\/\\\/guidaimpianti.com\\\/fr\\\/flat-bar\\\/#breadcrumb\",\"itemListElement\":[{\"@type\":\"ListItem\",\"position\":1,\"name\":\"Home\",\"item\":\"https:\\\/\\\/guidaimpianti.com\\\/fr\\\/\"},{\"@type\":\"ListItem\",\"position\":2,\"name\":\"Flat bar\"}]},{\"@type\":\"WebSite\",\"@id\":\"https:\\\/\\\/guidaimpianti.com\\\/#website\",\"url\":\"https:\\\/\\\/guidaimpianti.com\\\/\",\"name\":\"Guida Engeneering\",\"description\":\"\",\"potentialAction\":[{\"@type\":\"SearchAction\",\"target\":{\"@type\":\"EntryPoint\",\"urlTemplate\":\"https:\\\/\\\/guidaimpianti.com\\\/?s={search_term_string}\"},\"query-input\":{\"@type\":\"PropertyValueSpecification\",\"valueRequired\":true,\"valueName\":\"search_term_string\"}}],\"inLanguage\":\"fr-FR\"}]}<\/script>\n<!-- \/ Yoast SEO plugin. -->","yoast_head_json":{"title":"Flat bar | Guida Engeneering","robots":{"index":"index","follow":"follow","max-snippet":"max-snippet:-1","max-image-preview":"max-image-preview:large","max-video-preview":"max-video-preview:-1"},"canonical":"https:\/\/guidaimpianti.com\/fr\/flat-bar\/","og_locale":"fr_FR","og_type":"article","og_title":"Flat bar | Guida Engeneering","og_description":"[vc_row full_width=\u00a0\u00bbstretch_row_content\u00a0\u00bb css=\u00a0\u00bb.vc_custom_1539855816304{background-image: url(http:\/\/guidaimpianti.com\/wp-content\/uploads\/2018\/10\/prodotti_Flat-Bar-linea-8-mm-1_VERDEXPAGINA.jpg?id=525) !important;background-position: center !important;background-repeat: no-repeat !important;background-size: cover !important;}\u00a0\u00bb][vc_column][\/vc_column][\/vc_row][vc_row full_width=\u00a0\u00bbstretch_row_content\u00a0\u00bb css=\u00a0\u00bb.vc_custom_1539782313435{margin-top: -20px !important;}\u00a0\u00bb][vc_column width=\u00a0\u00bb1\/6&Prime;][\/vc_column][vc_column width=\u00a0\u00bb2\/3&Prime;][vc_row_inner][vc_column_inner width=\u00a0\u00bb1\/2&Prime;][vc_single_image img_size=\u00a0\u00bbfull\u00a0\u00bb alignment=\u00a0\u00bbcenter\u00a0\u00bb onclick=\u00a0\u00bbcustom_link\u00a0\u00bb link=\u00a0\u00bbhttp:\/\/guidaimpianti.com\/wp-content\/uploads\/2018\/10\/Flat-Bar-linea-8-mm-1.jpg\u00a0\u00bb image=\u00a0\u00bbid^720|url^http:\/\/guidaimpianti.com\/wp-content\/uploads\/2018\/10\/Flat-Bar-linea-8-mm-1.jpg|caption^null|alt^null|title^Flat-Bar&#8212;linea-8-mm-1|description^null\u00a0\u00bb][\/vc_column_inner][vc_column_inner width=\u00a0\u00bb1\/2&Prime;][vc_single_image img_size=\u00a0\u00bbfull\u00a0\u00bb alignment=\u00a0\u00bbcenter\u00a0\u00bb onclick=\u00a0\u00bbcustom_link\u00a0\u00bb link=\u00a0\u00bbhttp:\/\/guidaimpianti.com\/wp-content\/uploads\/2018\/10\/Flat-Bar-linea-8-mm-3-1.jpg\u00a0\u00bb image=\u00a0\u00bbid^744|url^http:\/\/guidaimpianti.com\/wp-content\/uploads\/2018\/10\/Flat-Bar-linea-8-mm-3-1.jpg|caption^null|alt^null|title^Flat-Bar&#8212;linea-8-mm-3|description^null\u00a0\u00bb][\/vc_column_inner][\/vc_row_inner][vc_row_inner][vc_column_inner][vc_single_image img_size=\u00a0\u00bbfull\u00a0\u00bb alignment=\u00a0\u00bbcenter\u00a0\u00bb onclick=\u00a0\u00bbcustom_link\u00a0\u00bb link=\u00a0\u00bbhttp:\/\/guidaimpianti.com\/wp-content\/uploads\/2018\/10\/Flat-Bar-linea-8-mm-2.jpg\u00a0\u00bb image=\u00a0\u00bbid^715|url^http:\/\/guidaimpianti.com\/wp-content\/uploads\/2018\/10\/Flat-Bar-linea-8-mm-2.jpg|caption^null|alt^null|title^Flat-Bar&#8212;linea-8-mm-2|description^null\u00a0\u00bb][\/vc_column_inner][\/vc_row_inner][\/vc_column][vc_column width=\u00a0\u00bb1\/6&Prime;][\/vc_column][\/vc_row]","og_url":"https:\/\/guidaimpianti.com\/fr\/flat-bar\/","og_site_name":"Guida Engeneering","article_modified_time":"2018-10-18T16:11:52+00:00","twitter_card":"summary_large_image","twitter_misc":{"Dur\u00e9e de lecture estim\u00e9e":"2 minutes"},"schema":{"@context":"https:\/\/schema.org","@graph":[{"@type":"WebPage","@id":"https:\/\/guidaimpianti.com\/fr\/flat-bar\/","url":"https:\/\/guidaimpianti.com\/fr\/flat-bar\/","name":"Flat bar | Guida Engeneering","isPartOf":{"@id":"https:\/\/guidaimpianti.com\/#website"},"datePublished":"2018-10-09T14:32:43+00:00","dateModified":"2018-10-18T16:11:52+00:00","breadcrumb":{"@id":"https:\/\/guidaimpianti.com\/fr\/flat-bar\/#breadcrumb"},"inLanguage":"fr-FR","potentialAction":[{"@type":"ReadAction","target":["https:\/\/guidaimpianti.com\/fr\/flat-bar\/"]}]},{"@type":"BreadcrumbList","@id":"https:\/\/guidaimpianti.com\/fr\/flat-bar\/#breadcrumb","itemListElement":[{"@type":"ListItem","position":1,"name":"Home","item":"https:\/\/guidaimpianti.com\/fr\/"},{"@type":"ListItem","position":2,"name":"Flat bar"}]},{"@type":"WebSite","@id":"https:\/\/guidaimpianti.com\/#website","url":"https:\/\/guidaimpianti.com\/","name":"Guida Engeneering","description":"","potentialAction":[{"@type":"SearchAction","target":{"@type":"EntryPoint","urlTemplate":"https:\/\/guidaimpianti.com\/?s={search_term_string}"},"query-input":{"@type":"PropertyValueSpecification","valueRequired":true,"valueName":"search_term_string"}}],"inLanguage":"fr-FR"}]}},"_links":{"self":[{"href":"https:\/\/guidaimpianti.com\/fr\/wp-json\/wp\/v2\/pages\/975","targetHints":{"allow":["GET"]}}],"collection":[{"href":"https:\/\/guidaimpianti.com\/fr\/wp-json\/wp\/v2\/pages"}],"about":[{"href":"https:\/\/guidaimpianti.com\/fr\/wp-json\/wp\/v2\/types\/page"}],"author":[{"embeddable":true,"href":"https:\/\/guidaimpianti.com\/fr\/wp-json\/wp\/v2\/users\/3"}],"replies":[{"embeddable":true,"href":"https:\/\/guidaimpianti.com\/fr\/wp-json\/wp\/v2\/comments?post=975"}],"version-history":[{"count":1,"href":"https:\/\/guidaimpianti.com\/fr\/wp-json\/wp\/v2\/pages\/975\/revisions"}],"predecessor-version":[{"id":1005,"href":"https:\/\/guidaimpianti.com\/fr\/wp-json\/wp\/v2\/pages\/975\/revisions\/1005"}],"wp:attachment":[{"href":"https:\/\/guidaimpianti.com\/fr\/wp-json\/wp\/v2\/media?parent=975"}],"curies":[{"name":"wp","href":"https:\/\/api.w.org\/{rel}","templated":true}]}}