{"id":976,"date":"2018-10-09T16:32:58","date_gmt":"2018-10-09T14:32:58","guid":{"rendered":"https:\/\/www.guidaimpianti.eu\/altre-applicazioni\/"},"modified":"2018-12-06T09:28:45","modified_gmt":"2018-12-06T08:28:45","slug":"altre-applicazioni","status":"publish","type":"page","link":"https:\/\/guidaimpianti.com\/fr\/altre-applicazioni\/","title":{"rendered":"Autres Applications"},"content":{"rendered":"<p>[vc_row full_width=\u00a0\u00bbstretch_row_content\u00a0\u00bb css=\u00a0\u00bb.vc_custom_1543998695342{background-image: url(http:\/\/guidaimpianti.com\/wp-content\/uploads\/2018\/12\/Foto-Sfondo-Altre-Applicazioni.jpg?id=1402) !important;background-position: center !important;background-repeat: no-repeat !important;background-size: cover !important;}\u00a0\u00bb][vc_column]<div class=\"ult-spacer spacer-69ea1696ca64f\" data-id=\"69ea1696ca64f\" data-height=\"280\" data-height-mobile=\"145\" data-height-tab=\"\" data-height-tab-portrait=\"\" data-height-mobile-landscape=\"145\" style=\"clear:both;display:block;\"><\/div><div id=\"ultimate-heading-619169ea1696ca6c4\" class=\"uvc-heading ult-adjust-bottom-margin ultimate-heading-619169ea1696ca6c4 uvc-4154 \" data-hspacer=\"no_spacer\"  data-halign=\"center\" style=\"text-align:center\"><div class=\"uvc-heading-spacer no_spacer\" style=\"top\"><\/div><div class=\"uvc-main-heading ult-responsive\"  data-ultimate-target='.uvc-heading.ultimate-heading-619169ea1696ca6c4 h2'  data-responsive-json-new='{\"font-size\":\"desktop:30px;\",\"line-height\":\"\"}' ><h2 style=\"font-family:&#039;Lato&#039;;font-weight:700;color:#ffffff;\">AUTRE APPLICATIONS<\/h2><\/div><\/div><div class=\"ult-spacer spacer-69ea1696ca723\" data-id=\"69ea1696ca723\" data-height=\"155\" data-height-mobile=\"105\" data-height-tab=\"\" data-height-tab-portrait=\"\" data-height-mobile-landscape=\"105\" style=\"clear:both;display:block;\"><\/div>[\/vc_column][\/vc_row][vc_row full_width=\u00a0\u00bbstretch_row_content\u00a0\u00bb content_placement=\u00a0\u00bbmiddle\u00a0\u00bb css=\u00a0\u00bb.vc_custom_1539782321538{margin-top: -20px !important;background-position: center !important;background-repeat: no-repeat !important;background-size: cover !important;}\u00a0\u00bb][vc_column width=\u00a0\u00bb1\/6&Prime;][\/vc_column][vc_column width=\u00a0\u00bb2\/3&Prime;]<div class=\"ult-spacer spacer-69ea1696ca77f\" data-id=\"69ea1696ca77f\" data-height=\"40\" data-height-mobile=\"0\" data-height-tab=\"\" data-height-tab-portrait=\"\" data-height-mobile-landscape=\"0\" style=\"clear:both;display:block;\"><\/div><div id=\"ultimate-heading-648469ea1696ca7e7\" class=\"uvc-heading ult-adjust-bottom-margin ultimate-heading-648469ea1696ca7e7 uvc-5198 testo-giustificato\" data-hspacer=\"no_spacer\"  data-halign=\"center\" style=\"text-align:center\"><div class=\"uvc-heading-spacer no_spacer\" style=\"top\"><\/div><div class=\"uvc-sub-heading ult-responsive\"  data-ultimate-target='.uvc-heading.ultimate-heading-648469ea1696ca7e7 .uvc-sub-heading '  data-responsive-json-new='{\"font-size\":\"desktop:18px;\",\"line-height\":\"\"}'  style=\"font-family:&#039;Lato&#039;;font-weight:300;\"><strong>Lignes d\u2019emballage pour sous-bobines<\/strong> enti\u00e8rement automatis\u00e9es en aval des lignes de d\u00e9coupage \u00e0 basculement, syst\u00e8mes d&rsquo;automatisation pour le cerclage radial et circonf\u00e9rentiel, empilage avec des syst\u00e8mes automatiques de positionnement des serrures en bois.<\/p>\n<p><strong>Syst\u00e8mes de manutention des bobines<\/strong> \u00e0 l&rsquo;int\u00e9rieur de l&rsquo;usine pour la gestion de la logistique entrante et sortante des lignes de processus.<\/p>\n<p><strong>Syst\u00e8mes de pr\u00e9paration de bobines<\/strong> pour l&rsquo;\u00e9limination du maintien et du pr\u00e9formage avant les lignes de traitement<\/p>\n<p><strong>Zones d&rsquo;entr\u00e9e et de sortie<\/strong> de d\u00e9capage et de lignes de tubes.<\/p>\n<p><strong>Syst\u00e8mes d\u2019enroulement<\/strong>, d&rsquo;inspection et de rognage des bobines.<\/p>\n<p><strong>R\u00e9am\u00e9nagement et mise \u00e0 jour des installations existantes<\/strong>, adaptation aux r\u00e9glementations de s\u00e9curit\u00e9, solutions pour augmenter la capacit\u00e9 de production par l&rsquo;am\u00e9lioration et \/ ou le remplacement des dispositifs d&rsquo;automatisation.<\/div><\/div><div class=\"ult-spacer spacer-69ea1696ca84a\" data-id=\"69ea1696ca84a\" data-height=\"20\" data-height-mobile=\"20\" data-height-tab=\"20\" data-height-tab-portrait=\"\" data-height-mobile-landscape=\"\" style=\"clear:both;display:block;\"><\/div>[vc_row_inner][vc_column_inner width=\u00a0\u00bb1\/2&Prime;][vc_single_image img_size=\u00a0\u00bbfull\u00a0\u00bb alignment=\u00a0\u00bbcenter\u00a0\u00bb onclick=\u00a0\u00bbcustom_link\u00a0\u00bb link=\u00a0\u00bbhttp:\/\/guidaimpianti.com\/wp-content\/uploads\/2018\/10\/165A4740.jpg\u00a0\u00bb image=\u00a0\u00bbid^797|url^http:\/\/guidaimpianti.com\/wp-content\/uploads\/2018\/10\/165A4740.jpg|caption^null|alt^null|title^165A4740|description^null\u00a0\u00bb][\/vc_column_inner][vc_column_inner width=\u00a0\u00bb1\/2&Prime;][vc_single_image img_size=\u00a0\u00bbfull\u00a0\u00bb alignment=\u00a0\u00bbcenter\u00a0\u00bb onclick=\u00a0\u00bbcustom_link\u00a0\u00bb link=\u00a0\u00bbhttp:\/\/guidaimpianti.com\/wp-content\/uploads\/2018\/12\/165A4786.jpg\u00a0\u00bb image=\u00a0\u00bbid^1471|url^http:\/\/guidaimpianti.com\/wp-content\/uploads\/2018\/12\/165A4786.jpg|caption^null|alt^null|title^165A4786|description^null\u00a0\u00bb][\/vc_column_inner][\/vc_row_inner][vc_row_inner][vc_column_inner width=\u00a0\u00bb1\/2&Prime;][vc_single_image img_size=\u00a0\u00bbfull\u00a0\u00bb alignment=\u00a0\u00bbcenter\u00a0\u00bb onclick=\u00a0\u00bbcustom_link\u00a0\u00bb link=\u00a0\u00bbhttp:\/\/guidaimpianti.com\/wp-content\/uploads\/2018\/10\/165A4868.jpg\u00a0\u00bb image=\u00a0\u00bbid^792|url^http:\/\/guidaimpianti.com\/wp-content\/uploads\/2018\/10\/165A4868.jpg|caption^null|alt^null|title^165A4868|description^null\u00a0\u00bb][\/vc_column_inner][vc_column_inner width=\u00a0\u00bb1\/2&Prime;][vc_single_image img_size=\u00a0\u00bbfull\u00a0\u00bb alignment=\u00a0\u00bbcenter\u00a0\u00bb onclick=\u00a0\u00bbcustom_link\u00a0\u00bb link=\u00a0\u00bbhttp:\/\/guidaimpianti.com\/wp-content\/uploads\/2018\/12\/165A4813.jpg\u00a0\u00bb image=\u00a0\u00bbid^1481|url^http:\/\/guidaimpianti.com\/wp-content\/uploads\/2018\/12\/165A4813.jpg|caption^null|alt^null|title^165A4813|description^null\u00a0\u00bb][\/vc_column_inner][\/vc_row_inner]<div class=\"ult-spacer spacer-69ea1696ca86d\" data-id=\"69ea1696ca86d\" data-height=\"40\" data-height-mobile=\"0\" data-height-tab=\"\" data-height-tab-portrait=\"\" data-height-mobile-landscape=\"0\" style=\"clear:both;display:block;\"><\/div>[\/vc_column][vc_column width=\u00a0\u00bb1\/6&Prime;][\/vc_column][\/vc_row]<\/p>\n","protected":false},"excerpt":{"rendered":"<p>[vc_row full_width=\u00a0\u00bbstretch_row_content\u00a0\u00bb css=\u00a0\u00bb.vc_custom_1543998695342{background-image: url(http:\/\/guidaimpianti.com\/wp-content\/uploads\/2018\/12\/Foto-Sfondo-Altre-Applicazioni.jpg?id=1402) !important;background-position: center !important;background-repeat: no-repeat !important;background-size: cover !important;}\u00a0\u00bb][vc_column][\/vc_column][\/vc_row][vc_row full_width=\u00a0\u00bbstretch_row_content\u00a0\u00bb content_placement=\u00a0\u00bbmiddle\u00a0\u00bb css=\u00a0\u00bb.vc_custom_1539782321538{margin-top: -20px !important;background-position: center !important;background-repeat: no-repeat !important;background-size: cover !important;}\u00a0\u00bb][vc_column width=\u00a0\u00bb1\/6&Prime;][\/vc_column][vc_column width=\u00a0\u00bb2\/3&Prime;][vc_row_inner][vc_column_inner width=\u00a0\u00bb1\/2&Prime;][vc_single_image img_size=\u00a0\u00bbfull\u00a0\u00bb alignment=\u00a0\u00bbcenter\u00a0\u00bb onclick=\u00a0\u00bbcustom_link\u00a0\u00bb link=\u00a0\u00bbhttp:\/\/guidaimpianti.com\/wp-content\/uploads\/2018\/10\/165A4740.jpg\u00a0\u00bb image=\u00a0\u00bbid^797|url^http:\/\/guidaimpianti.com\/wp-content\/uploads\/2018\/10\/165A4740.jpg|caption^null|alt^null|title^165A4740|description^null\u00a0\u00bb][\/vc_column_inner][vc_column_inner width=\u00a0\u00bb1\/2&Prime;][vc_single_image img_size=\u00a0\u00bbfull\u00a0\u00bb alignment=\u00a0\u00bbcenter\u00a0\u00bb onclick=\u00a0\u00bbcustom_link\u00a0\u00bb link=\u00a0\u00bbhttp:\/\/guidaimpianti.com\/wp-content\/uploads\/2018\/12\/165A4786.jpg\u00a0\u00bb image=\u00a0\u00bbid^1471|url^http:\/\/guidaimpianti.com\/wp-content\/uploads\/2018\/12\/165A4786.jpg|caption^null|alt^null|title^165A4786|description^null\u00a0\u00bb][\/vc_column_inner][\/vc_row_inner][vc_row_inner][vc_column_inner width=\u00a0\u00bb1\/2&Prime;][vc_single_image img_size=\u00a0\u00bbfull\u00a0\u00bb alignment=\u00a0\u00bbcenter\u00a0\u00bb onclick=\u00a0\u00bbcustom_link\u00a0\u00bb link=\u00a0\u00bbhttp:\/\/guidaimpianti.com\/wp-content\/uploads\/2018\/10\/165A4868.jpg\u00a0\u00bb image=\u00a0\u00bbid^792|url^http:\/\/guidaimpianti.com\/wp-content\/uploads\/2018\/10\/165A4868.jpg|caption^null|alt^null|title^165A4868|description^null\u00a0\u00bb][\/vc_column_inner][vc_column_inner width=\u00a0\u00bb1\/2&Prime;][vc_single_image img_size=\u00a0\u00bbfull\u00a0\u00bb alignment=\u00a0\u00bbcenter\u00a0\u00bb onclick=\u00a0\u00bbcustom_link\u00a0\u00bb link=\u00a0\u00bbhttp:\/\/guidaimpianti.com\/wp-content\/uploads\/2018\/12\/165A4813.jpg\u00a0\u00bb image=\u00a0\u00bbid^1481|url^http:\/\/guidaimpianti.com\/wp-content\/uploads\/2018\/12\/165A4813.jpg|caption^null|alt^null|title^165A4813|description^null\u00a0\u00bb][\/vc_column_inner][\/vc_row_inner][\/vc_column][vc_column width=\u00a0\u00bb1\/6&Prime;][\/vc_column][\/vc_row]<\/p>\n","protected":false},"author":3,"featured_media":0,"parent":0,"menu_order":60,"comment_status":"closed","ping_status":"closed","template":"","meta":{"footnotes":""},"class_list":["post-976","page","type-page","status-publish","hentry"],"yoast_head":"<!-- This site is optimized with the Yoast SEO plugin v27.4 - https:\/\/yoast.com\/product\/yoast-seo-wordpress\/ -->\n<title>Autres Applications | Guida Engeneering<\/title>\n<meta name=\"robots\" content=\"index, follow, max-snippet:-1, max-image-preview:large, max-video-preview:-1\" \/>\n<link rel=\"canonical\" href=\"https:\/\/guidaimpianti.com\/fr\/altre-applicazioni\/\" \/>\n<meta property=\"og:locale\" content=\"fr_FR\" \/>\n<meta property=\"og:type\" content=\"article\" \/>\n<meta property=\"og:title\" content=\"Autres Applications | Guida Engeneering\" \/>\n<meta property=\"og:description\" content=\"[vc_row full_width=\u00a0\u00bbstretch_row_content\u00a0\u00bb css=\u00a0\u00bb.vc_custom_1543998695342{background-image: url(http:\/\/guidaimpianti.com\/wp-content\/uploads\/2018\/12\/Foto-Sfondo-Altre-Applicazioni.jpg?id=1402) !important;background-position: center !important;background-repeat: no-repeat !important;background-size: cover !important;}\u00a0\u00bb][vc_column][\/vc_column][\/vc_row][vc_row full_width=\u00a0\u00bbstretch_row_content\u00a0\u00bb content_placement=\u00a0\u00bbmiddle\u00a0\u00bb css=\u00a0\u00bb.vc_custom_1539782321538{margin-top: -20px !important;background-position: center !important;background-repeat: no-repeat !important;background-size: cover !important;}\u00a0\u00bb][vc_column width=\u00a0\u00bb1\/6&Prime;][\/vc_column][vc_column width=\u00a0\u00bb2\/3&Prime;][vc_row_inner][vc_column_inner width=\u00a0\u00bb1\/2&Prime;][vc_single_image img_size=\u00a0\u00bbfull\u00a0\u00bb alignment=\u00a0\u00bbcenter\u00a0\u00bb onclick=\u00a0\u00bbcustom_link\u00a0\u00bb link=\u00a0\u00bbhttp:\/\/guidaimpianti.com\/wp-content\/uploads\/2018\/10\/165A4740.jpg\u00a0\u00bb image=\u00a0\u00bbid^797|url^http:\/\/guidaimpianti.com\/wp-content\/uploads\/2018\/10\/165A4740.jpg|caption^null|alt^null|title^165A4740|description^null\u00a0\u00bb][\/vc_column_inner][vc_column_inner width=\u00a0\u00bb1\/2&Prime;][vc_single_image img_size=\u00a0\u00bbfull\u00a0\u00bb alignment=\u00a0\u00bbcenter\u00a0\u00bb onclick=\u00a0\u00bbcustom_link\u00a0\u00bb link=\u00a0\u00bbhttp:\/\/guidaimpianti.com\/wp-content\/uploads\/2018\/12\/165A4786.jpg\u00a0\u00bb image=\u00a0\u00bbid^1471|url^http:\/\/guidaimpianti.com\/wp-content\/uploads\/2018\/12\/165A4786.jpg|caption^null|alt^null|title^165A4786|description^null\u00a0\u00bb][\/vc_column_inner][\/vc_row_inner][vc_row_inner][vc_column_inner width=\u00a0\u00bb1\/2&Prime;][vc_single_image img_size=\u00a0\u00bbfull\u00a0\u00bb alignment=\u00a0\u00bbcenter\u00a0\u00bb onclick=\u00a0\u00bbcustom_link\u00a0\u00bb link=\u00a0\u00bbhttp:\/\/guidaimpianti.com\/wp-content\/uploads\/2018\/10\/165A4868.jpg\u00a0\u00bb image=\u00a0\u00bbid^792|url^http:\/\/guidaimpianti.com\/wp-content\/uploads\/2018\/10\/165A4868.jpg|caption^null|alt^null|title^165A4868|description^null\u00a0\u00bb][\/vc_column_inner][vc_column_inner width=\u00a0\u00bb1\/2&Prime;][vc_single_image img_size=\u00a0\u00bbfull\u00a0\u00bb alignment=\u00a0\u00bbcenter\u00a0\u00bb onclick=\u00a0\u00bbcustom_link\u00a0\u00bb link=\u00a0\u00bbhttp:\/\/guidaimpianti.com\/wp-content\/uploads\/2018\/12\/165A4813.jpg\u00a0\u00bb image=\u00a0\u00bbid^1481|url^http:\/\/guidaimpianti.com\/wp-content\/uploads\/2018\/12\/165A4813.jpg|caption^null|alt^null|title^165A4813|description^null\u00a0\u00bb][\/vc_column_inner][\/vc_row_inner][\/vc_column][vc_column width=\u00a0\u00bb1\/6&Prime;][\/vc_column][\/vc_row]\" \/>\n<meta property=\"og:url\" content=\"https:\/\/guidaimpianti.com\/fr\/altre-applicazioni\/\" \/>\n<meta property=\"og:site_name\" content=\"Guida Engeneering\" \/>\n<meta property=\"article:modified_time\" content=\"2018-12-06T08:28:45+00:00\" \/>\n<meta name=\"twitter:card\" content=\"summary_large_image\" \/>\n<meta name=\"twitter:label1\" content=\"Dur\u00e9e de lecture estim\u00e9e\" \/>\n\t<meta name=\"twitter:data1\" content=\"3 minutes\" \/>\n<script type=\"application\/ld+json\" class=\"yoast-schema-graph\">{\"@context\":\"https:\\\/\\\/schema.org\",\"@graph\":[{\"@type\":\"WebPage\",\"@id\":\"https:\\\/\\\/guidaimpianti.com\\\/fr\\\/altre-applicazioni\\\/\",\"url\":\"https:\\\/\\\/guidaimpianti.com\\\/fr\\\/altre-applicazioni\\\/\",\"name\":\"Autres Applications | Guida Engeneering\",\"isPartOf\":{\"@id\":\"https:\\\/\\\/guidaimpianti.com\\\/#website\"},\"datePublished\":\"2018-10-09T14:32:58+00:00\",\"dateModified\":\"2018-12-06T08:28:45+00:00\",\"breadcrumb\":{\"@id\":\"https:\\\/\\\/guidaimpianti.com\\\/fr\\\/altre-applicazioni\\\/#breadcrumb\"},\"inLanguage\":\"fr-FR\",\"potentialAction\":[{\"@type\":\"ReadAction\",\"target\":[\"https:\\\/\\\/guidaimpianti.com\\\/fr\\\/altre-applicazioni\\\/\"]}]},{\"@type\":\"BreadcrumbList\",\"@id\":\"https:\\\/\\\/guidaimpianti.com\\\/fr\\\/altre-applicazioni\\\/#breadcrumb\",\"itemListElement\":[{\"@type\":\"ListItem\",\"position\":1,\"name\":\"Home\",\"item\":\"https:\\\/\\\/guidaimpianti.com\\\/fr\\\/\"},{\"@type\":\"ListItem\",\"position\":2,\"name\":\"Autres Applications\"}]},{\"@type\":\"WebSite\",\"@id\":\"https:\\\/\\\/guidaimpianti.com\\\/#website\",\"url\":\"https:\\\/\\\/guidaimpianti.com\\\/\",\"name\":\"Guida Engeneering\",\"description\":\"\",\"potentialAction\":[{\"@type\":\"SearchAction\",\"target\":{\"@type\":\"EntryPoint\",\"urlTemplate\":\"https:\\\/\\\/guidaimpianti.com\\\/?s={search_term_string}\"},\"query-input\":{\"@type\":\"PropertyValueSpecification\",\"valueRequired\":true,\"valueName\":\"search_term_string\"}}],\"inLanguage\":\"fr-FR\"}]}<\/script>\n<!-- \/ Yoast SEO plugin. -->","yoast_head_json":{"title":"Autres Applications | Guida Engeneering","robots":{"index":"index","follow":"follow","max-snippet":"max-snippet:-1","max-image-preview":"max-image-preview:large","max-video-preview":"max-video-preview:-1"},"canonical":"https:\/\/guidaimpianti.com\/fr\/altre-applicazioni\/","og_locale":"fr_FR","og_type":"article","og_title":"Autres Applications | Guida Engeneering","og_description":"[vc_row full_width=\u00a0\u00bbstretch_row_content\u00a0\u00bb css=\u00a0\u00bb.vc_custom_1543998695342{background-image: url(http:\/\/guidaimpianti.com\/wp-content\/uploads\/2018\/12\/Foto-Sfondo-Altre-Applicazioni.jpg?id=1402) !important;background-position: center !important;background-repeat: no-repeat !important;background-size: cover !important;}\u00a0\u00bb][vc_column][\/vc_column][\/vc_row][vc_row full_width=\u00a0\u00bbstretch_row_content\u00a0\u00bb content_placement=\u00a0\u00bbmiddle\u00a0\u00bb css=\u00a0\u00bb.vc_custom_1539782321538{margin-top: -20px !important;background-position: center !important;background-repeat: no-repeat !important;background-size: cover !important;}\u00a0\u00bb][vc_column width=\u00a0\u00bb1\/6&Prime;][\/vc_column][vc_column width=\u00a0\u00bb2\/3&Prime;][vc_row_inner][vc_column_inner width=\u00a0\u00bb1\/2&Prime;][vc_single_image img_size=\u00a0\u00bbfull\u00a0\u00bb alignment=\u00a0\u00bbcenter\u00a0\u00bb onclick=\u00a0\u00bbcustom_link\u00a0\u00bb link=\u00a0\u00bbhttp:\/\/guidaimpianti.com\/wp-content\/uploads\/2018\/10\/165A4740.jpg\u00a0\u00bb image=\u00a0\u00bbid^797|url^http:\/\/guidaimpianti.com\/wp-content\/uploads\/2018\/10\/165A4740.jpg|caption^null|alt^null|title^165A4740|description^null\u00a0\u00bb][\/vc_column_inner][vc_column_inner width=\u00a0\u00bb1\/2&Prime;][vc_single_image img_size=\u00a0\u00bbfull\u00a0\u00bb alignment=\u00a0\u00bbcenter\u00a0\u00bb onclick=\u00a0\u00bbcustom_link\u00a0\u00bb link=\u00a0\u00bbhttp:\/\/guidaimpianti.com\/wp-content\/uploads\/2018\/12\/165A4786.jpg\u00a0\u00bb image=\u00a0\u00bbid^1471|url^http:\/\/guidaimpianti.com\/wp-content\/uploads\/2018\/12\/165A4786.jpg|caption^null|alt^null|title^165A4786|description^null\u00a0\u00bb][\/vc_column_inner][\/vc_row_inner][vc_row_inner][vc_column_inner width=\u00a0\u00bb1\/2&Prime;][vc_single_image img_size=\u00a0\u00bbfull\u00a0\u00bb alignment=\u00a0\u00bbcenter\u00a0\u00bb onclick=\u00a0\u00bbcustom_link\u00a0\u00bb link=\u00a0\u00bbhttp:\/\/guidaimpianti.com\/wp-content\/uploads\/2018\/10\/165A4868.jpg\u00a0\u00bb image=\u00a0\u00bbid^792|url^http:\/\/guidaimpianti.com\/wp-content\/uploads\/2018\/10\/165A4868.jpg|caption^null|alt^null|title^165A4868|description^null\u00a0\u00bb][\/vc_column_inner][vc_column_inner width=\u00a0\u00bb1\/2&Prime;][vc_single_image img_size=\u00a0\u00bbfull\u00a0\u00bb alignment=\u00a0\u00bbcenter\u00a0\u00bb onclick=\u00a0\u00bbcustom_link\u00a0\u00bb link=\u00a0\u00bbhttp:\/\/guidaimpianti.com\/wp-content\/uploads\/2018\/12\/165A4813.jpg\u00a0\u00bb image=\u00a0\u00bbid^1481|url^http:\/\/guidaimpianti.com\/wp-content\/uploads\/2018\/12\/165A4813.jpg|caption^null|alt^null|title^165A4813|description^null\u00a0\u00bb][\/vc_column_inner][\/vc_row_inner][\/vc_column][vc_column width=\u00a0\u00bb1\/6&Prime;][\/vc_column][\/vc_row]","og_url":"https:\/\/guidaimpianti.com\/fr\/altre-applicazioni\/","og_site_name":"Guida Engeneering","article_modified_time":"2018-12-06T08:28:45+00:00","twitter_card":"summary_large_image","twitter_misc":{"Dur\u00e9e de lecture estim\u00e9e":"3 minutes"},"schema":{"@context":"https:\/\/schema.org","@graph":[{"@type":"WebPage","@id":"https:\/\/guidaimpianti.com\/fr\/altre-applicazioni\/","url":"https:\/\/guidaimpianti.com\/fr\/altre-applicazioni\/","name":"Autres Applications | Guida Engeneering","isPartOf":{"@id":"https:\/\/guidaimpianti.com\/#website"},"datePublished":"2018-10-09T14:32:58+00:00","dateModified":"2018-12-06T08:28:45+00:00","breadcrumb":{"@id":"https:\/\/guidaimpianti.com\/fr\/altre-applicazioni\/#breadcrumb"},"inLanguage":"fr-FR","potentialAction":[{"@type":"ReadAction","target":["https:\/\/guidaimpianti.com\/fr\/altre-applicazioni\/"]}]},{"@type":"BreadcrumbList","@id":"https:\/\/guidaimpianti.com\/fr\/altre-applicazioni\/#breadcrumb","itemListElement":[{"@type":"ListItem","position":1,"name":"Home","item":"https:\/\/guidaimpianti.com\/fr\/"},{"@type":"ListItem","position":2,"name":"Autres Applications"}]},{"@type":"WebSite","@id":"https:\/\/guidaimpianti.com\/#website","url":"https:\/\/guidaimpianti.com\/","name":"Guida Engeneering","description":"","potentialAction":[{"@type":"SearchAction","target":{"@type":"EntryPoint","urlTemplate":"https:\/\/guidaimpianti.com\/?s={search_term_string}"},"query-input":{"@type":"PropertyValueSpecification","valueRequired":true,"valueName":"search_term_string"}}],"inLanguage":"fr-FR"}]}},"_links":{"self":[{"href":"https:\/\/guidaimpianti.com\/fr\/wp-json\/wp\/v2\/pages\/976","targetHints":{"allow":["GET"]}}],"collection":[{"href":"https:\/\/guidaimpianti.com\/fr\/wp-json\/wp\/v2\/pages"}],"about":[{"href":"https:\/\/guidaimpianti.com\/fr\/wp-json\/wp\/v2\/types\/page"}],"author":[{"embeddable":true,"href":"https:\/\/guidaimpianti.com\/fr\/wp-json\/wp\/v2\/users\/3"}],"replies":[{"embeddable":true,"href":"https:\/\/guidaimpianti.com\/fr\/wp-json\/wp\/v2\/comments?post=976"}],"version-history":[{"count":5,"href":"https:\/\/guidaimpianti.com\/fr\/wp-json\/wp\/v2\/pages\/976\/revisions"}],"predecessor-version":[{"id":1536,"href":"https:\/\/guidaimpianti.com\/fr\/wp-json\/wp\/v2\/pages\/976\/revisions\/1536"}],"wp:attachment":[{"href":"https:\/\/guidaimpianti.com\/fr\/wp-json\/wp\/v2\/media?parent=976"}],"curies":[{"name":"wp","href":"https:\/\/api.w.org\/{rel}","templated":true}]}}