{"id":977,"date":"2018-10-09T16:17:48","date_gmt":"2018-10-09T14:17:48","guid":{"rendered":"https:\/\/www.guidaimpianti.eu\/servizi-e-ricondizionamento\/"},"modified":"2018-12-05T10:17:52","modified_gmt":"2018-12-05T09:17:52","slug":"service-apres-vente","status":"publish","type":"page","link":"https:\/\/guidaimpianti.com\/fr\/service-apres-vente\/","title":{"rendered":"Service apr\u00e8s-vente"},"content":{"rendered":"<p>[vc_row full_width=\u00a0\u00bbstretch_row_content\u00a0\u00bb content_placement=\u00a0\u00bbmiddle\u00a0\u00bb css=\u00a0\u00bb.vc_custom_1544000448914{background-image: url(http:\/\/guidaimpianti.com\/wp-content\/uploads\/2018\/12\/Foto-Sfondo-Servizi-e-Ricondizionamento-post-vendita.jpg?id=1429) !important;background-position: center !important;background-repeat: no-repeat !important;background-size: cover !important;}\u00a0\u00bb][vc_column]<div class=\"ult-spacer spacer-69ea1696c1ab4\" data-id=\"69ea1696c1ab4\" data-height=\"280\" data-height-mobile=\"145\" data-height-tab=\"\" data-height-tab-portrait=\"\" data-height-mobile-landscape=\"145\" style=\"clear:both;display:block;\"><\/div><div id=\"ultimate-heading-433369ea1696c1b2b\" class=\"uvc-heading ult-adjust-bottom-margin ultimate-heading-433369ea1696c1b2b uvc-4199 \" data-hspacer=\"no_spacer\"  data-halign=\"center\" style=\"text-align:center\"><div class=\"uvc-heading-spacer no_spacer\" style=\"top\"><\/div><div class=\"uvc-main-heading ult-responsive\"  data-ultimate-target='.uvc-heading.ultimate-heading-433369ea1696c1b2b h2'  data-responsive-json-new='{\"font-size\":\"desktop:30px;\",\"line-height\":\"\"}' ><h2 style=\"font-family:&#039;Lato&#039;;font-weight:700;color:#ffffff;\">SERVICE APR\u00c8S-VENTE<\/h2><\/div><\/div><div class=\"ult-spacer spacer-69ea1696c1b89\" data-id=\"69ea1696c1b89\" data-height=\"155\" data-height-mobile=\"105\" data-height-tab=\"\" data-height-tab-portrait=\"\" data-height-mobile-landscape=\"105\" style=\"clear:both;display:block;\"><\/div>[\/vc_column][\/vc_row][vc_row full_width=\u00a0\u00bbstretch_row_content\u00a0\u00bb css=\u00a0\u00bb.vc_custom_1539782370872{margin-top: -20px !important;background-position: center !important;background-repeat: no-repeat !important;background-size: cover !important;}\u00a0\u00bb][vc_column width=\u00a0\u00bb1\/6&Prime;][\/vc_column][vc_column width=\u00a0\u00bb2\/3&Prime;]<div class=\"ult-spacer spacer-69ea1696c1bb2\" data-id=\"69ea1696c1bb2\" data-height=\"40\" data-height-mobile=\"0\" data-height-tab=\"\" data-height-tab-portrait=\"\" data-height-mobile-landscape=\"0\" style=\"clear:both;display:block;\"><\/div><div id=\"ultimate-heading-359669ea1696c1be5\" class=\"uvc-heading ult-adjust-bottom-margin ultimate-heading-359669ea1696c1be5 uvc-1549 testo-giustificato\" data-hspacer=\"no_spacer\"  data-halign=\"center\" style=\"text-align:center\"><div class=\"uvc-heading-spacer no_spacer\" style=\"top\"><\/div><div class=\"uvc-sub-heading ult-responsive\"  data-ultimate-target='.uvc-heading.ultimate-heading-359669ea1696c1be5 .uvc-sub-heading '  data-responsive-json-new='{\"font-size\":\"desktop:18px;\",\"line-height\":\"\"}'  style=\"font-family:&#039;Lato&#039;;font-weight:300;color:#000000;\">Guida Impianti S.p.a offre <strong>une assistance et une maintenance professionnelle<\/strong> en accordant une grande attention aux besoins de nos clients.<\/p>\n<p>Nos techniciens poss\u00e8dent des d\u00e9cennies d&rsquo;exp\u00e9rience leur permettant d&rsquo;op\u00e9rer sur des machines multimarques, puisant dans un stock de d\u00e9tach\u00e9es optimis\u00e9es pour desservir les centres de service de l\u2019acier.<\/p>\n<p><strong>Le service apr\u00e8s-vente<\/strong> est propos\u00e9 \u00e0 la fois avec des solutions cibl\u00e9es et avec des contrats-cadres annuels, en accordant une attention particuli\u00e8re aux r\u00e8gles de s\u00e9curit\u00e9\u00a0parts optimized to serve service centres in the steel industry.<\/div><\/div><div class=\"ult-spacer spacer-69ea1696c1c1e\" data-id=\"69ea1696c1c1e\" data-height=\"20\" data-height-mobile=\"20\" data-height-tab=\"20\" data-height-tab-portrait=\"\" data-height-mobile-landscape=\"\" style=\"clear:both;display:block;\"><\/div><div class=\" ubtn-ctn-center \"><a class=\"ubtn-link ult-adjust-bottom-margin ubtn-center ubtn-normal \" href=\"mailto:info@guidaimpianti.com\" ><button type=\"button\" id=\"ubtn-9442\"  class=\"ubtn ult-adjust-bottom-margin ult-responsive ubtn-normal ubtn-no-hover-bg  none  ubtn-sep-icon ubtn-sep-icon-bottom-push  ubtn-center   tooltip-69ea1696c1c53\"  data-hover=\"\" data-border-color=\"\" data-bg=\"#198c50\" data-hover-bg=\"\" data-border-hover=\"\" data-shadow-hover=\"\" data-shadow-click=\"none\" data-shadow=\"\" data-shd-shadow=\"\"  data-ultimate-target='#ubtn-9442'  data-responsive-json-new='{\"font-size\":\"desktop:18px;\",\"line-height\":\"\"}'  style=\"font-family:&#039;Lato&#039;;font-weight:700;border:none;background: #198c50;color: #ffffff;\"><span class=\"ubtn-data ubtn-icon\"><i class=\"Defaults-envelope-o\" style=\"font-size:30px;color:;\"><\/i><\/span><span class=\"ubtn-hover\" style=\"background-color:\"><\/span><span class=\"ubtn-data ubtn-text \" >Contactez-nous<\/span><\/button><\/a><\/div><div class=\"ult-spacer spacer-69ea1696c1cb6\" data-id=\"69ea1696c1cb6\" data-height=\"40\" data-height-mobile=\"40\" data-height-tab=\"40\" data-height-tab-portrait=\"\" data-height-mobile-landscape=\"\" style=\"clear:both;display:block;\"><\/div>[vc_row_inner][vc_column_inner width=\u00a0\u00bb1\/3&Prime;][vc_single_image img_size=\u00a0\u00bbfull\u00a0\u00bb alignment=\u00a0\u00bbcenter\u00a0\u00bb onclick=\u00a0\u00bbcustom_link\u00a0\u00bb link=\u00a0\u00bbhttp:\/\/guidaimpianti.com\/wp-content\/uploads\/2018\/12\/Servizi-e-Ricon-post-vendita-1.jpg\u00a0\u00bb image=\u00a0\u00bbid^1449|url^http:\/\/guidaimpianti.com\/wp-content\/uploads\/2018\/12\/Servizi-e-Ricon-post-vendita-1.jpg|caption^null|alt^null|title^Servizi-e-Ricon-post-vendita-1|description^null\u00a0\u00bb][\/vc_column_inner][vc_column_inner width=\u00a0\u00bb1\/3&Prime;][vc_single_image img_size=\u00a0\u00bbfull\u00a0\u00bb alignment=\u00a0\u00bbcenter\u00a0\u00bb onclick=\u00a0\u00bbcustom_link\u00a0\u00bb link=\u00a0\u00bbhttp:\/\/guidaimpianti.com\/wp-content\/uploads\/2018\/10\/165A4710-1.jpg\u00a0\u00bb image=\u00a0\u00bbid^1051|url^http:\/\/guidaimpianti.com\/wp-content\/uploads\/2018\/10\/165A4710-1.jpg|caption^null|alt^null|title^165A4710|description^null\u00a0\u00bb][\/vc_column_inner][vc_column_inner width=\u00a0\u00bb1\/3&Prime;][vc_single_image img_size=\u00a0\u00bbfull\u00a0\u00bb alignment=\u00a0\u00bbcenter\u00a0\u00bb onclick=\u00a0\u00bbcustom_link\u00a0\u00bb link=\u00a0\u00bbhttp:\/\/guidaimpianti.com\/wp-content\/uploads\/2018\/10\/165A4735-2.jpg\u00a0\u00bb image=\u00a0\u00bbid^1040|url^http:\/\/guidaimpianti.com\/wp-content\/uploads\/2018\/10\/165A4735-2.jpg|caption^null|alt^null|title^165A4735|description^null\u00a0\u00bb][\/vc_column_inner][\/vc_row_inner][vc_row_inner][vc_column_inner width=\u00a0\u00bb1\/3&Prime;][vc_single_image img_size=\u00a0\u00bbfull\u00a0\u00bb alignment=\u00a0\u00bbcenter\u00a0\u00bb onclick=\u00a0\u00bbcustom_link\u00a0\u00bb link=\u00a0\u00bbhttp:\/\/guidaimpianti.com\/wp-content\/uploads\/2018\/10\/165A4780-1.jpg\u00a0\u00bb image=\u00a0\u00bbid^1071|url^http:\/\/guidaimpianti.com\/wp-content\/uploads\/2018\/10\/165A4780-1.jpg|caption^null|alt^null|title^165A4780|description^null\u00a0\u00bb][\/vc_column_inner][vc_column_inner width=\u00a0\u00bb1\/3&Prime;][vc_single_image img_size=\u00a0\u00bbfull\u00a0\u00bb alignment=\u00a0\u00bbcenter\u00a0\u00bb onclick=\u00a0\u00bbcustom_link\u00a0\u00bb link=\u00a0\u00bbhttp:\/\/guidaimpianti.com\/wp-content\/uploads\/2018\/10\/165A4731-1.jpg\u00a0\u00bb image=\u00a0\u00bbid^1061|url^http:\/\/guidaimpianti.com\/wp-content\/uploads\/2018\/10\/165A4731-1.jpg|caption^null|alt^null|title^165A4731|description^null\u00a0\u00bb][\/vc_column_inner][vc_column_inner width=\u00a0\u00bb1\/3&Prime;][vc_single_image img_size=\u00a0\u00bbfull\u00a0\u00bb alignment=\u00a0\u00bbcenter\u00a0\u00bb onclick=\u00a0\u00bbcustom_link\u00a0\u00bb link=\u00a0\u00bbhttp:\/\/guidaimpianti.com\/wp-content\/uploads\/2018\/12\/Servizi-e-Ricon-post-vendita-6.jpg\u00a0\u00bb image=\u00a0\u00bbid^1460|url^http:\/\/guidaimpianti.com\/wp-content\/uploads\/2018\/12\/Servizi-e-Ricon-post-vendita-6.jpg|caption^null|alt^null|title^Servizi-e-Ricon-post-vendita-6|description^null\u00a0\u00bb][\/vc_column_inner][\/vc_row_inner]<div class=\"ult-spacer spacer-69ea1696c1cd6\" data-id=\"69ea1696c1cd6\" data-height=\"40\" data-height-mobile=\"0\" data-height-tab=\"\" data-height-tab-portrait=\"\" data-height-mobile-landscape=\"0\" style=\"clear:both;display:block;\"><\/div>[\/vc_column][vc_column width=\u00a0\u00bb1\/6&Prime;][\/vc_column][\/vc_row]<\/p>\n","protected":false},"excerpt":{"rendered":"<p>[vc_row full_width=\u00a0\u00bbstretch_row_content\u00a0\u00bb content_placement=\u00a0\u00bbmiddle\u00a0\u00bb css=\u00a0\u00bb.vc_custom_1544000448914{background-image: url(http:\/\/guidaimpianti.com\/wp-content\/uploads\/2018\/12\/Foto-Sfondo-Servizi-e-Ricondizionamento-post-vendita.jpg?id=1429) !important;background-position: center !important;background-repeat: no-repeat !important;background-size: cover !important;}\u00a0\u00bb][vc_column][\/vc_column][\/vc_row][vc_row full_width=\u00a0\u00bbstretch_row_content\u00a0\u00bb css=\u00a0\u00bb.vc_custom_1539782370872{margin-top: -20px !important;background-position: center !important;background-repeat: no-repeat !important;background-size: cover !important;}\u00a0\u00bb][vc_column width=\u00a0\u00bb1\/6&Prime;][\/vc_column][vc_column width=\u00a0\u00bb2\/3&Prime;][vc_row_inner][vc_column_inner width=\u00a0\u00bb1\/3&Prime;][vc_single_image img_size=\u00a0\u00bbfull\u00a0\u00bb alignment=\u00a0\u00bbcenter\u00a0\u00bb onclick=\u00a0\u00bbcustom_link\u00a0\u00bb link=\u00a0\u00bbhttp:\/\/guidaimpianti.com\/wp-content\/uploads\/2018\/12\/Servizi-e-Ricon-post-vendita-1.jpg\u00a0\u00bb image=\u00a0\u00bbid^1449|url^http:\/\/guidaimpianti.com\/wp-content\/uploads\/2018\/12\/Servizi-e-Ricon-post-vendita-1.jpg|caption^null|alt^null|title^Servizi-e-Ricon-post-vendita-1|description^null\u00a0\u00bb][\/vc_column_inner][vc_column_inner width=\u00a0\u00bb1\/3&Prime;][vc_single_image img_size=\u00a0\u00bbfull\u00a0\u00bb alignment=\u00a0\u00bbcenter\u00a0\u00bb onclick=\u00a0\u00bbcustom_link\u00a0\u00bb link=\u00a0\u00bbhttp:\/\/guidaimpianti.com\/wp-content\/uploads\/2018\/10\/165A4710-1.jpg\u00a0\u00bb image=\u00a0\u00bbid^1051|url^http:\/\/guidaimpianti.com\/wp-content\/uploads\/2018\/10\/165A4710-1.jpg|caption^null|alt^null|title^165A4710|description^null\u00a0\u00bb][\/vc_column_inner][vc_column_inner width=\u00a0\u00bb1\/3&Prime;][vc_single_image img_size=\u00a0\u00bbfull\u00a0\u00bb alignment=\u00a0\u00bbcenter\u00a0\u00bb onclick=\u00a0\u00bbcustom_link\u00a0\u00bb link=\u00a0\u00bbhttp:\/\/guidaimpianti.com\/wp-content\/uploads\/2018\/10\/165A4735-2.jpg\u00a0\u00bb image=\u00a0\u00bbid^1040|url^http:\/\/guidaimpianti.com\/wp-content\/uploads\/2018\/10\/165A4735-2.jpg|caption^null|alt^null|title^165A4735|description^null\u00a0\u00bb][\/vc_column_inner][\/vc_row_inner][vc_row_inner][vc_column_inner width=\u00a0\u00bb1\/3&Prime;][vc_single_image img_size=\u00a0\u00bbfull\u00a0\u00bb alignment=\u00a0\u00bbcenter\u00a0\u00bb onclick=\u00a0\u00bbcustom_link\u00a0\u00bb link=\u00a0\u00bbhttp:\/\/guidaimpianti.com\/wp-content\/uploads\/2018\/10\/165A4780-1.jpg\u00a0\u00bb image=\u00a0\u00bbid^1071|url^http:\/\/guidaimpianti.com\/wp-content\/uploads\/2018\/10\/165A4780-1.jpg|caption^null|alt^null|title^165A4780|description^null\u00a0\u00bb][\/vc_column_inner][vc_column_inner width=\u00a0\u00bb1\/3&Prime;][vc_single_image img_size=\u00a0\u00bbfull\u00a0\u00bb alignment=\u00a0\u00bbcenter\u00a0\u00bb onclick=\u00a0\u00bbcustom_link\u00a0\u00bb link=\u00a0\u00bbhttp:\/\/guidaimpianti.com\/wp-content\/uploads\/2018\/10\/165A4731-1.jpg\u00a0\u00bb image=\u00a0\u00bbid^1061|url^http:\/\/guidaimpianti.com\/wp-content\/uploads\/2018\/10\/165A4731-1.jpg|caption^null|alt^null|title^165A4731|description^null\u00a0\u00bb][\/vc_column_inner][vc_column_inner width=\u00a0\u00bb1\/3&Prime;][vc_single_image img_size=\u00a0\u00bbfull\u00a0\u00bb alignment=\u00a0\u00bbcenter\u00a0\u00bb onclick=\u00a0\u00bbcustom_link\u00a0\u00bb link=\u00a0\u00bbhttp:\/\/guidaimpianti.com\/wp-content\/uploads\/2018\/12\/Servizi-e-Ricon-post-vendita-6.jpg\u00a0\u00bb image=\u00a0\u00bbid^1460|url^http:\/\/guidaimpianti.com\/wp-content\/uploads\/2018\/12\/Servizi-e-Ricon-post-vendita-6.jpg|caption^null|alt^null|title^Servizi-e-Ricon-post-vendita-6|description^null\u00a0\u00bb][\/vc_column_inner][\/vc_row_inner][\/vc_column][vc_column width=\u00a0\u00bb1\/6&Prime;][\/vc_column][\/vc_row]<\/p>\n","protected":false},"author":3,"featured_media":0,"parent":0,"menu_order":70,"comment_status":"closed","ping_status":"closed","template":"","meta":{"footnotes":""},"class_list":["post-977","page","type-page","status-publish","hentry"],"yoast_head":"<!-- This site is optimized with the Yoast SEO plugin v27.4 - https:\/\/yoast.com\/product\/yoast-seo-wordpress\/ -->\n<title>Service apr\u00e8s-vente | Guida Engeneering<\/title>\n<meta name=\"robots\" content=\"index, follow, max-snippet:-1, max-image-preview:large, max-video-preview:-1\" \/>\n<link rel=\"canonical\" href=\"https:\/\/guidaimpianti.com\/fr\/service-apres-vente\/\" \/>\n<meta property=\"og:locale\" content=\"fr_FR\" \/>\n<meta property=\"og:type\" content=\"article\" \/>\n<meta property=\"og:title\" content=\"Service apr\u00e8s-vente | Guida Engeneering\" \/>\n<meta property=\"og:description\" content=\"[vc_row full_width=\u00a0\u00bbstretch_row_content\u00a0\u00bb content_placement=\u00a0\u00bbmiddle\u00a0\u00bb css=\u00a0\u00bb.vc_custom_1544000448914{background-image: url(http:\/\/guidaimpianti.com\/wp-content\/uploads\/2018\/12\/Foto-Sfondo-Servizi-e-Ricondizionamento-post-vendita.jpg?id=1429) !important;background-position: center !important;background-repeat: no-repeat !important;background-size: cover !important;}\u00a0\u00bb][vc_column][\/vc_column][\/vc_row][vc_row full_width=\u00a0\u00bbstretch_row_content\u00a0\u00bb css=\u00a0\u00bb.vc_custom_1539782370872{margin-top: -20px !important;background-position: center !important;background-repeat: no-repeat !important;background-size: cover !important;}\u00a0\u00bb][vc_column width=\u00a0\u00bb1\/6&Prime;][\/vc_column][vc_column width=\u00a0\u00bb2\/3&Prime;][vc_row_inner][vc_column_inner width=\u00a0\u00bb1\/3&Prime;][vc_single_image img_size=\u00a0\u00bbfull\u00a0\u00bb alignment=\u00a0\u00bbcenter\u00a0\u00bb onclick=\u00a0\u00bbcustom_link\u00a0\u00bb link=\u00a0\u00bbhttp:\/\/guidaimpianti.com\/wp-content\/uploads\/2018\/12\/Servizi-e-Ricon-post-vendita-1.jpg\u00a0\u00bb image=\u00a0\u00bbid^1449|url^http:\/\/guidaimpianti.com\/wp-content\/uploads\/2018\/12\/Servizi-e-Ricon-post-vendita-1.jpg|caption^null|alt^null|title^Servizi-e-Ricon-post-vendita-1|description^null\u00a0\u00bb][\/vc_column_inner][vc_column_inner width=\u00a0\u00bb1\/3&Prime;][vc_single_image img_size=\u00a0\u00bbfull\u00a0\u00bb alignment=\u00a0\u00bbcenter\u00a0\u00bb onclick=\u00a0\u00bbcustom_link\u00a0\u00bb link=\u00a0\u00bbhttp:\/\/guidaimpianti.com\/wp-content\/uploads\/2018\/10\/165A4710-1.jpg\u00a0\u00bb image=\u00a0\u00bbid^1051|url^http:\/\/guidaimpianti.com\/wp-content\/uploads\/2018\/10\/165A4710-1.jpg|caption^null|alt^null|title^165A4710|description^null\u00a0\u00bb][\/vc_column_inner][vc_column_inner width=\u00a0\u00bb1\/3&Prime;][vc_single_image img_size=\u00a0\u00bbfull\u00a0\u00bb alignment=\u00a0\u00bbcenter\u00a0\u00bb onclick=\u00a0\u00bbcustom_link\u00a0\u00bb link=\u00a0\u00bbhttp:\/\/guidaimpianti.com\/wp-content\/uploads\/2018\/10\/165A4735-2.jpg\u00a0\u00bb image=\u00a0\u00bbid^1040|url^http:\/\/guidaimpianti.com\/wp-content\/uploads\/2018\/10\/165A4735-2.jpg|caption^null|alt^null|title^165A4735|description^null\u00a0\u00bb][\/vc_column_inner][\/vc_row_inner][vc_row_inner][vc_column_inner width=\u00a0\u00bb1\/3&Prime;][vc_single_image img_size=\u00a0\u00bbfull\u00a0\u00bb alignment=\u00a0\u00bbcenter\u00a0\u00bb onclick=\u00a0\u00bbcustom_link\u00a0\u00bb link=\u00a0\u00bbhttp:\/\/guidaimpianti.com\/wp-content\/uploads\/2018\/10\/165A4780-1.jpg\u00a0\u00bb image=\u00a0\u00bbid^1071|url^http:\/\/guidaimpianti.com\/wp-content\/uploads\/2018\/10\/165A4780-1.jpg|caption^null|alt^null|title^165A4780|description^null\u00a0\u00bb][\/vc_column_inner][vc_column_inner width=\u00a0\u00bb1\/3&Prime;][vc_single_image img_size=\u00a0\u00bbfull\u00a0\u00bb alignment=\u00a0\u00bbcenter\u00a0\u00bb onclick=\u00a0\u00bbcustom_link\u00a0\u00bb link=\u00a0\u00bbhttp:\/\/guidaimpianti.com\/wp-content\/uploads\/2018\/10\/165A4731-1.jpg\u00a0\u00bb image=\u00a0\u00bbid^1061|url^http:\/\/guidaimpianti.com\/wp-content\/uploads\/2018\/10\/165A4731-1.jpg|caption^null|alt^null|title^165A4731|description^null\u00a0\u00bb][\/vc_column_inner][vc_column_inner width=\u00a0\u00bb1\/3&Prime;][vc_single_image img_size=\u00a0\u00bbfull\u00a0\u00bb alignment=\u00a0\u00bbcenter\u00a0\u00bb onclick=\u00a0\u00bbcustom_link\u00a0\u00bb link=\u00a0\u00bbhttp:\/\/guidaimpianti.com\/wp-content\/uploads\/2018\/12\/Servizi-e-Ricon-post-vendita-6.jpg\u00a0\u00bb image=\u00a0\u00bbid^1460|url^http:\/\/guidaimpianti.com\/wp-content\/uploads\/2018\/12\/Servizi-e-Ricon-post-vendita-6.jpg|caption^null|alt^null|title^Servizi-e-Ricon-post-vendita-6|description^null\u00a0\u00bb][\/vc_column_inner][\/vc_row_inner][\/vc_column][vc_column width=\u00a0\u00bb1\/6&Prime;][\/vc_column][\/vc_row]\" \/>\n<meta property=\"og:url\" content=\"https:\/\/guidaimpianti.com\/fr\/service-apres-vente\/\" \/>\n<meta property=\"og:site_name\" content=\"Guida Engeneering\" \/>\n<meta property=\"article:modified_time\" content=\"2018-12-05T09:17:52+00:00\" \/>\n<meta name=\"twitter:card\" content=\"summary_large_image\" \/>\n<meta name=\"twitter:label1\" content=\"Dur\u00e9e de lecture estim\u00e9e\" \/>\n\t<meta name=\"twitter:data1\" content=\"3 minutes\" \/>\n<script type=\"application\/ld+json\" class=\"yoast-schema-graph\">{\"@context\":\"https:\\\/\\\/schema.org\",\"@graph\":[{\"@type\":\"WebPage\",\"@id\":\"https:\\\/\\\/guidaimpianti.com\\\/fr\\\/service-apres-vente\\\/\",\"url\":\"https:\\\/\\\/guidaimpianti.com\\\/fr\\\/service-apres-vente\\\/\",\"name\":\"Service apr\u00e8s-vente | Guida Engeneering\",\"isPartOf\":{\"@id\":\"https:\\\/\\\/guidaimpianti.com\\\/#website\"},\"datePublished\":\"2018-10-09T14:17:48+00:00\",\"dateModified\":\"2018-12-05T09:17:52+00:00\",\"breadcrumb\":{\"@id\":\"https:\\\/\\\/guidaimpianti.com\\\/fr\\\/service-apres-vente\\\/#breadcrumb\"},\"inLanguage\":\"fr-FR\",\"potentialAction\":[{\"@type\":\"ReadAction\",\"target\":[\"https:\\\/\\\/guidaimpianti.com\\\/fr\\\/service-apres-vente\\\/\"]}]},{\"@type\":\"BreadcrumbList\",\"@id\":\"https:\\\/\\\/guidaimpianti.com\\\/fr\\\/service-apres-vente\\\/#breadcrumb\",\"itemListElement\":[{\"@type\":\"ListItem\",\"position\":1,\"name\":\"Home\",\"item\":\"https:\\\/\\\/guidaimpianti.com\\\/fr\\\/\"},{\"@type\":\"ListItem\",\"position\":2,\"name\":\"Service apr\u00e8s-vente\"}]},{\"@type\":\"WebSite\",\"@id\":\"https:\\\/\\\/guidaimpianti.com\\\/#website\",\"url\":\"https:\\\/\\\/guidaimpianti.com\\\/\",\"name\":\"Guida Engeneering\",\"description\":\"\",\"potentialAction\":[{\"@type\":\"SearchAction\",\"target\":{\"@type\":\"EntryPoint\",\"urlTemplate\":\"https:\\\/\\\/guidaimpianti.com\\\/?s={search_term_string}\"},\"query-input\":{\"@type\":\"PropertyValueSpecification\",\"valueRequired\":true,\"valueName\":\"search_term_string\"}}],\"inLanguage\":\"fr-FR\"}]}<\/script>\n<!-- \/ Yoast SEO plugin. -->","yoast_head_json":{"title":"Service apr\u00e8s-vente | Guida Engeneering","robots":{"index":"index","follow":"follow","max-snippet":"max-snippet:-1","max-image-preview":"max-image-preview:large","max-video-preview":"max-video-preview:-1"},"canonical":"https:\/\/guidaimpianti.com\/fr\/service-apres-vente\/","og_locale":"fr_FR","og_type":"article","og_title":"Service apr\u00e8s-vente | Guida Engeneering","og_description":"[vc_row full_width=\u00a0\u00bbstretch_row_content\u00a0\u00bb content_placement=\u00a0\u00bbmiddle\u00a0\u00bb css=\u00a0\u00bb.vc_custom_1544000448914{background-image: url(http:\/\/guidaimpianti.com\/wp-content\/uploads\/2018\/12\/Foto-Sfondo-Servizi-e-Ricondizionamento-post-vendita.jpg?id=1429) !important;background-position: center !important;background-repeat: no-repeat !important;background-size: cover !important;}\u00a0\u00bb][vc_column][\/vc_column][\/vc_row][vc_row full_width=\u00a0\u00bbstretch_row_content\u00a0\u00bb css=\u00a0\u00bb.vc_custom_1539782370872{margin-top: -20px !important;background-position: center !important;background-repeat: no-repeat !important;background-size: cover !important;}\u00a0\u00bb][vc_column width=\u00a0\u00bb1\/6&Prime;][\/vc_column][vc_column width=\u00a0\u00bb2\/3&Prime;][vc_row_inner][vc_column_inner width=\u00a0\u00bb1\/3&Prime;][vc_single_image img_size=\u00a0\u00bbfull\u00a0\u00bb alignment=\u00a0\u00bbcenter\u00a0\u00bb onclick=\u00a0\u00bbcustom_link\u00a0\u00bb link=\u00a0\u00bbhttp:\/\/guidaimpianti.com\/wp-content\/uploads\/2018\/12\/Servizi-e-Ricon-post-vendita-1.jpg\u00a0\u00bb image=\u00a0\u00bbid^1449|url^http:\/\/guidaimpianti.com\/wp-content\/uploads\/2018\/12\/Servizi-e-Ricon-post-vendita-1.jpg|caption^null|alt^null|title^Servizi-e-Ricon-post-vendita-1|description^null\u00a0\u00bb][\/vc_column_inner][vc_column_inner width=\u00a0\u00bb1\/3&Prime;][vc_single_image img_size=\u00a0\u00bbfull\u00a0\u00bb alignment=\u00a0\u00bbcenter\u00a0\u00bb onclick=\u00a0\u00bbcustom_link\u00a0\u00bb link=\u00a0\u00bbhttp:\/\/guidaimpianti.com\/wp-content\/uploads\/2018\/10\/165A4710-1.jpg\u00a0\u00bb image=\u00a0\u00bbid^1051|url^http:\/\/guidaimpianti.com\/wp-content\/uploads\/2018\/10\/165A4710-1.jpg|caption^null|alt^null|title^165A4710|description^null\u00a0\u00bb][\/vc_column_inner][vc_column_inner width=\u00a0\u00bb1\/3&Prime;][vc_single_image img_size=\u00a0\u00bbfull\u00a0\u00bb alignment=\u00a0\u00bbcenter\u00a0\u00bb onclick=\u00a0\u00bbcustom_link\u00a0\u00bb link=\u00a0\u00bbhttp:\/\/guidaimpianti.com\/wp-content\/uploads\/2018\/10\/165A4735-2.jpg\u00a0\u00bb image=\u00a0\u00bbid^1040|url^http:\/\/guidaimpianti.com\/wp-content\/uploads\/2018\/10\/165A4735-2.jpg|caption^null|alt^null|title^165A4735|description^null\u00a0\u00bb][\/vc_column_inner][\/vc_row_inner][vc_row_inner][vc_column_inner width=\u00a0\u00bb1\/3&Prime;][vc_single_image img_size=\u00a0\u00bbfull\u00a0\u00bb alignment=\u00a0\u00bbcenter\u00a0\u00bb onclick=\u00a0\u00bbcustom_link\u00a0\u00bb link=\u00a0\u00bbhttp:\/\/guidaimpianti.com\/wp-content\/uploads\/2018\/10\/165A4780-1.jpg\u00a0\u00bb image=\u00a0\u00bbid^1071|url^http:\/\/guidaimpianti.com\/wp-content\/uploads\/2018\/10\/165A4780-1.jpg|caption^null|alt^null|title^165A4780|description^null\u00a0\u00bb][\/vc_column_inner][vc_column_inner width=\u00a0\u00bb1\/3&Prime;][vc_single_image img_size=\u00a0\u00bbfull\u00a0\u00bb alignment=\u00a0\u00bbcenter\u00a0\u00bb onclick=\u00a0\u00bbcustom_link\u00a0\u00bb link=\u00a0\u00bbhttp:\/\/guidaimpianti.com\/wp-content\/uploads\/2018\/10\/165A4731-1.jpg\u00a0\u00bb image=\u00a0\u00bbid^1061|url^http:\/\/guidaimpianti.com\/wp-content\/uploads\/2018\/10\/165A4731-1.jpg|caption^null|alt^null|title^165A4731|description^null\u00a0\u00bb][\/vc_column_inner][vc_column_inner width=\u00a0\u00bb1\/3&Prime;][vc_single_image img_size=\u00a0\u00bbfull\u00a0\u00bb alignment=\u00a0\u00bbcenter\u00a0\u00bb onclick=\u00a0\u00bbcustom_link\u00a0\u00bb link=\u00a0\u00bbhttp:\/\/guidaimpianti.com\/wp-content\/uploads\/2018\/12\/Servizi-e-Ricon-post-vendita-6.jpg\u00a0\u00bb image=\u00a0\u00bbid^1460|url^http:\/\/guidaimpianti.com\/wp-content\/uploads\/2018\/12\/Servizi-e-Ricon-post-vendita-6.jpg|caption^null|alt^null|title^Servizi-e-Ricon-post-vendita-6|description^null\u00a0\u00bb][\/vc_column_inner][\/vc_row_inner][\/vc_column][vc_column width=\u00a0\u00bb1\/6&Prime;][\/vc_column][\/vc_row]","og_url":"https:\/\/guidaimpianti.com\/fr\/service-apres-vente\/","og_site_name":"Guida Engeneering","article_modified_time":"2018-12-05T09:17:52+00:00","twitter_card":"summary_large_image","twitter_misc":{"Dur\u00e9e de lecture estim\u00e9e":"3 minutes"},"schema":{"@context":"https:\/\/schema.org","@graph":[{"@type":"WebPage","@id":"https:\/\/guidaimpianti.com\/fr\/service-apres-vente\/","url":"https:\/\/guidaimpianti.com\/fr\/service-apres-vente\/","name":"Service apr\u00e8s-vente | Guida Engeneering","isPartOf":{"@id":"https:\/\/guidaimpianti.com\/#website"},"datePublished":"2018-10-09T14:17:48+00:00","dateModified":"2018-12-05T09:17:52+00:00","breadcrumb":{"@id":"https:\/\/guidaimpianti.com\/fr\/service-apres-vente\/#breadcrumb"},"inLanguage":"fr-FR","potentialAction":[{"@type":"ReadAction","target":["https:\/\/guidaimpianti.com\/fr\/service-apres-vente\/"]}]},{"@type":"BreadcrumbList","@id":"https:\/\/guidaimpianti.com\/fr\/service-apres-vente\/#breadcrumb","itemListElement":[{"@type":"ListItem","position":1,"name":"Home","item":"https:\/\/guidaimpianti.com\/fr\/"},{"@type":"ListItem","position":2,"name":"Service apr\u00e8s-vente"}]},{"@type":"WebSite","@id":"https:\/\/guidaimpianti.com\/#website","url":"https:\/\/guidaimpianti.com\/","name":"Guida Engeneering","description":"","potentialAction":[{"@type":"SearchAction","target":{"@type":"EntryPoint","urlTemplate":"https:\/\/guidaimpianti.com\/?s={search_term_string}"},"query-input":{"@type":"PropertyValueSpecification","valueRequired":true,"valueName":"search_term_string"}}],"inLanguage":"fr-FR"}]}},"_links":{"self":[{"href":"https:\/\/guidaimpianti.com\/fr\/wp-json\/wp\/v2\/pages\/977","targetHints":{"allow":["GET"]}}],"collection":[{"href":"https:\/\/guidaimpianti.com\/fr\/wp-json\/wp\/v2\/pages"}],"about":[{"href":"https:\/\/guidaimpianti.com\/fr\/wp-json\/wp\/v2\/types\/page"}],"author":[{"embeddable":true,"href":"https:\/\/guidaimpianti.com\/fr\/wp-json\/wp\/v2\/users\/3"}],"replies":[{"embeddable":true,"href":"https:\/\/guidaimpianti.com\/fr\/wp-json\/wp\/v2\/comments?post=977"}],"version-history":[{"count":13,"href":"https:\/\/guidaimpianti.com\/fr\/wp-json\/wp\/v2\/pages\/977\/revisions"}],"predecessor-version":[{"id":1466,"href":"https:\/\/guidaimpianti.com\/fr\/wp-json\/wp\/v2\/pages\/977\/revisions\/1466"}],"wp:attachment":[{"href":"https:\/\/guidaimpianti.com\/fr\/wp-json\/wp\/v2\/media?parent=977"}],"curies":[{"name":"wp","href":"https:\/\/api.w.org\/{rel}","templated":true}]}}